{"id":828,"date":"2022-07-19T11:39:04","date_gmt":"2022-07-19T11:39:04","guid":{"rendered":"https:\/\/walexcamper.com\/?page_id=828"},"modified":"2022-07-26T14:31:56","modified_gmt":"2022-07-26T14:31:56","slug":"walex-products-co-inc","status":"publish","type":"page","link":"https:\/\/walexcamper.com\/de\/walex-products-co-inc\/","title":{"rendered":"Walex Products Co, Inc."},"content":{"rendered":"<p>[vc_row full_width=&#8221;stretch_row&#8221; css=&#8221;.vc_custom_1658844325507{background-image: url(https:\/\/walexcamper.com\/wp-content\/uploads\/2022\/07\/wave-walex.jpg?id=878) !important;background-position: 0 0 !important;background-repeat: no-repeat !important;}&#8221;][vc_column][vc_empty_space height=&#8221;150px&#8221;][vc_custom_heading text=&#8221;Ein Innovationsf\u00fchrer&#8221; font_container=&#8221;tag:h1|text_align:left|color:%23ffffff&#8221; use_theme_fonts=&#8221;yes&#8221;][vc_custom_heading text=&#8221;Unsere Erfolgsformel&#8221; font_container=&#8221;tag:h2|text_align:left|color:%23ffffff&#8221; use_theme_fonts=&#8221;yes&#8221;][\/vc_column][\/vc_row][vc_row][vc_column width=&#8221;1\/2&#8243;][vc_column_text]Walex hat mit unseren Performance-Produkten f\u00fcr Performance-Anforderungen einen enormen Einfluss ausge\u00fcbt.\u00a0Als wir anfingen, waren fl\u00fcssige Desodorierungsmittel die einzige Option f\u00fcr den Markt f\u00fcr tragbare Sanit\u00e4ranlagen.\u00a0Unsere Gr\u00fcnder sahen dies als Chance, etwas anderes zu machen \u2013 und sie taten es!<\/p>\n<p>Walex war das erste Unternehmen, das wasserl\u00f6sliche Desodorierungsmittel in Beuteln f\u00fcr tragbare Sanit\u00e4reinrichtungen und Wohnmobil- und Marinem\u00e4rkte entwickelte und die Art und Weise, wie Toiletten gewartet werden, f\u00fcr immer ver\u00e4ndert hat.\u00a0<em>\u201eEinfach reinfallen!\u201c\u00a0<\/em>ist der bekannte Slogan, der f\u00fcr die bew\u00e4hrte Bequemlichkeit und Benutzerfreundlichkeit unserer Produkte zur Portionskontrolle steht.<\/p>\n<p>Seit diesem bahnbrechenden Durchbruch hat sich Walex als f\u00fchrende Marke in allen von uns bedienten M\u00e4rkten etabliert und ist f\u00fcr seine erstklassigen Formulierungen und Produkte bekannt.\u00a0Im Laufe der Jahre haben wir viele Innovationen in unserer Branche vorangetrieben, darunter:<\/p>\n<ul>\n<li>Effektive abfall- und papierabbauende Enzyme f\u00fcr Abfallbehandlungssysteme<\/li>\n<li>Nicht f\u00e4rbende Farben f\u00fcr kommerzielle Anwendungen<\/li>\n<li>Nat\u00fcrliche Reiniger und Desodorierer auf Enzymbasis<\/li>\n<li>Fortschritte in der biologischen Fettverdauung<\/li>\n<li>Behandlung von wasserl\u00f6slichen Anteilen mit kontrolliertem Schwarzwasservorratsbeh\u00e4lter<\/li>\n<li>Behandlung von Grauwasserbeh\u00e4ltern mit schnell aufl\u00f6sender Tablette<\/li>\n<li>Einzigartige patentierte Urinalsiebe<\/li>\n<li>Formaldehydfreie Sanit\u00e4rdesodorierungsmittel mit verz\u00f6gerter Freisetzung (WAVE 2 Technology\u2122)<\/li>\n<li>Geruchsabsorbierende Luftbehandlungstechnologien<\/li>\n<\/ul>\n<p>[\/vc_column_text][\/vc_column][vc_column width=&#8221;1\/2&#8243;][vc_single_image image=&#8221;673&#8243; img_size=&#8221;full&#8221; alignment=&#8221;center&#8221;][\/vc_column][\/vc_row][vc_row][vc_column][vc_column_text]<\/p>\n<h4><strong><span class=\"\">Innovation durch Optionen<\/span><\/strong><\/h4>\n<p><span class=\"\">Das Bed\u00fcrfnis nach Auswahl und Vielfalt ist eine Konstante in allen Branchen auf der ganzen Welt.\u00a0<\/span>Durch die Entwicklung alternativer Optionen, von D\u00fcften bis hin zu Leistungsmerkmalen, sind wir besser in der Lage, Kundenbed\u00fcrfnissen gerecht zu werden und Produktlinien zu erweitern.\u00a0Walex bietet eine gro\u00dfe Auswahl an Produkten in schnell aufl\u00f6senden P\u00e4ckchen, l\u00f6ffelbaren Pulvern, schnell dispergierenden Tabletten und hochkonzentrierten Fl\u00fcssigkeiten.<\/p>\n<p>Walex engagiert sich auch voll und ganz f\u00fcr die Bereitstellung biologischer L\u00f6sungen f\u00fcr unsere bedienten M\u00e4rkte.\u00a0Wir haben investiert und investieren weiterhin Zeit und Ressourcen in die Entwicklung immer sichererer und umweltfreundlicherer Optionen.\u00a0Diese Produktangebote zeigen unsere starke Kundenorientierung und unser Engagement f\u00fcr ein hohes Ma\u00df an Kundenzufriedenheit.<\/p>\n<h4><strong>Forschung &amp; Entwicklung<\/strong><\/h4>\n<p>Forschung und Entwicklung spielen eine entscheidende Rolle bei der Innovation der Walex-Produktlinie.\u00a0Laufende Forschung und Entwicklung geben uns die M\u00f6glichkeit, unseren Kunden einen au\u00dfergew\u00f6hnlichen technischen Support und einen stetigen Strom neuer und innovativer Produkte zu bieten.<\/p>\n<p>Unser hauseigenes Forschungs- und Produktentwicklungslabor verf\u00fcgt \u00fcber mehr als 35 Jahre Erfahrung in der Entwicklung innovativer Produkte, Prozessverbesserungen und un\u00fcbertroffener Qualit\u00e4tskontrolle.\u00a0Walex ist nach ISO 9001 qualit\u00e4tszertifiziert.<\/p>\n<p>Unser modernes Werk mit modernster Produktionsausr\u00fcstung mit Hauptsitz in der bl\u00fchenden Hafenstadt Wilmington, North Carolina, garantiert den Kunden hervorragende Qualit\u00e4t zu absolut niedrigsten Kosten und bietet unseren Mitarbeitern gleichzeitig ein sicheres Arbeitsumfeld.\u00a0Wir produzieren und versenden Produkte in \u00fcber 50 L\u00e4nder auf der ganzen Welt.\u00a0Walex wurde mit dem Export Achievement Award des US-Handelsministeriums ausgezeichnet, der US-Unternehmen auszeichnet, die auf internationalen M\u00e4rkten Wettbewerbserfolge erzielen.[\/vc_column_text][\/vc_column][\/vc_row]<\/p>\n","protected":false},"excerpt":{"rendered":"<p>[vc_row full_width=&#8221;stretch_row&#8221; css=&#8221;.vc_custom_1658844325507{background-image: url(https:\/\/walexcamper.com\/wp-content\/uploads\/2022\/07\/wave-walex.jpg?id=878) !important;background-position: 0 0 !important;background-repeat: no-repeat !important;}&#8221;][vc_column][vc_empty_space height=&#8221;150px&#8221;][vc_custom_heading text=&#8221;Ein Innovationsf\u00fchrer&#8221; font_container=&#8221;tag:h1|text_align:left|color:%23ffffff&#8221; use_theme_fonts=&#8221;yes&#8221;][vc_custom_heading text=&#8221;Unsere Erfolgsformel&#8221; font_container=&#8221;tag:h2|text_align:left|color:%23ffffff&#8221; use_theme_fonts=&#8221;yes&#8221;][\/vc_column][\/vc_row][vc_row][vc_column width=&#8221;1\/2&#8243;][vc_column_text]Walex hat mit unseren Performance-Produkten f\u00fcr Performance-Anforderungen einen enormen Einfluss ausge\u00fcbt.\u00a0Als wir anfingen, waren fl\u00fcssige Desodorierungsmittel die einzige Option f\u00fcr den Markt f\u00fcr tragbare Sanit\u00e4ranlagen.\u00a0Unsere Gr\u00fcnder sahen dies als Chance, etwas anderes zu machen \u2013 und [&hellip;]<\/p>\n","protected":false},"author":1,"featured_media":0,"parent":0,"menu_order":0,"comment_status":"closed","ping_status":"closed","template":"","meta":{"footnotes":""},"class_list":["post-828","page","type-page","status-publish","hentry"],"yoast_head":"<!-- This site is optimized with the Yoast SEO plugin v24.7 - https:\/\/yoast.com\/wordpress\/plugins\/seo\/ -->\n<title>Walex Products Co, Inc. - walexcamper.com<\/title>\n<meta name=\"robots\" content=\"index, follow, max-snippet:-1, max-image-preview:large, max-video-preview:-1\" \/>\n<link rel=\"canonical\" href=\"https:\/\/walexcamper.com\/de\/walex-products-co-inc\/\" \/>\n<meta property=\"og:locale\" content=\"de_DE\" \/>\n<meta property=\"og:type\" content=\"article\" \/>\n<meta property=\"og:title\" content=\"Walex Products Co, Inc. - walexcamper.com\" \/>\n<meta property=\"og:description\" content=\"[vc_row full_width=&#8221;stretch_row&#8221; css=&#8221;.vc_custom_1658844325507{background-image: url(https:\/\/walexcamper.com\/wp-content\/uploads\/2022\/07\/wave-walex.jpg?id=878) !important;background-position: 0 0 !important;background-repeat: no-repeat !important;}&#8221;][vc_column][vc_empty_space height=&#8221;150px&#8221;][vc_custom_heading text=&#8221;Ein Innovationsf\u00fchrer&#8221; font_container=&#8221;tag:h1|text_align:left|color:%23ffffff&#8221; use_theme_fonts=&#8221;yes&#8221;][vc_custom_heading text=&#8221;Unsere Erfolgsformel&#8221; font_container=&#8221;tag:h2|text_align:left|color:%23ffffff&#8221; use_theme_fonts=&#8221;yes&#8221;][\/vc_column][\/vc_row][vc_row][vc_column width=&#8221;1\/2&#8243;][vc_column_text]Walex hat mit unseren Performance-Produkten f\u00fcr Performance-Anforderungen einen enormen Einfluss ausge\u00fcbt.\u00a0Als wir anfingen, waren fl\u00fcssige Desodorierungsmittel die einzige Option f\u00fcr den Markt f\u00fcr tragbare Sanit\u00e4ranlagen.\u00a0Unsere Gr\u00fcnder sahen dies als Chance, etwas anderes zu machen \u2013 und [&hellip;]\" \/>\n<meta property=\"og:url\" content=\"https:\/\/walexcamper.com\/de\/walex-products-co-inc\/\" \/>\n<meta property=\"og:site_name\" content=\"walexcamper.com\" \/>\n<meta property=\"article:modified_time\" content=\"2022-07-26T14:31:56+00:00\" \/>\n<meta name=\"twitter:card\" content=\"summary_large_image\" \/>\n<meta name=\"twitter:label1\" content=\"Gesch\u00e4tzte Lesezeit\" \/>\n\t<meta name=\"twitter:data1\" content=\"2\u00a0Minuten\" \/>\n<script type=\"application\/ld+json\" class=\"yoast-schema-graph\">{\"@context\":\"https:\/\/schema.org\",\"@graph\":[{\"@type\":\"WebPage\",\"@id\":\"https:\/\/walexcamper.com\/de\/walex-products-co-inc\/\",\"url\":\"https:\/\/walexcamper.com\/de\/walex-products-co-inc\/\",\"name\":\"Walex Products Co, Inc. - walexcamper.com\",\"isPartOf\":{\"@id\":\"https:\/\/walexcamper.com\/#website\"},\"datePublished\":\"2022-07-19T11:39:04+00:00\",\"dateModified\":\"2022-07-26T14:31:56+00:00\",\"breadcrumb\":{\"@id\":\"https:\/\/walexcamper.com\/de\/walex-products-co-inc\/#breadcrumb\"},\"inLanguage\":\"de\",\"potentialAction\":[{\"@type\":\"ReadAction\",\"target\":[\"https:\/\/walexcamper.com\/de\/walex-products-co-inc\/\"]}]},{\"@type\":\"BreadcrumbList\",\"@id\":\"https:\/\/walexcamper.com\/de\/walex-products-co-inc\/#breadcrumb\",\"itemListElement\":[{\"@type\":\"ListItem\",\"position\":1,\"name\":\"Home\",\"item\":\"https:\/\/walexcamper.com\/de\/\"},{\"@type\":\"ListItem\",\"position\":2,\"name\":\"Walex Products Co, Inc.\"}]},{\"@type\":\"WebSite\",\"@id\":\"https:\/\/walexcamper.com\/#website\",\"url\":\"https:\/\/walexcamper.com\/\",\"name\":\"walexcamper.com\",\"description\":\"Waste treatment and deodorants for campers\",\"publisher\":{\"@id\":\"https:\/\/walexcamper.com\/#organization\"},\"potentialAction\":[{\"@type\":\"SearchAction\",\"target\":{\"@type\":\"EntryPoint\",\"urlTemplate\":\"https:\/\/walexcamper.com\/?s={search_term_string}\"},\"query-input\":{\"@type\":\"PropertyValueSpecification\",\"valueRequired\":true,\"valueName\":\"search_term_string\"}}],\"inLanguage\":\"de\"},{\"@type\":\"Organization\",\"@id\":\"https:\/\/walexcamper.com\/#organization\",\"name\":\"WALEX Products Company Europe B.V.\",\"url\":\"https:\/\/walexcamper.com\/\",\"logo\":{\"@type\":\"ImageObject\",\"inLanguage\":\"de\",\"@id\":\"https:\/\/walexcamper.com\/#\/schema\/logo\/image\/\",\"url\":\"https:\/\/walexcamper.com\/wp-content\/uploads\/2022\/07\/flavicon.png\",\"contentUrl\":\"https:\/\/walexcamper.com\/wp-content\/uploads\/2022\/07\/flavicon.png\",\"width\":512,\"height\":512,\"caption\":\"WALEX Products Company Europe B.V.\"},\"image\":{\"@id\":\"https:\/\/walexcamper.com\/#\/schema\/logo\/image\/\"}}]}<\/script>\n<!-- \/ Yoast SEO plugin. -->","yoast_head_json":{"title":"Walex Products Co, Inc. - walexcamper.com","robots":{"index":"index","follow":"follow","max-snippet":"max-snippet:-1","max-image-preview":"max-image-preview:large","max-video-preview":"max-video-preview:-1"},"canonical":"https:\/\/walexcamper.com\/de\/walex-products-co-inc\/","og_locale":"de_DE","og_type":"article","og_title":"Walex Products Co, Inc. - walexcamper.com","og_description":"[vc_row full_width=&#8221;stretch_row&#8221; css=&#8221;.vc_custom_1658844325507{background-image: url(https:\/\/walexcamper.com\/wp-content\/uploads\/2022\/07\/wave-walex.jpg?id=878) !important;background-position: 0 0 !important;background-repeat: no-repeat !important;}&#8221;][vc_column][vc_empty_space height=&#8221;150px&#8221;][vc_custom_heading text=&#8221;Ein Innovationsf\u00fchrer&#8221; font_container=&#8221;tag:h1|text_align:left|color:%23ffffff&#8221; use_theme_fonts=&#8221;yes&#8221;][vc_custom_heading text=&#8221;Unsere Erfolgsformel&#8221; font_container=&#8221;tag:h2|text_align:left|color:%23ffffff&#8221; use_theme_fonts=&#8221;yes&#8221;][\/vc_column][\/vc_row][vc_row][vc_column width=&#8221;1\/2&#8243;][vc_column_text]Walex hat mit unseren Performance-Produkten f\u00fcr Performance-Anforderungen einen enormen Einfluss ausge\u00fcbt.\u00a0Als wir anfingen, waren fl\u00fcssige Desodorierungsmittel die einzige Option f\u00fcr den Markt f\u00fcr tragbare Sanit\u00e4ranlagen.\u00a0Unsere Gr\u00fcnder sahen dies als Chance, etwas anderes zu machen \u2013 und [&hellip;]","og_url":"https:\/\/walexcamper.com\/de\/walex-products-co-inc\/","og_site_name":"walexcamper.com","article_modified_time":"2022-07-26T14:31:56+00:00","twitter_card":"summary_large_image","twitter_misc":{"Gesch\u00e4tzte Lesezeit":"2\u00a0Minuten"},"schema":{"@context":"https:\/\/schema.org","@graph":[{"@type":"WebPage","@id":"https:\/\/walexcamper.com\/de\/walex-products-co-inc\/","url":"https:\/\/walexcamper.com\/de\/walex-products-co-inc\/","name":"Walex Products Co, Inc. - walexcamper.com","isPartOf":{"@id":"https:\/\/walexcamper.com\/#website"},"datePublished":"2022-07-19T11:39:04+00:00","dateModified":"2022-07-26T14:31:56+00:00","breadcrumb":{"@id":"https:\/\/walexcamper.com\/de\/walex-products-co-inc\/#breadcrumb"},"inLanguage":"de","potentialAction":[{"@type":"ReadAction","target":["https:\/\/walexcamper.com\/de\/walex-products-co-inc\/"]}]},{"@type":"BreadcrumbList","@id":"https:\/\/walexcamper.com\/de\/walex-products-co-inc\/#breadcrumb","itemListElement":[{"@type":"ListItem","position":1,"name":"Home","item":"https:\/\/walexcamper.com\/de\/"},{"@type":"ListItem","position":2,"name":"Walex Products Co, Inc."}]},{"@type":"WebSite","@id":"https:\/\/walexcamper.com\/#website","url":"https:\/\/walexcamper.com\/","name":"walexcamper.com","description":"Waste treatment and deodorants for campers","publisher":{"@id":"https:\/\/walexcamper.com\/#organization"},"potentialAction":[{"@type":"SearchAction","target":{"@type":"EntryPoint","urlTemplate":"https:\/\/walexcamper.com\/?s={search_term_string}"},"query-input":{"@type":"PropertyValueSpecification","valueRequired":true,"valueName":"search_term_string"}}],"inLanguage":"de"},{"@type":"Organization","@id":"https:\/\/walexcamper.com\/#organization","name":"WALEX Products Company Europe B.V.","url":"https:\/\/walexcamper.com\/","logo":{"@type":"ImageObject","inLanguage":"de","@id":"https:\/\/walexcamper.com\/#\/schema\/logo\/image\/","url":"https:\/\/walexcamper.com\/wp-content\/uploads\/2022\/07\/flavicon.png","contentUrl":"https:\/\/walexcamper.com\/wp-content\/uploads\/2022\/07\/flavicon.png","width":512,"height":512,"caption":"WALEX Products Company Europe B.V."},"image":{"@id":"https:\/\/walexcamper.com\/#\/schema\/logo\/image\/"}}]}},"_links":{"self":[{"href":"https:\/\/walexcamper.com\/de\/wp-json\/wp\/v2\/pages\/828","targetHints":{"allow":["GET"]}}],"collection":[{"href":"https:\/\/walexcamper.com\/de\/wp-json\/wp\/v2\/pages"}],"about":[{"href":"https:\/\/walexcamper.com\/de\/wp-json\/wp\/v2\/types\/page"}],"author":[{"embeddable":true,"href":"https:\/\/walexcamper.com\/de\/wp-json\/wp\/v2\/users\/1"}],"replies":[{"embeddable":true,"href":"https:\/\/walexcamper.com\/de\/wp-json\/wp\/v2\/comments?post=828"}],"version-history":[{"count":5,"href":"https:\/\/walexcamper.com\/de\/wp-json\/wp\/v2\/pages\/828\/revisions"}],"predecessor-version":[{"id":921,"href":"https:\/\/walexcamper.com\/de\/wp-json\/wp\/v2\/pages\/828\/revisions\/921"}],"wp:attachment":[{"href":"https:\/\/walexcamper.com\/de\/wp-json\/wp\/v2\/media?parent=828"}],"curies":[{"name":"wp","href":"https:\/\/api.w.org\/{rel}","templated":true}]}}