{"id":962,"date":"2022-08-04T13:08:41","date_gmt":"2022-08-04T13:08:41","guid":{"rendered":"https:\/\/walexcamper.com\/delivery-time-shipping-costs\/"},"modified":"2022-08-04T13:17:20","modified_gmt":"2022-08-04T13:17:20","slug":"lieferzeit-versandkosten","status":"publish","type":"page","link":"https:\/\/walexcamper.com\/de\/lieferzeit-versandkosten\/","title":{"rendered":"Lieferzeit &#038; Versandkosten"},"content":{"rendered":"<p>Lieferzeit &amp; Versandkosten<br \/>\nWir tun unser Bestes, um die Bestellung so schnell wie m\u00f6glich an Sie zu liefern. Bestellungen, die an Werktagen aufgegeben werden, versuchen wir noch am selben Tag oder sp\u00e4testens am n\u00e4chsten Tag zu versenden. Wir k\u00f6nnen dies jedoch nicht immer erf\u00fcllen, manchmal sind Produkte nicht auf Lager und die Lieferung Ihrer Bestellung kann etwas l\u00e4nger dauern. Sollten wir diese Lieferzeit aus welchen Gr\u00fcnden auch immer nicht einhalten k\u00f6nnen, werden wir Sie selbstverst\u00e4ndlich schnellstm\u00f6glich informieren.<\/p>\n<p>Die angegebenen Preise beinhalten keine Versandkosten.<br \/>\nDie Versandkosten betragen:<br \/>\nNiederlande 8,75 \u20ac<br \/>\nBelgien 9,50 \u20ac<br \/>\nDeutschland, 10,00 \u20ac<\/p>\n<p>Die Lieferung erfolgt \u00fcber DHL. In der Regel erfolgt die Zustellung am n\u00e4chsten Werktag zwischen 9:00 und 18:00 Uhr. Leider k\u00f6nnen wir die Lieferzeit nicht garantieren.<\/p>\n","protected":false},"excerpt":{"rendered":"<p>Lieferzeit &amp; Versandkosten Wir tun unser Bestes, um die Bestellung so schnell wie m\u00f6glich an Sie zu liefern. Bestellungen, die an Werktagen aufgegeben werden, versuchen wir noch am selben Tag oder sp\u00e4testens am n\u00e4chsten Tag zu versenden. Wir k\u00f6nnen dies jedoch nicht immer erf\u00fcllen, manchmal sind Produkte nicht auf Lager und die Lieferung Ihrer Bestellung [&hellip;]<\/p>\n","protected":false},"author":1,"featured_media":0,"parent":0,"menu_order":0,"comment_status":"closed","ping_status":"closed","template":"","meta":{"footnotes":""},"class_list":["post-962","page","type-page","status-publish","hentry"],"yoast_head":"<!-- This site is optimized with the Yoast SEO plugin v24.7 - https:\/\/yoast.com\/wordpress\/plugins\/seo\/ -->\n<title>Lieferzeit &amp; Versandkosten - walexcamper.com<\/title>\n<meta name=\"robots\" content=\"index, follow, max-snippet:-1, max-image-preview:large, max-video-preview:-1\" \/>\n<link rel=\"canonical\" href=\"https:\/\/walexcamper.com\/de\/lieferzeit-versandkosten\/\" \/>\n<meta property=\"og:locale\" content=\"de_DE\" \/>\n<meta property=\"og:type\" content=\"article\" \/>\n<meta property=\"og:title\" content=\"Lieferzeit &amp; Versandkosten - walexcamper.com\" \/>\n<meta property=\"og:description\" content=\"Lieferzeit &amp; Versandkosten Wir tun unser Bestes, um die Bestellung so schnell wie m\u00f6glich an Sie zu liefern. Bestellungen, die an Werktagen aufgegeben werden, versuchen wir noch am selben Tag oder sp\u00e4testens am n\u00e4chsten Tag zu versenden. Wir k\u00f6nnen dies jedoch nicht immer erf\u00fcllen, manchmal sind Produkte nicht auf Lager und die Lieferung Ihrer Bestellung [&hellip;]\" \/>\n<meta property=\"og:url\" content=\"https:\/\/walexcamper.com\/de\/lieferzeit-versandkosten\/\" \/>\n<meta property=\"og:site_name\" content=\"walexcamper.com\" \/>\n<meta property=\"article:modified_time\" content=\"2022-08-04T13:17:20+00:00\" \/>\n<meta name=\"twitter:card\" content=\"summary_large_image\" \/>\n<meta name=\"twitter:label1\" content=\"Gesch\u00e4tzte Lesezeit\" \/>\n\t<meta name=\"twitter:data1\" content=\"1\u00a0Minute\" \/>\n<script type=\"application\/ld+json\" class=\"yoast-schema-graph\">{\"@context\":\"https:\/\/schema.org\",\"@graph\":[{\"@type\":\"WebPage\",\"@id\":\"https:\/\/walexcamper.com\/de\/lieferzeit-versandkosten\/\",\"url\":\"https:\/\/walexcamper.com\/de\/lieferzeit-versandkosten\/\",\"name\":\"Lieferzeit & Versandkosten - walexcamper.com\",\"isPartOf\":{\"@id\":\"https:\/\/walexcamper.com\/#website\"},\"datePublished\":\"2022-08-04T13:08:41+00:00\",\"dateModified\":\"2022-08-04T13:17:20+00:00\",\"breadcrumb\":{\"@id\":\"https:\/\/walexcamper.com\/de\/lieferzeit-versandkosten\/#breadcrumb\"},\"inLanguage\":\"de\",\"potentialAction\":[{\"@type\":\"ReadAction\",\"target\":[\"https:\/\/walexcamper.com\/de\/lieferzeit-versandkosten\/\"]}]},{\"@type\":\"BreadcrumbList\",\"@id\":\"https:\/\/walexcamper.com\/de\/lieferzeit-versandkosten\/#breadcrumb\",\"itemListElement\":[{\"@type\":\"ListItem\",\"position\":1,\"name\":\"Home\",\"item\":\"https:\/\/walexcamper.com\/de\/\"},{\"@type\":\"ListItem\",\"position\":2,\"name\":\"Lieferzeit &#038; Versandkosten\"}]},{\"@type\":\"WebSite\",\"@id\":\"https:\/\/walexcamper.com\/#website\",\"url\":\"https:\/\/walexcamper.com\/\",\"name\":\"walexcamper.com\",\"description\":\"Waste treatment and deodorants for campers\",\"publisher\":{\"@id\":\"https:\/\/walexcamper.com\/#organization\"},\"potentialAction\":[{\"@type\":\"SearchAction\",\"target\":{\"@type\":\"EntryPoint\",\"urlTemplate\":\"https:\/\/walexcamper.com\/?s={search_term_string}\"},\"query-input\":{\"@type\":\"PropertyValueSpecification\",\"valueRequired\":true,\"valueName\":\"search_term_string\"}}],\"inLanguage\":\"de\"},{\"@type\":\"Organization\",\"@id\":\"https:\/\/walexcamper.com\/#organization\",\"name\":\"WALEX Products Company Europe B.V.\",\"url\":\"https:\/\/walexcamper.com\/\",\"logo\":{\"@type\":\"ImageObject\",\"inLanguage\":\"de\",\"@id\":\"https:\/\/walexcamper.com\/#\/schema\/logo\/image\/\",\"url\":\"https:\/\/walexcamper.com\/wp-content\/uploads\/2022\/07\/flavicon.png\",\"contentUrl\":\"https:\/\/walexcamper.com\/wp-content\/uploads\/2022\/07\/flavicon.png\",\"width\":512,\"height\":512,\"caption\":\"WALEX Products Company Europe B.V.\"},\"image\":{\"@id\":\"https:\/\/walexcamper.com\/#\/schema\/logo\/image\/\"}}]}<\/script>\n<!-- \/ Yoast SEO plugin. -->","yoast_head_json":{"title":"Lieferzeit & Versandkosten - walexcamper.com","robots":{"index":"index","follow":"follow","max-snippet":"max-snippet:-1","max-image-preview":"max-image-preview:large","max-video-preview":"max-video-preview:-1"},"canonical":"https:\/\/walexcamper.com\/de\/lieferzeit-versandkosten\/","og_locale":"de_DE","og_type":"article","og_title":"Lieferzeit & Versandkosten - walexcamper.com","og_description":"Lieferzeit &amp; Versandkosten Wir tun unser Bestes, um die Bestellung so schnell wie m\u00f6glich an Sie zu liefern. Bestellungen, die an Werktagen aufgegeben werden, versuchen wir noch am selben Tag oder sp\u00e4testens am n\u00e4chsten Tag zu versenden. Wir k\u00f6nnen dies jedoch nicht immer erf\u00fcllen, manchmal sind Produkte nicht auf Lager und die Lieferung Ihrer Bestellung [&hellip;]","og_url":"https:\/\/walexcamper.com\/de\/lieferzeit-versandkosten\/","og_site_name":"walexcamper.com","article_modified_time":"2022-08-04T13:17:20+00:00","twitter_card":"summary_large_image","twitter_misc":{"Gesch\u00e4tzte Lesezeit":"1\u00a0Minute"},"schema":{"@context":"https:\/\/schema.org","@graph":[{"@type":"WebPage","@id":"https:\/\/walexcamper.com\/de\/lieferzeit-versandkosten\/","url":"https:\/\/walexcamper.com\/de\/lieferzeit-versandkosten\/","name":"Lieferzeit & Versandkosten - walexcamper.com","isPartOf":{"@id":"https:\/\/walexcamper.com\/#website"},"datePublished":"2022-08-04T13:08:41+00:00","dateModified":"2022-08-04T13:17:20+00:00","breadcrumb":{"@id":"https:\/\/walexcamper.com\/de\/lieferzeit-versandkosten\/#breadcrumb"},"inLanguage":"de","potentialAction":[{"@type":"ReadAction","target":["https:\/\/walexcamper.com\/de\/lieferzeit-versandkosten\/"]}]},{"@type":"BreadcrumbList","@id":"https:\/\/walexcamper.com\/de\/lieferzeit-versandkosten\/#breadcrumb","itemListElement":[{"@type":"ListItem","position":1,"name":"Home","item":"https:\/\/walexcamper.com\/de\/"},{"@type":"ListItem","position":2,"name":"Lieferzeit &#038; Versandkosten"}]},{"@type":"WebSite","@id":"https:\/\/walexcamper.com\/#website","url":"https:\/\/walexcamper.com\/","name":"walexcamper.com","description":"Waste treatment and deodorants for campers","publisher":{"@id":"https:\/\/walexcamper.com\/#organization"},"potentialAction":[{"@type":"SearchAction","target":{"@type":"EntryPoint","urlTemplate":"https:\/\/walexcamper.com\/?s={search_term_string}"},"query-input":{"@type":"PropertyValueSpecification","valueRequired":true,"valueName":"search_term_string"}}],"inLanguage":"de"},{"@type":"Organization","@id":"https:\/\/walexcamper.com\/#organization","name":"WALEX Products Company Europe B.V.","url":"https:\/\/walexcamper.com\/","logo":{"@type":"ImageObject","inLanguage":"de","@id":"https:\/\/walexcamper.com\/#\/schema\/logo\/image\/","url":"https:\/\/walexcamper.com\/wp-content\/uploads\/2022\/07\/flavicon.png","contentUrl":"https:\/\/walexcamper.com\/wp-content\/uploads\/2022\/07\/flavicon.png","width":512,"height":512,"caption":"WALEX Products Company Europe B.V."},"image":{"@id":"https:\/\/walexcamper.com\/#\/schema\/logo\/image\/"}}]}},"_links":{"self":[{"href":"https:\/\/walexcamper.com\/de\/wp-json\/wp\/v2\/pages\/962","targetHints":{"allow":["GET"]}}],"collection":[{"href":"https:\/\/walexcamper.com\/de\/wp-json\/wp\/v2\/pages"}],"about":[{"href":"https:\/\/walexcamper.com\/de\/wp-json\/wp\/v2\/types\/page"}],"author":[{"embeddable":true,"href":"https:\/\/walexcamper.com\/de\/wp-json\/wp\/v2\/users\/1"}],"replies":[{"embeddable":true,"href":"https:\/\/walexcamper.com\/de\/wp-json\/wp\/v2\/comments?post=962"}],"version-history":[{"count":3,"href":"https:\/\/walexcamper.com\/de\/wp-json\/wp\/v2\/pages\/962\/revisions"}],"predecessor-version":[{"id":985,"href":"https:\/\/walexcamper.com\/de\/wp-json\/wp\/v2\/pages\/962\/revisions\/985"}],"wp:attachment":[{"href":"https:\/\/walexcamper.com\/de\/wp-json\/wp\/v2\/media?parent=962"}],"curies":[{"name":"wp","href":"https:\/\/api.w.org\/{rel}","templated":true}]}}