{"id":994,"date":"2022-08-04T14:02:36","date_gmt":"2022-08-04T14:02:36","guid":{"rendered":"https:\/\/walexcamper.com\/right-of-return\/"},"modified":"2022-08-05T14:22:21","modified_gmt":"2022-08-05T14:22:21","slug":"rueckgaberecht","status":"publish","type":"page","link":"https:\/\/walexcamper.com\/de\/rueckgaberecht\/","title":{"rendered":"R\u00fcckgaberecht"},"content":{"rendered":"<p>R\u00fcckgaberecht<br \/>\n14 Tage nach Erhalt<br \/>\nNicht ganz zufrieden mit Ihrem Kauf?<br \/>\nSie haben das Recht, binnen 14 Tagen ohne Angabe von Gr\u00fcnden diesen Vertrag zu widerrufen.<br \/>\nDie Widerrufsfrist endet 14 Tage nach dem Tag, an dem Sie oder ein von Ihnen benannter Dritter, der nicht der Bef\u00f6rderer ist, die Ware in Besitz genommen haben bzw. hat.<\/p>\n<p>Nach Erhalt erstatten wir Ihnen den vollen Kaufbetrag inkl. Versandkosten auf Ihr Konto zur\u00fcck.<br \/>\nDie zur\u00fcckgegebenen Produkte m\u00fcssen in gutem Zustand sein und d\u00fcrfen nur ausgepackt oder in dem Umfang verwendet werden, der erforderlich ist, um zu beurteilen, ob Sie das Produkt behalten m\u00f6chten.<\/p>\n<p>Absender<br \/>\nSenden Sie das\/die betreffende(n) Produkt(e) zusammen mit einer Kopie des Lieferscheins oder der Auftragsbest\u00e4tigung an die untenstehende Adresse. Bitte schreiben Sie auf diesem Lieferschein oder dieser Auftragsbest\u00e4tigung deutlich \u201eR\u00dcCKGABE\u201c.<\/p>\n<p>Adresse:<br \/>\nAtlas Sanitation Products B.V.<br \/>\nKoperstraat 60<br \/>\n2718 RE Zoetermeer<br \/>\nDie Niederlande<\/p>\n<p>R\u00fccksendekosten<br \/>\nSie sind f\u00fcr die Versandkosten Ihrer R\u00fccksendung verantwortlich. Sie k\u00f6nnen sich auch daf\u00fcr entscheiden, die Produkte von unserem Spediteur abholen zu lassen. Denken Sie daran, dass damit Kosten verbunden sind und dass Sie am vereinbarten Tag von 09:00 bis 17:00 Uhr anwesend sein m\u00fcssen, wenn Sie das\/die zur\u00fcckzusendende(n) Produkt(e) abholen lassen. Diese Kosten liegen je nach Produkt zwischen 14,50 und 99,95.<\/p>\n<p>M\u00f6chten Sie diesen Service nutzen? Bitte kontaktieren Sie uns.<\/p>\n","protected":false},"excerpt":{"rendered":"<p>R\u00fcckgaberecht 14 Tage nach Erhalt Nicht ganz zufrieden mit Ihrem Kauf? Sie haben das Recht, binnen 14 Tagen ohne Angabe von Gr\u00fcnden diesen Vertrag zu widerrufen. Die Widerrufsfrist endet 14 Tage nach dem Tag, an dem Sie oder ein von Ihnen benannter Dritter, der nicht der Bef\u00f6rderer ist, die Ware in Besitz genommen haben bzw. [&hellip;]<\/p>\n","protected":false},"author":1,"featured_media":0,"parent":0,"menu_order":0,"comment_status":"closed","ping_status":"closed","template":"","meta":{"footnotes":""},"class_list":["post-994","page","type-page","status-publish","hentry"],"yoast_head":"<!-- This site is optimized with the Yoast SEO plugin v24.7 - https:\/\/yoast.com\/wordpress\/plugins\/seo\/ -->\n<title>R\u00fcckgaberecht - walexcamper.com<\/title>\n<meta name=\"robots\" content=\"index, follow, max-snippet:-1, max-image-preview:large, max-video-preview:-1\" \/>\n<link rel=\"canonical\" href=\"https:\/\/walexcamper.com\/de\/rueckgaberecht\/\" \/>\n<meta property=\"og:locale\" content=\"de_DE\" \/>\n<meta property=\"og:type\" content=\"article\" \/>\n<meta property=\"og:title\" content=\"R\u00fcckgaberecht - walexcamper.com\" \/>\n<meta property=\"og:description\" content=\"R\u00fcckgaberecht 14 Tage nach Erhalt Nicht ganz zufrieden mit Ihrem Kauf? Sie haben das Recht, binnen 14 Tagen ohne Angabe von Gr\u00fcnden diesen Vertrag zu widerrufen. Die Widerrufsfrist endet 14 Tage nach dem Tag, an dem Sie oder ein von Ihnen benannter Dritter, der nicht der Bef\u00f6rderer ist, die Ware in Besitz genommen haben bzw. [&hellip;]\" \/>\n<meta property=\"og:url\" content=\"https:\/\/walexcamper.com\/de\/rueckgaberecht\/\" \/>\n<meta property=\"og:site_name\" content=\"walexcamper.com\" \/>\n<meta property=\"article:modified_time\" content=\"2022-08-05T14:22:21+00:00\" \/>\n<meta name=\"twitter:card\" content=\"summary_large_image\" \/>\n<meta name=\"twitter:label1\" content=\"Gesch\u00e4tzte Lesezeit\" \/>\n\t<meta name=\"twitter:data1\" content=\"1\u00a0Minute\" \/>\n<script type=\"application\/ld+json\" class=\"yoast-schema-graph\">{\"@context\":\"https:\/\/schema.org\",\"@graph\":[{\"@type\":\"WebPage\",\"@id\":\"https:\/\/walexcamper.com\/de\/rueckgaberecht\/\",\"url\":\"https:\/\/walexcamper.com\/de\/rueckgaberecht\/\",\"name\":\"R\u00fcckgaberecht - walexcamper.com\",\"isPartOf\":{\"@id\":\"https:\/\/walexcamper.com\/#website\"},\"datePublished\":\"2022-08-04T14:02:36+00:00\",\"dateModified\":\"2022-08-05T14:22:21+00:00\",\"breadcrumb\":{\"@id\":\"https:\/\/walexcamper.com\/de\/rueckgaberecht\/#breadcrumb\"},\"inLanguage\":\"de\",\"potentialAction\":[{\"@type\":\"ReadAction\",\"target\":[\"https:\/\/walexcamper.com\/de\/rueckgaberecht\/\"]}]},{\"@type\":\"BreadcrumbList\",\"@id\":\"https:\/\/walexcamper.com\/de\/rueckgaberecht\/#breadcrumb\",\"itemListElement\":[{\"@type\":\"ListItem\",\"position\":1,\"name\":\"Home\",\"item\":\"https:\/\/walexcamper.com\/de\/\"},{\"@type\":\"ListItem\",\"position\":2,\"name\":\"R\u00fcckgaberecht\"}]},{\"@type\":\"WebSite\",\"@id\":\"https:\/\/walexcamper.com\/#website\",\"url\":\"https:\/\/walexcamper.com\/\",\"name\":\"walexcamper.com\",\"description\":\"Waste treatment and deodorants for campers\",\"publisher\":{\"@id\":\"https:\/\/walexcamper.com\/#organization\"},\"potentialAction\":[{\"@type\":\"SearchAction\",\"target\":{\"@type\":\"EntryPoint\",\"urlTemplate\":\"https:\/\/walexcamper.com\/?s={search_term_string}\"},\"query-input\":{\"@type\":\"PropertyValueSpecification\",\"valueRequired\":true,\"valueName\":\"search_term_string\"}}],\"inLanguage\":\"de\"},{\"@type\":\"Organization\",\"@id\":\"https:\/\/walexcamper.com\/#organization\",\"name\":\"WALEX Products Company Europe B.V.\",\"url\":\"https:\/\/walexcamper.com\/\",\"logo\":{\"@type\":\"ImageObject\",\"inLanguage\":\"de\",\"@id\":\"https:\/\/walexcamper.com\/#\/schema\/logo\/image\/\",\"url\":\"https:\/\/walexcamper.com\/wp-content\/uploads\/2022\/07\/flavicon.png\",\"contentUrl\":\"https:\/\/walexcamper.com\/wp-content\/uploads\/2022\/07\/flavicon.png\",\"width\":512,\"height\":512,\"caption\":\"WALEX Products Company Europe B.V.\"},\"image\":{\"@id\":\"https:\/\/walexcamper.com\/#\/schema\/logo\/image\/\"}}]}<\/script>\n<!-- \/ Yoast SEO plugin. -->","yoast_head_json":{"title":"R\u00fcckgaberecht - walexcamper.com","robots":{"index":"index","follow":"follow","max-snippet":"max-snippet:-1","max-image-preview":"max-image-preview:large","max-video-preview":"max-video-preview:-1"},"canonical":"https:\/\/walexcamper.com\/de\/rueckgaberecht\/","og_locale":"de_DE","og_type":"article","og_title":"R\u00fcckgaberecht - walexcamper.com","og_description":"R\u00fcckgaberecht 14 Tage nach Erhalt Nicht ganz zufrieden mit Ihrem Kauf? Sie haben das Recht, binnen 14 Tagen ohne Angabe von Gr\u00fcnden diesen Vertrag zu widerrufen. Die Widerrufsfrist endet 14 Tage nach dem Tag, an dem Sie oder ein von Ihnen benannter Dritter, der nicht der Bef\u00f6rderer ist, die Ware in Besitz genommen haben bzw. [&hellip;]","og_url":"https:\/\/walexcamper.com\/de\/rueckgaberecht\/","og_site_name":"walexcamper.com","article_modified_time":"2022-08-05T14:22:21+00:00","twitter_card":"summary_large_image","twitter_misc":{"Gesch\u00e4tzte Lesezeit":"1\u00a0Minute"},"schema":{"@context":"https:\/\/schema.org","@graph":[{"@type":"WebPage","@id":"https:\/\/walexcamper.com\/de\/rueckgaberecht\/","url":"https:\/\/walexcamper.com\/de\/rueckgaberecht\/","name":"R\u00fcckgaberecht - walexcamper.com","isPartOf":{"@id":"https:\/\/walexcamper.com\/#website"},"datePublished":"2022-08-04T14:02:36+00:00","dateModified":"2022-08-05T14:22:21+00:00","breadcrumb":{"@id":"https:\/\/walexcamper.com\/de\/rueckgaberecht\/#breadcrumb"},"inLanguage":"de","potentialAction":[{"@type":"ReadAction","target":["https:\/\/walexcamper.com\/de\/rueckgaberecht\/"]}]},{"@type":"BreadcrumbList","@id":"https:\/\/walexcamper.com\/de\/rueckgaberecht\/#breadcrumb","itemListElement":[{"@type":"ListItem","position":1,"name":"Home","item":"https:\/\/walexcamper.com\/de\/"},{"@type":"ListItem","position":2,"name":"R\u00fcckgaberecht"}]},{"@type":"WebSite","@id":"https:\/\/walexcamper.com\/#website","url":"https:\/\/walexcamper.com\/","name":"walexcamper.com","description":"Waste treatment and deodorants for campers","publisher":{"@id":"https:\/\/walexcamper.com\/#organization"},"potentialAction":[{"@type":"SearchAction","target":{"@type":"EntryPoint","urlTemplate":"https:\/\/walexcamper.com\/?s={search_term_string}"},"query-input":{"@type":"PropertyValueSpecification","valueRequired":true,"valueName":"search_term_string"}}],"inLanguage":"de"},{"@type":"Organization","@id":"https:\/\/walexcamper.com\/#organization","name":"WALEX Products Company Europe B.V.","url":"https:\/\/walexcamper.com\/","logo":{"@type":"ImageObject","inLanguage":"de","@id":"https:\/\/walexcamper.com\/#\/schema\/logo\/image\/","url":"https:\/\/walexcamper.com\/wp-content\/uploads\/2022\/07\/flavicon.png","contentUrl":"https:\/\/walexcamper.com\/wp-content\/uploads\/2022\/07\/flavicon.png","width":512,"height":512,"caption":"WALEX Products Company Europe B.V."},"image":{"@id":"https:\/\/walexcamper.com\/#\/schema\/logo\/image\/"}}]}},"_links":{"self":[{"href":"https:\/\/walexcamper.com\/de\/wp-json\/wp\/v2\/pages\/994","targetHints":{"allow":["GET"]}}],"collection":[{"href":"https:\/\/walexcamper.com\/de\/wp-json\/wp\/v2\/pages"}],"about":[{"href":"https:\/\/walexcamper.com\/de\/wp-json\/wp\/v2\/types\/page"}],"author":[{"embeddable":true,"href":"https:\/\/walexcamper.com\/de\/wp-json\/wp\/v2\/users\/1"}],"replies":[{"embeddable":true,"href":"https:\/\/walexcamper.com\/de\/wp-json\/wp\/v2\/comments?post=994"}],"version-history":[{"count":3,"href":"https:\/\/walexcamper.com\/de\/wp-json\/wp\/v2\/pages\/994\/revisions"}],"predecessor-version":[{"id":1101,"href":"https:\/\/walexcamper.com\/de\/wp-json\/wp\/v2\/pages\/994\/revisions\/1101"}],"wp:attachment":[{"href":"https:\/\/walexcamper.com\/de\/wp-json\/wp\/v2\/media?parent=994"}],"curies":[{"name":"wp","href":"https:\/\/api.w.org\/{rel}","templated":true}]}}