{"id":1046,"date":"2022-07-25T13:21:48","date_gmt":"2022-07-25T13:21:48","guid":{"rendered":"https:\/\/walexcamper.com\/product\/fragrance-disc-holder\/"},"modified":"2022-08-05T14:34:46","modified_gmt":"2022-08-05T14:34:46","slug":"duftscheibenhalter","status":"publish","type":"product","link":"https:\/\/walexcamper.com\/de\/produkt\/duftscheibenhalter\/","title":{"rendered":"Duftscheibenhalter"},"content":{"rendered":"<p>Duftscheibenhalter, der mit einer einfachen Drehung geschlossen und ge\u00f6ffnet werden kann.<br \/>\nLegen Sie die Duftscheibe in die Kunststoffhalterung und kleben Sie sie an die Wand oder legen Sie sie einfach in oder au\u00dfer Sichtweite.<br \/>\nWalex Deo-Scheiben passen perfekt in den Halter.<\/p>\n","protected":false},"excerpt":{"rendered":"<p>Duftscheibenhalter, der mit einer einfachen Drehung geschlossen und ge\u00f6ffnet werden kann.<br \/>\nLegen Sie die Duftscheibe in die Kunststoffhalterung und kleben Sie sie an die Wand oder legen Sie sie einfach in oder au\u00dfer Sichtweite.<br \/>\nWalex Deo-Scheiben passen perfekt in den Halter.<\/p>\n","protected":false},"featured_media":757,"comment_status":"open","ping_status":"closed","template":"","meta":[],"product_brand":[],"product_cat":[80],"product_tag":[],"class_list":{"0":"post-1046","1":"product","2":"type-product","3":"status-publish","4":"has-post-thumbnail","6":"product_cat-lufterfrischer","8":"first","9":"instock","10":"taxable","11":"shipping-taxable","12":"purchasable","13":"product-type-simple"},"yoast_head":"<!-- This site is optimized with the Yoast SEO plugin v24.7 - https:\/\/yoast.com\/wordpress\/plugins\/seo\/ -->\n<title>Duftscheibenhalter f\u00fcr Walex Duftscheiben<\/title>\n<meta name=\"description\" content=\"Duftscheibenhalter, der mit einer einfachen Drehung geschlossen und ge\u00f6ffnet werden kann. Ideal f\u00fcr Walexs Duftscheiben\" \/>\n<meta name=\"robots\" content=\"index, follow, max-snippet:-1, max-image-preview:large, max-video-preview:-1\" \/>\n<link rel=\"canonical\" href=\"https:\/\/walexcamper.com\/de\/produkt\/duftscheibenhalter\/\" \/>\n<meta property=\"og:locale\" content=\"de_DE\" \/>\n<meta property=\"og:type\" content=\"article\" \/>\n<meta property=\"og:title\" content=\"Duftscheibenhalter f\u00fcr Walex Duftscheiben\" \/>\n<meta property=\"og:description\" content=\"Duftscheibenhalter, der mit einer einfachen Drehung geschlossen und ge\u00f6ffnet werden kann. Ideal f\u00fcr Walexs Duftscheiben\" \/>\n<meta property=\"og:url\" content=\"https:\/\/walexcamper.com\/de\/produkt\/duftscheibenhalter\/\" \/>\n<meta property=\"og:site_name\" content=\"walexcamper.com\" \/>\n<meta property=\"article:modified_time\" content=\"2022-08-05T14:34:46+00:00\" \/>\n<meta property=\"og:image\" content=\"https:\/\/walexcamper.com\/wp-content\/uploads\/2022\/07\/fragrance-disc-holder-bubblegum-550x550-1.jpg\" \/>\n\t<meta property=\"og:image:width\" content=\"550\" \/>\n\t<meta property=\"og:image:height\" content=\"550\" \/>\n\t<meta property=\"og:image:type\" content=\"image\/jpeg\" \/>\n<meta name=\"twitter:card\" content=\"summary_large_image\" \/>\n<meta name=\"twitter:label1\" content=\"Gesch\u00e4tzte Lesezeit\" \/>\n\t<meta name=\"twitter:data1\" content=\"1\u00a0Minute\" \/>\n<script type=\"application\/ld+json\" class=\"yoast-schema-graph\">{\"@context\":\"https:\/\/schema.org\",\"@graph\":[{\"@type\":\"WebPage\",\"@id\":\"https:\/\/walexcamper.com\/de\/produkt\/duftscheibenhalter\/\",\"url\":\"https:\/\/walexcamper.com\/de\/produkt\/duftscheibenhalter\/\",\"name\":\"Duftscheibenhalter f\u00fcr Walex Duftscheiben\",\"isPartOf\":{\"@id\":\"https:\/\/walexcamper.com\/#website\"},\"primaryImageOfPage\":{\"@id\":\"https:\/\/walexcamper.com\/de\/produkt\/duftscheibenhalter\/#primaryimage\"},\"image\":{\"@id\":\"https:\/\/walexcamper.com\/de\/produkt\/duftscheibenhalter\/#primaryimage\"},\"thumbnailUrl\":\"https:\/\/walexcamper.com\/wp-content\/uploads\/2022\/07\/fragrance-disc-holder-bubblegum-550x550-1.jpg\",\"datePublished\":\"2022-07-25T13:21:48+00:00\",\"dateModified\":\"2022-08-05T14:34:46+00:00\",\"description\":\"Duftscheibenhalter, der mit einer einfachen Drehung geschlossen und ge\u00f6ffnet werden kann. Ideal f\u00fcr Walexs Duftscheiben\",\"breadcrumb\":{\"@id\":\"https:\/\/walexcamper.com\/de\/produkt\/duftscheibenhalter\/#breadcrumb\"},\"inLanguage\":\"de\",\"potentialAction\":[{\"@type\":\"ReadAction\",\"target\":[\"https:\/\/walexcamper.com\/de\/produkt\/duftscheibenhalter\/\"]}]},{\"@type\":\"ImageObject\",\"inLanguage\":\"de\",\"@id\":\"https:\/\/walexcamper.com\/de\/produkt\/duftscheibenhalter\/#primaryimage\",\"url\":\"https:\/\/walexcamper.com\/wp-content\/uploads\/2022\/07\/fragrance-disc-holder-bubblegum-550x550-1.jpg\",\"contentUrl\":\"https:\/\/walexcamper.com\/wp-content\/uploads\/2022\/07\/fragrance-disc-holder-bubblegum-550x550-1.jpg\",\"width\":550,\"height\":550,\"caption\":\"Duftscheibenhalter\"},{\"@type\":\"BreadcrumbList\",\"@id\":\"https:\/\/walexcamper.com\/de\/produkt\/duftscheibenhalter\/#breadcrumb\",\"itemListElement\":[{\"@type\":\"ListItem\",\"position\":1,\"name\":\"Home\",\"item\":\"https:\/\/walexcamper.com\/de\/\"},{\"@type\":\"ListItem\",\"position\":2,\"name\":\"Winkel\",\"item\":\"https:\/\/walexcamper.com\/nl\/winkel\/\"},{\"@type\":\"ListItem\",\"position\":3,\"name\":\"Duftscheibenhalter\"}]},{\"@type\":\"WebSite\",\"@id\":\"https:\/\/walexcamper.com\/#website\",\"url\":\"https:\/\/walexcamper.com\/\",\"name\":\"walexcamper.com\",\"description\":\"Waste treatment and deodorants for campers\",\"publisher\":{\"@id\":\"https:\/\/walexcamper.com\/#organization\"},\"potentialAction\":[{\"@type\":\"SearchAction\",\"target\":{\"@type\":\"EntryPoint\",\"urlTemplate\":\"https:\/\/walexcamper.com\/?s={search_term_string}\"},\"query-input\":{\"@type\":\"PropertyValueSpecification\",\"valueRequired\":true,\"valueName\":\"search_term_string\"}}],\"inLanguage\":\"de\"},{\"@type\":\"Organization\",\"@id\":\"https:\/\/walexcamper.com\/#organization\",\"name\":\"WALEX Products Company Europe B.V.\",\"url\":\"https:\/\/walexcamper.com\/\",\"logo\":{\"@type\":\"ImageObject\",\"inLanguage\":\"de\",\"@id\":\"https:\/\/walexcamper.com\/#\/schema\/logo\/image\/\",\"url\":\"https:\/\/walexcamper.com\/wp-content\/uploads\/2022\/07\/flavicon.png\",\"contentUrl\":\"https:\/\/walexcamper.com\/wp-content\/uploads\/2022\/07\/flavicon.png\",\"width\":512,\"height\":512,\"caption\":\"WALEX Products Company Europe B.V.\"},\"image\":{\"@id\":\"https:\/\/walexcamper.com\/#\/schema\/logo\/image\/\"}}]}<\/script>\n<!-- \/ Yoast SEO plugin. -->","yoast_head_json":{"title":"Duftscheibenhalter f\u00fcr Walex Duftscheiben","description":"Duftscheibenhalter, der mit einer einfachen Drehung geschlossen und ge\u00f6ffnet werden kann. Ideal f\u00fcr Walexs Duftscheiben","robots":{"index":"index","follow":"follow","max-snippet":"max-snippet:-1","max-image-preview":"max-image-preview:large","max-video-preview":"max-video-preview:-1"},"canonical":"https:\/\/walexcamper.com\/de\/produkt\/duftscheibenhalter\/","og_locale":"de_DE","og_type":"article","og_title":"Duftscheibenhalter f\u00fcr Walex Duftscheiben","og_description":"Duftscheibenhalter, der mit einer einfachen Drehung geschlossen und ge\u00f6ffnet werden kann. Ideal f\u00fcr Walexs Duftscheiben","og_url":"https:\/\/walexcamper.com\/de\/produkt\/duftscheibenhalter\/","og_site_name":"walexcamper.com","article_modified_time":"2022-08-05T14:34:46+00:00","og_image":[{"width":550,"height":550,"url":"https:\/\/walexcamper.com\/wp-content\/uploads\/2022\/07\/fragrance-disc-holder-bubblegum-550x550-1.jpg","type":"image\/jpeg"}],"twitter_card":"summary_large_image","twitter_misc":{"Gesch\u00e4tzte Lesezeit":"1\u00a0Minute"},"schema":{"@context":"https:\/\/schema.org","@graph":[{"@type":"WebPage","@id":"https:\/\/walexcamper.com\/de\/produkt\/duftscheibenhalter\/","url":"https:\/\/walexcamper.com\/de\/produkt\/duftscheibenhalter\/","name":"Duftscheibenhalter f\u00fcr Walex Duftscheiben","isPartOf":{"@id":"https:\/\/walexcamper.com\/#website"},"primaryImageOfPage":{"@id":"https:\/\/walexcamper.com\/de\/produkt\/duftscheibenhalter\/#primaryimage"},"image":{"@id":"https:\/\/walexcamper.com\/de\/produkt\/duftscheibenhalter\/#primaryimage"},"thumbnailUrl":"https:\/\/walexcamper.com\/wp-content\/uploads\/2022\/07\/fragrance-disc-holder-bubblegum-550x550-1.jpg","datePublished":"2022-07-25T13:21:48+00:00","dateModified":"2022-08-05T14:34:46+00:00","description":"Duftscheibenhalter, der mit einer einfachen Drehung geschlossen und ge\u00f6ffnet werden kann. Ideal f\u00fcr Walexs Duftscheiben","breadcrumb":{"@id":"https:\/\/walexcamper.com\/de\/produkt\/duftscheibenhalter\/#breadcrumb"},"inLanguage":"de","potentialAction":[{"@type":"ReadAction","target":["https:\/\/walexcamper.com\/de\/produkt\/duftscheibenhalter\/"]}]},{"@type":"ImageObject","inLanguage":"de","@id":"https:\/\/walexcamper.com\/de\/produkt\/duftscheibenhalter\/#primaryimage","url":"https:\/\/walexcamper.com\/wp-content\/uploads\/2022\/07\/fragrance-disc-holder-bubblegum-550x550-1.jpg","contentUrl":"https:\/\/walexcamper.com\/wp-content\/uploads\/2022\/07\/fragrance-disc-holder-bubblegum-550x550-1.jpg","width":550,"height":550,"caption":"Duftscheibenhalter"},{"@type":"BreadcrumbList","@id":"https:\/\/walexcamper.com\/de\/produkt\/duftscheibenhalter\/#breadcrumb","itemListElement":[{"@type":"ListItem","position":1,"name":"Home","item":"https:\/\/walexcamper.com\/de\/"},{"@type":"ListItem","position":2,"name":"Winkel","item":"https:\/\/walexcamper.com\/nl\/winkel\/"},{"@type":"ListItem","position":3,"name":"Duftscheibenhalter"}]},{"@type":"WebSite","@id":"https:\/\/walexcamper.com\/#website","url":"https:\/\/walexcamper.com\/","name":"walexcamper.com","description":"Waste treatment and deodorants for campers","publisher":{"@id":"https:\/\/walexcamper.com\/#organization"},"potentialAction":[{"@type":"SearchAction","target":{"@type":"EntryPoint","urlTemplate":"https:\/\/walexcamper.com\/?s={search_term_string}"},"query-input":{"@type":"PropertyValueSpecification","valueRequired":true,"valueName":"search_term_string"}}],"inLanguage":"de"},{"@type":"Organization","@id":"https:\/\/walexcamper.com\/#organization","name":"WALEX Products Company Europe B.V.","url":"https:\/\/walexcamper.com\/","logo":{"@type":"ImageObject","inLanguage":"de","@id":"https:\/\/walexcamper.com\/#\/schema\/logo\/image\/","url":"https:\/\/walexcamper.com\/wp-content\/uploads\/2022\/07\/flavicon.png","contentUrl":"https:\/\/walexcamper.com\/wp-content\/uploads\/2022\/07\/flavicon.png","width":512,"height":512,"caption":"WALEX Products Company Europe B.V."},"image":{"@id":"https:\/\/walexcamper.com\/#\/schema\/logo\/image\/"}}]}},"_links":{"self":[{"href":"https:\/\/walexcamper.com\/de\/wp-json\/wp\/v2\/product\/1046","targetHints":{"allow":["GET"]}}],"collection":[{"href":"https:\/\/walexcamper.com\/de\/wp-json\/wp\/v2\/product"}],"about":[{"href":"https:\/\/walexcamper.com\/de\/wp-json\/wp\/v2\/types\/product"}],"replies":[{"embeddable":true,"href":"https:\/\/walexcamper.com\/de\/wp-json\/wp\/v2\/comments?post=1046"}],"wp:featuredmedia":[{"embeddable":true,"href":"https:\/\/walexcamper.com\/de\/wp-json\/wp\/v2\/media\/757"}],"wp:attachment":[{"href":"https:\/\/walexcamper.com\/de\/wp-json\/wp\/v2\/media?parent=1046"}],"wp:term":[{"taxonomy":"product_brand","embeddable":true,"href":"https:\/\/walexcamper.com\/de\/wp-json\/wp\/v2\/product_brand?post=1046"},{"taxonomy":"product_cat","embeddable":true,"href":"https:\/\/walexcamper.com\/de\/wp-json\/wp\/v2\/product_cat?post=1046"},{"taxonomy":"product_tag","embeddable":true,"href":"https:\/\/walexcamper.com\/de\/wp-json\/wp\/v2\/product_tag?post=1046"}],"curies":[{"name":"wp","href":"https:\/\/api.w.org\/{rel}","templated":true}]}}