{"id":312,"date":"2022-07-11T13:07:46","date_gmt":"2022-07-11T13:07:46","guid":{"rendered":"https:\/\/walexcamper.com\/product\/porta-potti-deodoriser\/"},"modified":"2022-07-11T14:37:09","modified_gmt":"2022-07-11T14:37:09","slug":"toiletten-desodorant","status":"publish","type":"product","link":"https:\/\/walexcamper.com\/de\/produkt\/toiletten-desodorant\/","title":{"rendered":"Porta-Pak Lavendel Frisch"},"content":{"rendered":"<p>Toiletten-Desodorant mit frischem Lavendelduft.<br \/>\nPorta-Pak-Beutel verwenden die Walex Wave 2-Geruchskontrolltechnologie und bieten eine langfristige Geruchsverhinderung f\u00fcr alle Toilettenanwendungen in Camper, Wohnwagen und Booten.<\/p>\n<p>Der wasserl\u00f6sliche Beutel in handels\u00fcblicher St\u00e4rke l\u00f6st sich schnell im Wasser auf und verstopft keine Rohre, Pumpen oder Ventile. Die fortgesetzte Verwendung von Porta-Pak h\u00e4lt Ihre Toilette geruchsfrei und problemlos. Keine Notwendigkeit f\u00fcr unordentliche Fl\u00fcssigkeiten oder kalkhaltige Tabletten.<\/p>\n<p>Spezifikationen:<\/p>\n<ul>\n<li>St\u00e4rkste Geruchsverhinderung<\/li>\n<li>Vorverpackte Portionsbeutel<\/li>\n<li>Zerlegt sowohl Abfall als auch Papier<\/li>\n<li>Reinigt F\u00e4kalientanks und Sensoren<\/li>\n<li>Geeignet f\u00fcr alle tragbaren T\u00f6pfchen und F\u00e4kalientanks<\/li>\n<li>Commercial Strength<\/li>\n<li>New pleasant lavender breeze fragrance<\/li>\n<li>Biodegradable<\/li>\n<li>Safe on equipment, valves and seals<\/li>\n<\/ul>\n","protected":false},"excerpt":{"rendered":"<p>Toiletten-Desodorant mit frischem Lavendelduft.<br \/>\nPorta-Pak-Beutel verwenden die Walex Wave 2-Geruchskontrolltechnologie und bieten eine langfristige Geruchsverhinderung f\u00fcr alle Toilettenanwendungen in Camper, Wohnwagen und Booten.<\/p>\n<p>Der wasserl\u00f6sliche Beutel in handels\u00fcblicher St\u00e4rke l\u00f6st sich schnell im Wasser auf und verstopft keine Rohre, Pumpen oder Ventile. Die fortgesetzte Verwendung von Porta-Pak h\u00e4lt Ihre Toilette geruchsfrei und problemlos. Keine Notwendigkeit f\u00fcr unordentliche Fl\u00fcssigkeiten oder kalkhaltige Tabletten.<\/p>\n","protected":false},"featured_media":128,"comment_status":"open","ping_status":"closed","template":"","meta":[],"product_brand":[],"product_cat":[58],"product_tag":[],"class_list":{"0":"post-312","1":"product","2":"type-product","3":"status-publish","4":"has-post-thumbnail","6":"product_cat-porta-pak-pulverbeutel","8":"first","9":"instock","10":"taxable","11":"shipping-taxable","12":"purchasable","13":"product-type-simple"},"yoast_head":"<!-- This site is optimized with the Yoast SEO plugin v24.7 - https:\/\/yoast.com\/wordpress\/plugins\/seo\/ -->\n<title>Toiletten-Desodorant mit frischem Lavendelduft<\/title>\n<meta name=\"description\" content=\"Toiletten-Desodorant mit frischem Lavendelduft. Porta-Pak-Beutel mit langfristige Geruchsverhinderung f\u00fcr Camper, Wohnwagen und Booten\" \/>\n<meta name=\"robots\" content=\"index, follow, max-snippet:-1, max-image-preview:large, max-video-preview:-1\" \/>\n<link rel=\"canonical\" href=\"https:\/\/walexcamper.com\/de\/produkt\/toiletten-desodorant\/\" \/>\n<meta property=\"og:locale\" content=\"de_DE\" \/>\n<meta property=\"og:type\" content=\"article\" \/>\n<meta property=\"og:title\" content=\"Toiletten-Desodorant mit frischem Lavendelduft\" \/>\n<meta property=\"og:description\" content=\"Toiletten-Desodorant mit frischem Lavendelduft. Porta-Pak-Beutel mit langfristige Geruchsverhinderung f\u00fcr Camper, Wohnwagen und Booten\" \/>\n<meta property=\"og:url\" content=\"https:\/\/walexcamper.com\/de\/produkt\/toiletten-desodorant\/\" \/>\n<meta property=\"og:site_name\" content=\"walexcamper.com\" \/>\n<meta property=\"article:modified_time\" content=\"2022-07-11T14:37:09+00:00\" \/>\n<meta property=\"og:image\" content=\"https:\/\/walexcamper.com\/wp-content\/uploads\/2022\/07\/waste-tank-deodorizer-porta-pak-lavender.jpg\" \/>\n\t<meta property=\"og:image:width\" content=\"800\" \/>\n\t<meta property=\"og:image:height\" content=\"764\" \/>\n\t<meta property=\"og:image:type\" content=\"image\/jpeg\" \/>\n<meta name=\"twitter:card\" content=\"summary_large_image\" \/>\n<meta name=\"twitter:label1\" content=\"Gesch\u00e4tzte Lesezeit\" \/>\n\t<meta name=\"twitter:data1\" content=\"1\u00a0Minute\" \/>\n<script type=\"application\/ld+json\" class=\"yoast-schema-graph\">{\"@context\":\"https:\/\/schema.org\",\"@graph\":[{\"@type\":\"WebPage\",\"@id\":\"https:\/\/walexcamper.com\/de\/produkt\/toiletten-desodorant\/\",\"url\":\"https:\/\/walexcamper.com\/de\/produkt\/toiletten-desodorant\/\",\"name\":\"Toiletten-Desodorant mit frischem Lavendelduft\",\"isPartOf\":{\"@id\":\"https:\/\/walexcamper.com\/#website\"},\"primaryImageOfPage\":{\"@id\":\"https:\/\/walexcamper.com\/de\/produkt\/toiletten-desodorant\/#primaryimage\"},\"image\":{\"@id\":\"https:\/\/walexcamper.com\/de\/produkt\/toiletten-desodorant\/#primaryimage\"},\"thumbnailUrl\":\"https:\/\/walexcamper.com\/wp-content\/uploads\/2022\/07\/waste-tank-deodorizer-porta-pak-lavender.jpg\",\"datePublished\":\"2022-07-11T13:07:46+00:00\",\"dateModified\":\"2022-07-11T14:37:09+00:00\",\"description\":\"Toiletten-Desodorant mit frischem Lavendelduft. Porta-Pak-Beutel mit langfristige Geruchsverhinderung f\u00fcr Camper, Wohnwagen und Booten\",\"breadcrumb\":{\"@id\":\"https:\/\/walexcamper.com\/de\/produkt\/toiletten-desodorant\/#breadcrumb\"},\"inLanguage\":\"de\",\"potentialAction\":[{\"@type\":\"ReadAction\",\"target\":[\"https:\/\/walexcamper.com\/de\/produkt\/toiletten-desodorant\/\"]}]},{\"@type\":\"ImageObject\",\"inLanguage\":\"de\",\"@id\":\"https:\/\/walexcamper.com\/de\/produkt\/toiletten-desodorant\/#primaryimage\",\"url\":\"https:\/\/walexcamper.com\/wp-content\/uploads\/2022\/07\/waste-tank-deodorizer-porta-pak-lavender.jpg\",\"contentUrl\":\"https:\/\/walexcamper.com\/wp-content\/uploads\/2022\/07\/waste-tank-deodorizer-porta-pak-lavender.jpg\",\"width\":800,\"height\":764,\"caption\":\"Porta-potti deodoriser\"},{\"@type\":\"BreadcrumbList\",\"@id\":\"https:\/\/walexcamper.com\/de\/produkt\/toiletten-desodorant\/#breadcrumb\",\"itemListElement\":[{\"@type\":\"ListItem\",\"position\":1,\"name\":\"Home\",\"item\":\"https:\/\/walexcamper.com\/de\/\"},{\"@type\":\"ListItem\",\"position\":2,\"name\":\"Winkel\",\"item\":\"https:\/\/walexcamper.com\/nl\/winkel\/\"},{\"@type\":\"ListItem\",\"position\":3,\"name\":\"Porta-Pak Lavendel Frisch\"}]},{\"@type\":\"WebSite\",\"@id\":\"https:\/\/walexcamper.com\/#website\",\"url\":\"https:\/\/walexcamper.com\/\",\"name\":\"walexcamper.com\",\"description\":\"Waste treatment and deodorants for campers\",\"publisher\":{\"@id\":\"https:\/\/walexcamper.com\/#organization\"},\"potentialAction\":[{\"@type\":\"SearchAction\",\"target\":{\"@type\":\"EntryPoint\",\"urlTemplate\":\"https:\/\/walexcamper.com\/?s={search_term_string}\"},\"query-input\":{\"@type\":\"PropertyValueSpecification\",\"valueRequired\":true,\"valueName\":\"search_term_string\"}}],\"inLanguage\":\"de\"},{\"@type\":\"Organization\",\"@id\":\"https:\/\/walexcamper.com\/#organization\",\"name\":\"WALEX Products Company Europe B.V.\",\"url\":\"https:\/\/walexcamper.com\/\",\"logo\":{\"@type\":\"ImageObject\",\"inLanguage\":\"de\",\"@id\":\"https:\/\/walexcamper.com\/#\/schema\/logo\/image\/\",\"url\":\"https:\/\/walexcamper.com\/wp-content\/uploads\/2022\/07\/flavicon.png\",\"contentUrl\":\"https:\/\/walexcamper.com\/wp-content\/uploads\/2022\/07\/flavicon.png\",\"width\":512,\"height\":512,\"caption\":\"WALEX Products Company Europe B.V.\"},\"image\":{\"@id\":\"https:\/\/walexcamper.com\/#\/schema\/logo\/image\/\"}}]}<\/script>\n<!-- \/ Yoast SEO plugin. -->","yoast_head_json":{"title":"Toiletten-Desodorant mit frischem Lavendelduft","description":"Toiletten-Desodorant mit frischem Lavendelduft. Porta-Pak-Beutel mit langfristige Geruchsverhinderung f\u00fcr Camper, Wohnwagen und Booten","robots":{"index":"index","follow":"follow","max-snippet":"max-snippet:-1","max-image-preview":"max-image-preview:large","max-video-preview":"max-video-preview:-1"},"canonical":"https:\/\/walexcamper.com\/de\/produkt\/toiletten-desodorant\/","og_locale":"de_DE","og_type":"article","og_title":"Toiletten-Desodorant mit frischem Lavendelduft","og_description":"Toiletten-Desodorant mit frischem Lavendelduft. Porta-Pak-Beutel mit langfristige Geruchsverhinderung f\u00fcr Camper, Wohnwagen und Booten","og_url":"https:\/\/walexcamper.com\/de\/produkt\/toiletten-desodorant\/","og_site_name":"walexcamper.com","article_modified_time":"2022-07-11T14:37:09+00:00","og_image":[{"width":800,"height":764,"url":"https:\/\/walexcamper.com\/wp-content\/uploads\/2022\/07\/waste-tank-deodorizer-porta-pak-lavender.jpg","type":"image\/jpeg"}],"twitter_card":"summary_large_image","twitter_misc":{"Gesch\u00e4tzte Lesezeit":"1\u00a0Minute"},"schema":{"@context":"https:\/\/schema.org","@graph":[{"@type":"WebPage","@id":"https:\/\/walexcamper.com\/de\/produkt\/toiletten-desodorant\/","url":"https:\/\/walexcamper.com\/de\/produkt\/toiletten-desodorant\/","name":"Toiletten-Desodorant mit frischem Lavendelduft","isPartOf":{"@id":"https:\/\/walexcamper.com\/#website"},"primaryImageOfPage":{"@id":"https:\/\/walexcamper.com\/de\/produkt\/toiletten-desodorant\/#primaryimage"},"image":{"@id":"https:\/\/walexcamper.com\/de\/produkt\/toiletten-desodorant\/#primaryimage"},"thumbnailUrl":"https:\/\/walexcamper.com\/wp-content\/uploads\/2022\/07\/waste-tank-deodorizer-porta-pak-lavender.jpg","datePublished":"2022-07-11T13:07:46+00:00","dateModified":"2022-07-11T14:37:09+00:00","description":"Toiletten-Desodorant mit frischem Lavendelduft. Porta-Pak-Beutel mit langfristige Geruchsverhinderung f\u00fcr Camper, Wohnwagen und Booten","breadcrumb":{"@id":"https:\/\/walexcamper.com\/de\/produkt\/toiletten-desodorant\/#breadcrumb"},"inLanguage":"de","potentialAction":[{"@type":"ReadAction","target":["https:\/\/walexcamper.com\/de\/produkt\/toiletten-desodorant\/"]}]},{"@type":"ImageObject","inLanguage":"de","@id":"https:\/\/walexcamper.com\/de\/produkt\/toiletten-desodorant\/#primaryimage","url":"https:\/\/walexcamper.com\/wp-content\/uploads\/2022\/07\/waste-tank-deodorizer-porta-pak-lavender.jpg","contentUrl":"https:\/\/walexcamper.com\/wp-content\/uploads\/2022\/07\/waste-tank-deodorizer-porta-pak-lavender.jpg","width":800,"height":764,"caption":"Porta-potti deodoriser"},{"@type":"BreadcrumbList","@id":"https:\/\/walexcamper.com\/de\/produkt\/toiletten-desodorant\/#breadcrumb","itemListElement":[{"@type":"ListItem","position":1,"name":"Home","item":"https:\/\/walexcamper.com\/de\/"},{"@type":"ListItem","position":2,"name":"Winkel","item":"https:\/\/walexcamper.com\/nl\/winkel\/"},{"@type":"ListItem","position":3,"name":"Porta-Pak Lavendel Frisch"}]},{"@type":"WebSite","@id":"https:\/\/walexcamper.com\/#website","url":"https:\/\/walexcamper.com\/","name":"walexcamper.com","description":"Waste treatment and deodorants for campers","publisher":{"@id":"https:\/\/walexcamper.com\/#organization"},"potentialAction":[{"@type":"SearchAction","target":{"@type":"EntryPoint","urlTemplate":"https:\/\/walexcamper.com\/?s={search_term_string}"},"query-input":{"@type":"PropertyValueSpecification","valueRequired":true,"valueName":"search_term_string"}}],"inLanguage":"de"},{"@type":"Organization","@id":"https:\/\/walexcamper.com\/#organization","name":"WALEX Products Company Europe B.V.","url":"https:\/\/walexcamper.com\/","logo":{"@type":"ImageObject","inLanguage":"de","@id":"https:\/\/walexcamper.com\/#\/schema\/logo\/image\/","url":"https:\/\/walexcamper.com\/wp-content\/uploads\/2022\/07\/flavicon.png","contentUrl":"https:\/\/walexcamper.com\/wp-content\/uploads\/2022\/07\/flavicon.png","width":512,"height":512,"caption":"WALEX Products Company Europe B.V."},"image":{"@id":"https:\/\/walexcamper.com\/#\/schema\/logo\/image\/"}}]}},"_links":{"self":[{"href":"https:\/\/walexcamper.com\/de\/wp-json\/wp\/v2\/product\/312","targetHints":{"allow":["GET"]}}],"collection":[{"href":"https:\/\/walexcamper.com\/de\/wp-json\/wp\/v2\/product"}],"about":[{"href":"https:\/\/walexcamper.com\/de\/wp-json\/wp\/v2\/types\/product"}],"replies":[{"embeddable":true,"href":"https:\/\/walexcamper.com\/de\/wp-json\/wp\/v2\/comments?post=312"}],"wp:featuredmedia":[{"embeddable":true,"href":"https:\/\/walexcamper.com\/de\/wp-json\/wp\/v2\/media\/128"}],"wp:attachment":[{"href":"https:\/\/walexcamper.com\/de\/wp-json\/wp\/v2\/media?parent=312"}],"wp:term":[{"taxonomy":"product_brand","embeddable":true,"href":"https:\/\/walexcamper.com\/de\/wp-json\/wp\/v2\/product_brand?post=312"},{"taxonomy":"product_cat","embeddable":true,"href":"https:\/\/walexcamper.com\/de\/wp-json\/wp\/v2\/product_cat?post=312"},{"taxonomy":"product_tag","embeddable":true,"href":"https:\/\/walexcamper.com\/de\/wp-json\/wp\/v2\/product_tag?post=312"}],"curies":[{"name":"wp","href":"https:\/\/api.w.org\/{rel}","templated":true}]}}