{"id":620,"date":"2022-07-19T11:15:05","date_gmt":"2022-07-19T11:15:05","guid":{"rendered":"https:\/\/walexcamper.com\/product\/odour-eliminator-assure\/"},"modified":"2022-08-09T11:52:48","modified_gmt":"2022-08-09T11:52:48","slug":"duftspray-assure","status":"publish","type":"product","link":"https:\/\/walexcamper.com\/de\/produkt\/duftspray-assure\/","title":{"rendered":"Duftspray Assure"},"content":{"rendered":"<p>Duftspray Assure zerst\u00f6rt Geruchsmolek\u00fcle bei Kontakt, sowohl in der Luft als auch auf Stoffen. Zur Verwendung auf Sofas, St\u00fchlen, Teppichen und anderen Stoffoberfl\u00e4chen. Hinterl\u00e4sst den Bereich mit einem frischen Duft, der anh\u00e4lt.<\/p>\n<p>Speziell entwickelt, um selbst die hartn\u00e4ckigsten Haustier-, M\u00fcll- und Badezimmerger\u00fcche zu bek\u00e4mpfen. Auch ideal zum Entfernen von Rauch, Schimmel und Mehltau oder \u00fcberall dort, wo ein fauliger Geruch vorhanden ist. Sicher f\u00fcr den Einsatz in der N\u00e4he von Hunden und Katzen.<\/p>\n<p>Enth\u00e4lt nat\u00fcrliche \u00e4therische \u00d6le<br \/>\n\u00b7 Verstopft das Mundst\u00fcck nicht<br \/>\n\u00b7 Ungiftig<br \/>\n\u00b7 Umweltfreundlich<\/p>\n","protected":false},"excerpt":{"rendered":"<p>Duftspray f\u00fcr den Einsatz in Reisemobil und Caravan. Zur Verwendung auf Sofas, St\u00fchlen, Teppichen und anderen Stoffoberfl\u00e4chen. Sicher f\u00fcr den Einsatz in der N\u00e4he von Hunden und Katzen.<\/p>\n","protected":false},"featured_media":613,"comment_status":"open","ping_status":"closed","template":"","meta":[],"product_brand":[],"product_cat":[80],"product_tag":[],"class_list":{"0":"post-620","1":"product","2":"type-product","3":"status-publish","4":"has-post-thumbnail","6":"product_cat-lufterfrischer","8":"first","9":"instock","10":"taxable","11":"shipping-taxable","12":"purchasable","13":"product-type-simple"},"yoast_head":"<!-- This site is optimized with the Yoast SEO plugin v24.7 - https:\/\/yoast.com\/wordpress\/plugins\/seo\/ -->\n<title>Duftspray Assure<\/title>\n<meta name=\"description\" content=\"Duftspray f\u00fcr den Einsatz in wohnmobil, zur Verwendung auf Sofas, St\u00fchlen, Teppichen. Sicher f\u00fcr den Einsatz in der N\u00e4he von Hunden und Katzen.\" \/>\n<meta name=\"robots\" content=\"index, follow, max-snippet:-1, max-image-preview:large, max-video-preview:-1\" \/>\n<link rel=\"canonical\" href=\"https:\/\/walexcamper.com\/de\/produkt\/duftspray-assure\/\" \/>\n<meta property=\"og:locale\" content=\"de_DE\" \/>\n<meta property=\"og:type\" content=\"article\" \/>\n<meta property=\"og:title\" content=\"Duftspray Assure\" \/>\n<meta property=\"og:description\" content=\"Duftspray f\u00fcr den Einsatz in wohnmobil, zur Verwendung auf Sofas, St\u00fchlen, Teppichen. Sicher f\u00fcr den Einsatz in der N\u00e4he von Hunden und Katzen.\" \/>\n<meta property=\"og:url\" content=\"https:\/\/walexcamper.com\/de\/produkt\/duftspray-assure\/\" \/>\n<meta property=\"og:site_name\" content=\"walexcamper.com\" \/>\n<meta property=\"article:modified_time\" content=\"2022-08-09T11:52:48+00:00\" \/>\n<meta property=\"og:image\" content=\"https:\/\/walexcamper.com\/wp-content\/uploads\/2022\/07\/odour-eliminator.jpg\" \/>\n\t<meta property=\"og:image:width\" content=\"600\" \/>\n\t<meta property=\"og:image:height\" content=\"544\" \/>\n\t<meta property=\"og:image:type\" content=\"image\/jpeg\" \/>\n<meta name=\"twitter:card\" content=\"summary_large_image\" \/>\n<meta name=\"twitter:label1\" content=\"Gesch\u00e4tzte Lesezeit\" \/>\n\t<meta name=\"twitter:data1\" content=\"1\u00a0Minute\" \/>\n<script type=\"application\/ld+json\" class=\"yoast-schema-graph\">{\"@context\":\"https:\/\/schema.org\",\"@graph\":[{\"@type\":\"WebPage\",\"@id\":\"https:\/\/walexcamper.com\/de\/produkt\/duftspray-assure\/\",\"url\":\"https:\/\/walexcamper.com\/de\/produkt\/duftspray-assure\/\",\"name\":\"Duftspray Assure\",\"isPartOf\":{\"@id\":\"https:\/\/walexcamper.com\/#website\"},\"primaryImageOfPage\":{\"@id\":\"https:\/\/walexcamper.com\/de\/produkt\/duftspray-assure\/#primaryimage\"},\"image\":{\"@id\":\"https:\/\/walexcamper.com\/de\/produkt\/duftspray-assure\/#primaryimage\"},\"thumbnailUrl\":\"https:\/\/walexcamper.com\/wp-content\/uploads\/2022\/07\/odour-eliminator.jpg\",\"datePublished\":\"2022-07-19T11:15:05+00:00\",\"dateModified\":\"2022-08-09T11:52:48+00:00\",\"description\":\"Duftspray f\u00fcr den Einsatz in wohnmobil, zur Verwendung auf Sofas, St\u00fchlen, Teppichen. Sicher f\u00fcr den Einsatz in der N\u00e4he von Hunden und Katzen.\",\"breadcrumb\":{\"@id\":\"https:\/\/walexcamper.com\/de\/produkt\/duftspray-assure\/#breadcrumb\"},\"inLanguage\":\"de\",\"potentialAction\":[{\"@type\":\"ReadAction\",\"target\":[\"https:\/\/walexcamper.com\/de\/produkt\/duftspray-assure\/\"]}]},{\"@type\":\"ImageObject\",\"inLanguage\":\"de\",\"@id\":\"https:\/\/walexcamper.com\/de\/produkt\/duftspray-assure\/#primaryimage\",\"url\":\"https:\/\/walexcamper.com\/wp-content\/uploads\/2022\/07\/odour-eliminator.jpg\",\"contentUrl\":\"https:\/\/walexcamper.com\/wp-content\/uploads\/2022\/07\/odour-eliminator.jpg\",\"width\":600,\"height\":544,\"caption\":\"duftspray\"},{\"@type\":\"BreadcrumbList\",\"@id\":\"https:\/\/walexcamper.com\/de\/produkt\/duftspray-assure\/#breadcrumb\",\"itemListElement\":[{\"@type\":\"ListItem\",\"position\":1,\"name\":\"Home\",\"item\":\"https:\/\/walexcamper.com\/de\/\"},{\"@type\":\"ListItem\",\"position\":2,\"name\":\"Winkel\",\"item\":\"https:\/\/walexcamper.com\/nl\/winkel\/\"},{\"@type\":\"ListItem\",\"position\":3,\"name\":\"Duftspray Assure\"}]},{\"@type\":\"WebSite\",\"@id\":\"https:\/\/walexcamper.com\/#website\",\"url\":\"https:\/\/walexcamper.com\/\",\"name\":\"walexcamper.com\",\"description\":\"Waste treatment and deodorants for campers\",\"publisher\":{\"@id\":\"https:\/\/walexcamper.com\/#organization\"},\"potentialAction\":[{\"@type\":\"SearchAction\",\"target\":{\"@type\":\"EntryPoint\",\"urlTemplate\":\"https:\/\/walexcamper.com\/?s={search_term_string}\"},\"query-input\":{\"@type\":\"PropertyValueSpecification\",\"valueRequired\":true,\"valueName\":\"search_term_string\"}}],\"inLanguage\":\"de\"},{\"@type\":\"Organization\",\"@id\":\"https:\/\/walexcamper.com\/#organization\",\"name\":\"WALEX Products Company Europe B.V.\",\"url\":\"https:\/\/walexcamper.com\/\",\"logo\":{\"@type\":\"ImageObject\",\"inLanguage\":\"de\",\"@id\":\"https:\/\/walexcamper.com\/#\/schema\/logo\/image\/\",\"url\":\"https:\/\/walexcamper.com\/wp-content\/uploads\/2022\/07\/flavicon.png\",\"contentUrl\":\"https:\/\/walexcamper.com\/wp-content\/uploads\/2022\/07\/flavicon.png\",\"width\":512,\"height\":512,\"caption\":\"WALEX Products Company Europe B.V.\"},\"image\":{\"@id\":\"https:\/\/walexcamper.com\/#\/schema\/logo\/image\/\"}}]}<\/script>\n<!-- \/ Yoast SEO plugin. -->","yoast_head_json":{"title":"Duftspray Assure","description":"Duftspray f\u00fcr den Einsatz in wohnmobil, zur Verwendung auf Sofas, St\u00fchlen, Teppichen. Sicher f\u00fcr den Einsatz in der N\u00e4he von Hunden und Katzen.","robots":{"index":"index","follow":"follow","max-snippet":"max-snippet:-1","max-image-preview":"max-image-preview:large","max-video-preview":"max-video-preview:-1"},"canonical":"https:\/\/walexcamper.com\/de\/produkt\/duftspray-assure\/","og_locale":"de_DE","og_type":"article","og_title":"Duftspray Assure","og_description":"Duftspray f\u00fcr den Einsatz in wohnmobil, zur Verwendung auf Sofas, St\u00fchlen, Teppichen. Sicher f\u00fcr den Einsatz in der N\u00e4he von Hunden und Katzen.","og_url":"https:\/\/walexcamper.com\/de\/produkt\/duftspray-assure\/","og_site_name":"walexcamper.com","article_modified_time":"2022-08-09T11:52:48+00:00","og_image":[{"width":600,"height":544,"url":"https:\/\/walexcamper.com\/wp-content\/uploads\/2022\/07\/odour-eliminator.jpg","type":"image\/jpeg"}],"twitter_card":"summary_large_image","twitter_misc":{"Gesch\u00e4tzte Lesezeit":"1\u00a0Minute"},"schema":{"@context":"https:\/\/schema.org","@graph":[{"@type":"WebPage","@id":"https:\/\/walexcamper.com\/de\/produkt\/duftspray-assure\/","url":"https:\/\/walexcamper.com\/de\/produkt\/duftspray-assure\/","name":"Duftspray Assure","isPartOf":{"@id":"https:\/\/walexcamper.com\/#website"},"primaryImageOfPage":{"@id":"https:\/\/walexcamper.com\/de\/produkt\/duftspray-assure\/#primaryimage"},"image":{"@id":"https:\/\/walexcamper.com\/de\/produkt\/duftspray-assure\/#primaryimage"},"thumbnailUrl":"https:\/\/walexcamper.com\/wp-content\/uploads\/2022\/07\/odour-eliminator.jpg","datePublished":"2022-07-19T11:15:05+00:00","dateModified":"2022-08-09T11:52:48+00:00","description":"Duftspray f\u00fcr den Einsatz in wohnmobil, zur Verwendung auf Sofas, St\u00fchlen, Teppichen. Sicher f\u00fcr den Einsatz in der N\u00e4he von Hunden und Katzen.","breadcrumb":{"@id":"https:\/\/walexcamper.com\/de\/produkt\/duftspray-assure\/#breadcrumb"},"inLanguage":"de","potentialAction":[{"@type":"ReadAction","target":["https:\/\/walexcamper.com\/de\/produkt\/duftspray-assure\/"]}]},{"@type":"ImageObject","inLanguage":"de","@id":"https:\/\/walexcamper.com\/de\/produkt\/duftspray-assure\/#primaryimage","url":"https:\/\/walexcamper.com\/wp-content\/uploads\/2022\/07\/odour-eliminator.jpg","contentUrl":"https:\/\/walexcamper.com\/wp-content\/uploads\/2022\/07\/odour-eliminator.jpg","width":600,"height":544,"caption":"duftspray"},{"@type":"BreadcrumbList","@id":"https:\/\/walexcamper.com\/de\/produkt\/duftspray-assure\/#breadcrumb","itemListElement":[{"@type":"ListItem","position":1,"name":"Home","item":"https:\/\/walexcamper.com\/de\/"},{"@type":"ListItem","position":2,"name":"Winkel","item":"https:\/\/walexcamper.com\/nl\/winkel\/"},{"@type":"ListItem","position":3,"name":"Duftspray Assure"}]},{"@type":"WebSite","@id":"https:\/\/walexcamper.com\/#website","url":"https:\/\/walexcamper.com\/","name":"walexcamper.com","description":"Waste treatment and deodorants for campers","publisher":{"@id":"https:\/\/walexcamper.com\/#organization"},"potentialAction":[{"@type":"SearchAction","target":{"@type":"EntryPoint","urlTemplate":"https:\/\/walexcamper.com\/?s={search_term_string}"},"query-input":{"@type":"PropertyValueSpecification","valueRequired":true,"valueName":"search_term_string"}}],"inLanguage":"de"},{"@type":"Organization","@id":"https:\/\/walexcamper.com\/#organization","name":"WALEX Products Company Europe B.V.","url":"https:\/\/walexcamper.com\/","logo":{"@type":"ImageObject","inLanguage":"de","@id":"https:\/\/walexcamper.com\/#\/schema\/logo\/image\/","url":"https:\/\/walexcamper.com\/wp-content\/uploads\/2022\/07\/flavicon.png","contentUrl":"https:\/\/walexcamper.com\/wp-content\/uploads\/2022\/07\/flavicon.png","width":512,"height":512,"caption":"WALEX Products Company Europe B.V."},"image":{"@id":"https:\/\/walexcamper.com\/#\/schema\/logo\/image\/"}}]}},"_links":{"self":[{"href":"https:\/\/walexcamper.com\/de\/wp-json\/wp\/v2\/product\/620","targetHints":{"allow":["GET"]}}],"collection":[{"href":"https:\/\/walexcamper.com\/de\/wp-json\/wp\/v2\/product"}],"about":[{"href":"https:\/\/walexcamper.com\/de\/wp-json\/wp\/v2\/types\/product"}],"replies":[{"embeddable":true,"href":"https:\/\/walexcamper.com\/de\/wp-json\/wp\/v2\/comments?post=620"}],"wp:featuredmedia":[{"embeddable":true,"href":"https:\/\/walexcamper.com\/de\/wp-json\/wp\/v2\/media\/613"}],"wp:attachment":[{"href":"https:\/\/walexcamper.com\/de\/wp-json\/wp\/v2\/media?parent=620"}],"wp:term":[{"taxonomy":"product_brand","embeddable":true,"href":"https:\/\/walexcamper.com\/de\/wp-json\/wp\/v2\/product_brand?post=620"},{"taxonomy":"product_cat","embeddable":true,"href":"https:\/\/walexcamper.com\/de\/wp-json\/wp\/v2\/product_cat?post=620"},{"taxonomy":"product_tag","embeddable":true,"href":"https:\/\/walexcamper.com\/de\/wp-json\/wp\/v2\/product_tag?post=620"}],"curies":[{"name":"wp","href":"https:\/\/api.w.org\/{rel}","templated":true}]}}