{"id":931,"date":"2022-07-19T11:31:42","date_gmt":"2022-07-19T11:31:42","guid":{"rendered":"https:\/\/walexcamper.com\/?post_type=product&#038;p=931"},"modified":"2025-08-04T15:00:58","modified_gmt":"2025-08-04T15:00:58","slug":"duftscheiben","status":"publish","type":"product","link":"https:\/\/walexcamper.com\/de\/produkt\/duftscheiben\/","title":{"rendered":"Duftscheiben"},"content":{"rendered":"<p>Walex Duftscheiben verbreiten 2 bis 4 Wochen lang einen frischen Duft. Die Deo-Discs sind ideal f\u00fcr Ihr Wohnmobil, Ihren Wohnwagen und Ihr Boot. Die Duftscheiben sind f\u00fcr eine lange Haltbarkeit in einem versiegelten Beutel mit Verschlu\u00df verpackt. Die Scheiben k\u00f6nnen einfach an einem Haken aufgeh\u00e4ngt oder in die Halterung gesteckt werden.<\/p>\n<p>Erh\u00e4ltlich in den D\u00fcften:<br \/>\n\u2022 Kirsche \u2022 Zitrone \u2022 Zimtgew\u00fcrz \u2022 Kaugummi \u2022 Maulbeere<\/p>\n<p>&nbsp;<\/p>\n<p><img loading=\"lazy\" decoding=\"async\" class=\"alignnone size-full wp-image-639\" src=\"https:\/\/walexcamper.com\/wp-content\/uploads\/2022\/07\/geuren-geurschijven-300x78-1.png\" alt=\"\" width=\"300\" height=\"78\" \/><\/p>\n","protected":false},"excerpt":{"rendered":"<p>Walex Duftscheiben verbreiten 2 bis 4 Wochen lang einen frischen Duft. Die Deo-Discs sind ideal f\u00fcr Ihr Wohnmobil, Ihren Wohnwagen und Ihr Boot. Die Duftscheiben sind f\u00fcr eine lange Haltbarkeit in einem versiegelten Beutel mit Verschlu\u00df verpackt. Die Scheiben k\u00f6nnen einfach an einem Haken aufgeh\u00e4ngt oder in die Halterung gesteckt werden.<\/p>\n<p>&nbsp;<\/p>\n","protected":false},"featured_media":182,"comment_status":"open","ping_status":"closed","template":"","meta":[],"product_brand":[],"product_cat":[136],"product_tag":[],"class_list":{"0":"post-931","1":"product","2":"type-product","3":"status-publish","4":"has-post-thumbnail","6":"product_cat-duftscheiben-lufterfrischer","8":"first","9":"instock","10":"taxable","11":"shipping-taxable","12":"purchasable","13":"product-type-variable"},"yoast_head":"<!-- This site is optimized with the Yoast SEO plugin v24.7 - https:\/\/yoast.com\/wordpress\/plugins\/seo\/ -->\n<title>Duftscheiben verbreiten eine Woche lang einen frischen Duft<\/title>\n<meta name=\"description\" content=\"Walex Duftscheiben verbreiten eine Woche lang einen frischen Duft. Die Deo-Discs sind ideal f\u00fcr Ihr Wohnmobil, Ihren Wohnwagen und Ihr Boot.\" \/>\n<meta name=\"robots\" content=\"index, follow, max-snippet:-1, max-image-preview:large, max-video-preview:-1\" \/>\n<link rel=\"canonical\" href=\"https:\/\/walexcamper.com\/de\/produkt\/duftscheiben\/\" \/>\n<meta property=\"og:locale\" content=\"de_DE\" \/>\n<meta property=\"og:type\" content=\"article\" \/>\n<meta property=\"og:title\" content=\"Duftscheiben verbreiten eine Woche lang einen frischen Duft\" \/>\n<meta property=\"og:description\" content=\"Walex Duftscheiben verbreiten eine Woche lang einen frischen Duft. Die Deo-Discs sind ideal f\u00fcr Ihr Wohnmobil, Ihren Wohnwagen und Ihr Boot.\" \/>\n<meta property=\"og:url\" content=\"https:\/\/walexcamper.com\/de\/produkt\/duftscheiben\/\" \/>\n<meta property=\"og:site_name\" content=\"walexcamper.com\" \/>\n<meta property=\"article:modified_time\" content=\"2025-08-04T15:00:58+00:00\" \/>\n<meta property=\"og:image\" content=\"https:\/\/walexcamper.com\/wp-content\/uploads\/2022\/07\/sunglow-fragrance-disc.jpg\" \/>\n\t<meta property=\"og:image:width\" content=\"800\" \/>\n\t<meta property=\"og:image:height\" content=\"764\" \/>\n\t<meta property=\"og:image:type\" content=\"image\/jpeg\" \/>\n<meta name=\"twitter:card\" content=\"summary_large_image\" \/>\n<meta name=\"twitter:label1\" content=\"Gesch\u00e4tzte Lesezeit\" \/>\n\t<meta name=\"twitter:data1\" content=\"1\u00a0Minute\" \/>\n<script type=\"application\/ld+json\" class=\"yoast-schema-graph\">{\"@context\":\"https:\/\/schema.org\",\"@graph\":[{\"@type\":\"WebPage\",\"@id\":\"https:\/\/walexcamper.com\/de\/produkt\/duftscheiben\/\",\"url\":\"https:\/\/walexcamper.com\/de\/produkt\/duftscheiben\/\",\"name\":\"Duftscheiben verbreiten eine Woche lang einen frischen Duft\",\"isPartOf\":{\"@id\":\"https:\/\/walexcamper.com\/#website\"},\"primaryImageOfPage\":{\"@id\":\"https:\/\/walexcamper.com\/de\/produkt\/duftscheiben\/#primaryimage\"},\"image\":{\"@id\":\"https:\/\/walexcamper.com\/de\/produkt\/duftscheiben\/#primaryimage\"},\"thumbnailUrl\":\"https:\/\/walexcamper.com\/wp-content\/uploads\/2022\/07\/sunglow-fragrance-disc.jpg\",\"datePublished\":\"2022-07-19T11:31:42+00:00\",\"dateModified\":\"2025-08-04T15:00:58+00:00\",\"description\":\"Walex Duftscheiben verbreiten eine Woche lang einen frischen Duft. Die Deo-Discs sind ideal f\u00fcr Ihr Wohnmobil, Ihren Wohnwagen und Ihr Boot.\",\"breadcrumb\":{\"@id\":\"https:\/\/walexcamper.com\/de\/produkt\/duftscheiben\/#breadcrumb\"},\"inLanguage\":\"de\",\"potentialAction\":[{\"@type\":\"ReadAction\",\"target\":[\"https:\/\/walexcamper.com\/de\/produkt\/duftscheiben\/\"]}]},{\"@type\":\"ImageObject\",\"inLanguage\":\"de\",\"@id\":\"https:\/\/walexcamper.com\/de\/produkt\/duftscheiben\/#primaryimage\",\"url\":\"https:\/\/walexcamper.com\/wp-content\/uploads\/2022\/07\/sunglow-fragrance-disc.jpg\",\"contentUrl\":\"https:\/\/walexcamper.com\/wp-content\/uploads\/2022\/07\/sunglow-fragrance-disc.jpg\",\"width\":800,\"height\":764,\"caption\":\"duftscheiben\"},{\"@type\":\"BreadcrumbList\",\"@id\":\"https:\/\/walexcamper.com\/de\/produkt\/duftscheiben\/#breadcrumb\",\"itemListElement\":[{\"@type\":\"ListItem\",\"position\":1,\"name\":\"Home\",\"item\":\"https:\/\/walexcamper.com\/de\/\"},{\"@type\":\"ListItem\",\"position\":2,\"name\":\"Winkel\",\"item\":\"https:\/\/walexcamper.com\/nl\/winkel\/\"},{\"@type\":\"ListItem\",\"position\":3,\"name\":\"Duftscheiben\"}]},{\"@type\":\"WebSite\",\"@id\":\"https:\/\/walexcamper.com\/#website\",\"url\":\"https:\/\/walexcamper.com\/\",\"name\":\"walexcamper.com\",\"description\":\"Waste treatment and deodorants for campers\",\"publisher\":{\"@id\":\"https:\/\/walexcamper.com\/#organization\"},\"potentialAction\":[{\"@type\":\"SearchAction\",\"target\":{\"@type\":\"EntryPoint\",\"urlTemplate\":\"https:\/\/walexcamper.com\/?s={search_term_string}\"},\"query-input\":{\"@type\":\"PropertyValueSpecification\",\"valueRequired\":true,\"valueName\":\"search_term_string\"}}],\"inLanguage\":\"de\"},{\"@type\":\"Organization\",\"@id\":\"https:\/\/walexcamper.com\/#organization\",\"name\":\"WALEX Products Company Europe B.V.\",\"url\":\"https:\/\/walexcamper.com\/\",\"logo\":{\"@type\":\"ImageObject\",\"inLanguage\":\"de\",\"@id\":\"https:\/\/walexcamper.com\/#\/schema\/logo\/image\/\",\"url\":\"https:\/\/walexcamper.com\/wp-content\/uploads\/2022\/07\/flavicon.png\",\"contentUrl\":\"https:\/\/walexcamper.com\/wp-content\/uploads\/2022\/07\/flavicon.png\",\"width\":512,\"height\":512,\"caption\":\"WALEX Products Company Europe B.V.\"},\"image\":{\"@id\":\"https:\/\/walexcamper.com\/#\/schema\/logo\/image\/\"}}]}<\/script>\n<!-- \/ Yoast SEO plugin. -->","yoast_head_json":{"title":"Duftscheiben verbreiten eine Woche lang einen frischen Duft","description":"Walex Duftscheiben verbreiten eine Woche lang einen frischen Duft. Die Deo-Discs sind ideal f\u00fcr Ihr Wohnmobil, Ihren Wohnwagen und Ihr Boot.","robots":{"index":"index","follow":"follow","max-snippet":"max-snippet:-1","max-image-preview":"max-image-preview:large","max-video-preview":"max-video-preview:-1"},"canonical":"https:\/\/walexcamper.com\/de\/produkt\/duftscheiben\/","og_locale":"de_DE","og_type":"article","og_title":"Duftscheiben verbreiten eine Woche lang einen frischen Duft","og_description":"Walex Duftscheiben verbreiten eine Woche lang einen frischen Duft. Die Deo-Discs sind ideal f\u00fcr Ihr Wohnmobil, Ihren Wohnwagen und Ihr Boot.","og_url":"https:\/\/walexcamper.com\/de\/produkt\/duftscheiben\/","og_site_name":"walexcamper.com","article_modified_time":"2025-08-04T15:00:58+00:00","og_image":[{"width":800,"height":764,"url":"https:\/\/walexcamper.com\/wp-content\/uploads\/2022\/07\/sunglow-fragrance-disc.jpg","type":"image\/jpeg"}],"twitter_card":"summary_large_image","twitter_misc":{"Gesch\u00e4tzte Lesezeit":"1\u00a0Minute"},"schema":{"@context":"https:\/\/schema.org","@graph":[{"@type":"WebPage","@id":"https:\/\/walexcamper.com\/de\/produkt\/duftscheiben\/","url":"https:\/\/walexcamper.com\/de\/produkt\/duftscheiben\/","name":"Duftscheiben verbreiten eine Woche lang einen frischen Duft","isPartOf":{"@id":"https:\/\/walexcamper.com\/#website"},"primaryImageOfPage":{"@id":"https:\/\/walexcamper.com\/de\/produkt\/duftscheiben\/#primaryimage"},"image":{"@id":"https:\/\/walexcamper.com\/de\/produkt\/duftscheiben\/#primaryimage"},"thumbnailUrl":"https:\/\/walexcamper.com\/wp-content\/uploads\/2022\/07\/sunglow-fragrance-disc.jpg","datePublished":"2022-07-19T11:31:42+00:00","dateModified":"2025-08-04T15:00:58+00:00","description":"Walex Duftscheiben verbreiten eine Woche lang einen frischen Duft. Die Deo-Discs sind ideal f\u00fcr Ihr Wohnmobil, Ihren Wohnwagen und Ihr Boot.","breadcrumb":{"@id":"https:\/\/walexcamper.com\/de\/produkt\/duftscheiben\/#breadcrumb"},"inLanguage":"de","potentialAction":[{"@type":"ReadAction","target":["https:\/\/walexcamper.com\/de\/produkt\/duftscheiben\/"]}]},{"@type":"ImageObject","inLanguage":"de","@id":"https:\/\/walexcamper.com\/de\/produkt\/duftscheiben\/#primaryimage","url":"https:\/\/walexcamper.com\/wp-content\/uploads\/2022\/07\/sunglow-fragrance-disc.jpg","contentUrl":"https:\/\/walexcamper.com\/wp-content\/uploads\/2022\/07\/sunglow-fragrance-disc.jpg","width":800,"height":764,"caption":"duftscheiben"},{"@type":"BreadcrumbList","@id":"https:\/\/walexcamper.com\/de\/produkt\/duftscheiben\/#breadcrumb","itemListElement":[{"@type":"ListItem","position":1,"name":"Home","item":"https:\/\/walexcamper.com\/de\/"},{"@type":"ListItem","position":2,"name":"Winkel","item":"https:\/\/walexcamper.com\/nl\/winkel\/"},{"@type":"ListItem","position":3,"name":"Duftscheiben"}]},{"@type":"WebSite","@id":"https:\/\/walexcamper.com\/#website","url":"https:\/\/walexcamper.com\/","name":"walexcamper.com","description":"Waste treatment and deodorants for campers","publisher":{"@id":"https:\/\/walexcamper.com\/#organization"},"potentialAction":[{"@type":"SearchAction","target":{"@type":"EntryPoint","urlTemplate":"https:\/\/walexcamper.com\/?s={search_term_string}"},"query-input":{"@type":"PropertyValueSpecification","valueRequired":true,"valueName":"search_term_string"}}],"inLanguage":"de"},{"@type":"Organization","@id":"https:\/\/walexcamper.com\/#organization","name":"WALEX Products Company Europe B.V.","url":"https:\/\/walexcamper.com\/","logo":{"@type":"ImageObject","inLanguage":"de","@id":"https:\/\/walexcamper.com\/#\/schema\/logo\/image\/","url":"https:\/\/walexcamper.com\/wp-content\/uploads\/2022\/07\/flavicon.png","contentUrl":"https:\/\/walexcamper.com\/wp-content\/uploads\/2022\/07\/flavicon.png","width":512,"height":512,"caption":"WALEX Products Company Europe B.V."},"image":{"@id":"https:\/\/walexcamper.com\/#\/schema\/logo\/image\/"}}]}},"_links":{"self":[{"href":"https:\/\/walexcamper.com\/de\/wp-json\/wp\/v2\/product\/931","targetHints":{"allow":["GET"]}}],"collection":[{"href":"https:\/\/walexcamper.com\/de\/wp-json\/wp\/v2\/product"}],"about":[{"href":"https:\/\/walexcamper.com\/de\/wp-json\/wp\/v2\/types\/product"}],"replies":[{"embeddable":true,"href":"https:\/\/walexcamper.com\/de\/wp-json\/wp\/v2\/comments?post=931"}],"wp:featuredmedia":[{"embeddable":true,"href":"https:\/\/walexcamper.com\/de\/wp-json\/wp\/v2\/media\/182"}],"wp:attachment":[{"href":"https:\/\/walexcamper.com\/de\/wp-json\/wp\/v2\/media?parent=931"}],"wp:term":[{"taxonomy":"product_brand","embeddable":true,"href":"https:\/\/walexcamper.com\/de\/wp-json\/wp\/v2\/product_brand?post=931"},{"taxonomy":"product_cat","embeddable":true,"href":"https:\/\/walexcamper.com\/de\/wp-json\/wp\/v2\/product_cat?post=931"},{"taxonomy":"product_tag","embeddable":true,"href":"https:\/\/walexcamper.com\/de\/wp-json\/wp\/v2\/product_tag?post=931"}],"curies":[{"name":"wp","href":"https:\/\/api.w.org\/{rel}","templated":true}]}}