{"id":1005,"date":"2022-07-06T10:56:29","date_gmt":"2022-07-06T10:56:29","guid":{"rendered":"https:\/\/walexcamper.com\/privacy-policy\/"},"modified":"2022-08-04T14:44:46","modified_gmt":"2022-08-04T14:44:46","slug":"politique-de-confidentialite","status":"publish","type":"page","link":"https:\/\/walexcamper.com\/fr\/politique-de-confidentialite\/","title":{"rendered":"Politique de confidentialit\u00e9"},"content":{"rendered":"<p>Port\u00e9e<br \/>\nCette d\u00e9claration de protection des donn\u00e9es vise \u00e0 informer les utilisateurs de ce site Web sur le type, l&#8217;\u00e9tendue et le but de la collecte et de l&#8217;utilisation des donn\u00e9es personnelles par l&#8217;exploitant du site Web [ins\u00e9rez vos coordonn\u00e9es] conform\u00e9ment \u00e0 la loi f\u00e9d\u00e9rale sur la protection des donn\u00e9es et \u00e0 la loi sur les t\u00e9l\u00e9m\u00e9dias. .<br \/>\nL&#8217;exploitant du site Web prend tr\u00e8s au s\u00e9rieux la protection de vos donn\u00e9es et traite vos donn\u00e9es personnelles de mani\u00e8re confidentielle et conform\u00e9ment aux dispositions l\u00e9gales.<br \/>\nGardez \u00e0 l&#8217;esprit que la transmission de donn\u00e9es sur Internet peut toujours pr\u00e9senter des failles de s\u00e9curit\u00e9. Une protection compl\u00e8te contre l&#8217;acc\u00e8s par des tiers n&#8217;est pas possible.<\/p>\n<p>Donn\u00e9es d&#8217;acc\u00e8s<br \/>\nL&#8217;exploitant du site Web ou le fournisseur du site collecte des donn\u00e9es sur l&#8217;acc\u00e8s au site et les enregistre sous forme de &#8220;fichiers journaux du serveur&#8221;. Les donn\u00e9es suivantes sont enregistr\u00e9es de cette mani\u00e8re\u00a0:<br \/>\n\u2022 Site Web visit\u00e9<br \/>\n\u2022 Heure d&#8217;acc\u00e8s<br \/>\n\u2022 Quantit\u00e9 de donn\u00e9es envoy\u00e9es en octets<br \/>\n\u2022 Source\/r\u00e9f\u00e9rence \u00e0 partir de laquelle vous \u00eates venu sur la page<br \/>\n\u2022 Navigateur utilis\u00e9<br \/>\n\u2022 Syst\u00e8me d&#8217;exploitation utilis\u00e9<br \/>\n\u2022 Adresse\u00a0IP utilis\u00e9e<br \/>\nLes donn\u00e9es collect\u00e9es ne sont utilis\u00e9es que pour des \u00e9valuations statistiques et pour am\u00e9liorer le site Web. Toutefois, l&#8217;exploitant du site Web se r\u00e9serve le droit de v\u00e9rifier ult\u00e9rieurement les fichiers journaux du serveur s&#8217;il existe des indices concrets d&#8217;utilisation ill\u00e9gale.<\/p>\n<p>Biscuits<br \/>\nCe site utilise des cookies. Ce sont de petits fichiers texte qui sont stock\u00e9s sur votre terminal. Votre navigateur acc\u00e8de \u00e0 ces fichiers. L&#8217;utilisation de cookies augmente la convivialit\u00e9 et la s\u00e9curit\u00e9 de ce site Web.<br \/>\nLes navigateurs courants offrent l&#8217;option de r\u00e9glage pour ne pas autoriser les cookies. Remarque : il n&#8217;y a aucune garantie que vous pourrez acc\u00e9der \u00e0 toutes les fonctions de ce site Web sans restriction si vous effectuez les r\u00e9glages appropri\u00e9s.<\/p>\n<p>Traitement des donn\u00e9es personnelles<br \/>\nL&#8217;exploitant du site Web ne collecte, n&#8217;utilise et ne transmet vos donn\u00e9es personnelles que si cela est autoris\u00e9 par la loi ou si vous consentez \u00e0 la collecte de donn\u00e9es.<br \/>\nLes donn\u00e9es personnelles sont toutes les informations qui sont utilis\u00e9es pour identifier votre personne et qui peuvent \u00eatre retrac\u00e9es jusqu&#8217;\u00e0 vous &#8211; par exemple votre nom, votre adresse e-mail et votre num\u00e9ro de t\u00e9l\u00e9phone.<\/p>\n<p>Compte d&#8217;utilisateur<br \/>\nAfin de pouvoir passer des commandes via cette offre, chaque client doit cr\u00e9er un compte client prot\u00e9g\u00e9 par un mot de passe. Cela inclut un aper\u00e7u des commandes pass\u00e9es et des processus de commande actifs. Si vous quittez la boutique en ligne en tant que client, vous serez automatiquement d\u00e9connect\u00e9.<br \/>\nL&#8217;exploitant d\u00e9cline toute responsabilit\u00e9 en cas d&#8217;utilisation abusive du mot de passe, \u00e0 moins qu&#8217;elle n&#8217;ait \u00e9t\u00e9 caus\u00e9e par l&#8217;exploitant lui-m\u00eame.<br \/>\nprocessus de commande<br \/>\nToutes les donn\u00e9es saisies par le client dans le cadre d&#8217;un traitement de commande sont enregistr\u00e9es. Ceci comprend:<br \/>\n\u2022 Nom Pr\u00e9nom<br \/>\n\u2022 Adresse<br \/>\n\u2022 Donn\u00e9es de paiement<br \/>\n\u2022 Adresse e-mail<br \/>\nLes donn\u00e9es absolument n\u00e9cessaires \u00e0 la livraison ou au traitement de la commande sont transmises \u00e0 des prestataires de services tiers. D\u00e8s que le stockage de vos donn\u00e9es ne sera plus n\u00e9cessaire ou requis par la loi, elles seront supprim\u00e9es.<\/p>\n<p>Traitement des informations de contact<br \/>\nSi vous contactez l&#8217;exploitant du site Web via les options de contact propos\u00e9es, vos coordonn\u00e9es seront enregistr\u00e9es afin qu&#8217;elles puissent \u00eatre utilis\u00e9es pour traiter et r\u00e9pondre \u00e0 votre demande. Ces donn\u00e9es ne seront pas transmises \u00e0 des tiers sans votre consentement.<br \/>\nTraitement des commentaires et des contributions<br \/>\nSi vous laissez une contribution ou un commentaire sur ce site Web, votre adresse IP sera enregistr\u00e9e. C&#8217;est pour la s\u00e9curit\u00e9 de l&#8217;op\u00e9rateur du site Web : si votre texte enfreint la loi, il veut pouvoir retracer votre identit\u00e9.<\/p>\n","protected":false},"excerpt":{"rendered":"<p>Port\u00e9e Cette d\u00e9claration de protection des donn\u00e9es vise \u00e0 informer les utilisateurs de ce site Web sur le type, l&#8217;\u00e9tendue et le but de la collecte et de l&#8217;utilisation des donn\u00e9es personnelles par l&#8217;exploitant du site Web [ins\u00e9rez vos coordonn\u00e9es] conform\u00e9ment \u00e0 la loi f\u00e9d\u00e9rale sur la protection des donn\u00e9es et \u00e0 la loi sur [&hellip;]<\/p>\n","protected":false},"author":1,"featured_media":0,"parent":0,"menu_order":0,"comment_status":"closed","ping_status":"open","template":"","meta":{"footnotes":""},"class_list":["post-1005","page","type-page","status-publish","hentry"],"yoast_head":"<!-- This site is optimized with the Yoast SEO plugin v24.7 - https:\/\/yoast.com\/wordpress\/plugins\/seo\/ -->\n<title>Politique de confidentialit\u00e9 - walexcamper.com<\/title>\n<meta name=\"robots\" content=\"index, follow, max-snippet:-1, max-image-preview:large, max-video-preview:-1\" \/>\n<link rel=\"canonical\" href=\"https:\/\/walexcamper.com\/fr\/politique-de-confidentialite\/\" \/>\n<meta property=\"og:locale\" content=\"fr_FR\" \/>\n<meta property=\"og:type\" content=\"article\" \/>\n<meta property=\"og:title\" content=\"Politique de confidentialit\u00e9 - walexcamper.com\" \/>\n<meta property=\"og:description\" content=\"Port\u00e9e Cette d\u00e9claration de protection des donn\u00e9es vise \u00e0 informer les utilisateurs de ce site Web sur le type, l&#8217;\u00e9tendue et le but de la collecte et de l&#8217;utilisation des donn\u00e9es personnelles par l&#8217;exploitant du site Web [ins\u00e9rez vos coordonn\u00e9es] conform\u00e9ment \u00e0 la loi f\u00e9d\u00e9rale sur la protection des donn\u00e9es et \u00e0 la loi sur [&hellip;]\" \/>\n<meta property=\"og:url\" content=\"https:\/\/walexcamper.com\/fr\/politique-de-confidentialite\/\" \/>\n<meta property=\"og:site_name\" content=\"walexcamper.com\" \/>\n<meta property=\"article:modified_time\" content=\"2022-08-04T14:44:46+00:00\" \/>\n<meta name=\"twitter:card\" content=\"summary_large_image\" \/>\n<meta name=\"twitter:label1\" content=\"Dur\u00e9e de lecture estim\u00e9e\" \/>\n\t<meta name=\"twitter:data1\" content=\"3 minutes\" \/>\n<script type=\"application\/ld+json\" class=\"yoast-schema-graph\">{\"@context\":\"https:\/\/schema.org\",\"@graph\":[{\"@type\":\"WebPage\",\"@id\":\"https:\/\/walexcamper.com\/fr\/politique-de-confidentialite\/\",\"url\":\"https:\/\/walexcamper.com\/fr\/politique-de-confidentialite\/\",\"name\":\"Politique de confidentialit\u00e9 - walexcamper.com\",\"isPartOf\":{\"@id\":\"https:\/\/walexcamper.com\/#website\"},\"datePublished\":\"2022-07-06T10:56:29+00:00\",\"dateModified\":\"2022-08-04T14:44:46+00:00\",\"breadcrumb\":{\"@id\":\"https:\/\/walexcamper.com\/fr\/politique-de-confidentialite\/#breadcrumb\"},\"inLanguage\":\"fr-FR\",\"potentialAction\":[{\"@type\":\"ReadAction\",\"target\":[\"https:\/\/walexcamper.com\/fr\/politique-de-confidentialite\/\"]}]},{\"@type\":\"BreadcrumbList\",\"@id\":\"https:\/\/walexcamper.com\/fr\/politique-de-confidentialite\/#breadcrumb\",\"itemListElement\":[{\"@type\":\"ListItem\",\"position\":1,\"name\":\"Home\",\"item\":\"https:\/\/walexcamper.com\/fr\/\"},{\"@type\":\"ListItem\",\"position\":2,\"name\":\"Politique de confidentialit\u00e9\"}]},{\"@type\":\"WebSite\",\"@id\":\"https:\/\/walexcamper.com\/#website\",\"url\":\"https:\/\/walexcamper.com\/\",\"name\":\"walexcamper.com\",\"description\":\"Waste treatment and deodorants for campers\",\"publisher\":{\"@id\":\"https:\/\/walexcamper.com\/#organization\"},\"potentialAction\":[{\"@type\":\"SearchAction\",\"target\":{\"@type\":\"EntryPoint\",\"urlTemplate\":\"https:\/\/walexcamper.com\/?s={search_term_string}\"},\"query-input\":{\"@type\":\"PropertyValueSpecification\",\"valueRequired\":true,\"valueName\":\"search_term_string\"}}],\"inLanguage\":\"fr-FR\"},{\"@type\":\"Organization\",\"@id\":\"https:\/\/walexcamper.com\/#organization\",\"name\":\"WALEX Products Company Europe B.V.\",\"url\":\"https:\/\/walexcamper.com\/\",\"logo\":{\"@type\":\"ImageObject\",\"inLanguage\":\"fr-FR\",\"@id\":\"https:\/\/walexcamper.com\/#\/schema\/logo\/image\/\",\"url\":\"https:\/\/walexcamper.com\/wp-content\/uploads\/2022\/07\/flavicon.png\",\"contentUrl\":\"https:\/\/walexcamper.com\/wp-content\/uploads\/2022\/07\/flavicon.png\",\"width\":512,\"height\":512,\"caption\":\"WALEX Products Company Europe B.V.\"},\"image\":{\"@id\":\"https:\/\/walexcamper.com\/#\/schema\/logo\/image\/\"}}]}<\/script>\n<!-- \/ Yoast SEO plugin. -->","yoast_head_json":{"title":"Politique de confidentialit\u00e9 - walexcamper.com","robots":{"index":"index","follow":"follow","max-snippet":"max-snippet:-1","max-image-preview":"max-image-preview:large","max-video-preview":"max-video-preview:-1"},"canonical":"https:\/\/walexcamper.com\/fr\/politique-de-confidentialite\/","og_locale":"fr_FR","og_type":"article","og_title":"Politique de confidentialit\u00e9 - walexcamper.com","og_description":"Port\u00e9e Cette d\u00e9claration de protection des donn\u00e9es vise \u00e0 informer les utilisateurs de ce site Web sur le type, l&#8217;\u00e9tendue et le but de la collecte et de l&#8217;utilisation des donn\u00e9es personnelles par l&#8217;exploitant du site Web [ins\u00e9rez vos coordonn\u00e9es] conform\u00e9ment \u00e0 la loi f\u00e9d\u00e9rale sur la protection des donn\u00e9es et \u00e0 la loi sur [&hellip;]","og_url":"https:\/\/walexcamper.com\/fr\/politique-de-confidentialite\/","og_site_name":"walexcamper.com","article_modified_time":"2022-08-04T14:44:46+00:00","twitter_card":"summary_large_image","twitter_misc":{"Dur\u00e9e de lecture estim\u00e9e":"3 minutes"},"schema":{"@context":"https:\/\/schema.org","@graph":[{"@type":"WebPage","@id":"https:\/\/walexcamper.com\/fr\/politique-de-confidentialite\/","url":"https:\/\/walexcamper.com\/fr\/politique-de-confidentialite\/","name":"Politique de confidentialit\u00e9 - walexcamper.com","isPartOf":{"@id":"https:\/\/walexcamper.com\/#website"},"datePublished":"2022-07-06T10:56:29+00:00","dateModified":"2022-08-04T14:44:46+00:00","breadcrumb":{"@id":"https:\/\/walexcamper.com\/fr\/politique-de-confidentialite\/#breadcrumb"},"inLanguage":"fr-FR","potentialAction":[{"@type":"ReadAction","target":["https:\/\/walexcamper.com\/fr\/politique-de-confidentialite\/"]}]},{"@type":"BreadcrumbList","@id":"https:\/\/walexcamper.com\/fr\/politique-de-confidentialite\/#breadcrumb","itemListElement":[{"@type":"ListItem","position":1,"name":"Home","item":"https:\/\/walexcamper.com\/fr\/"},{"@type":"ListItem","position":2,"name":"Politique de confidentialit\u00e9"}]},{"@type":"WebSite","@id":"https:\/\/walexcamper.com\/#website","url":"https:\/\/walexcamper.com\/","name":"walexcamper.com","description":"Waste treatment and deodorants for campers","publisher":{"@id":"https:\/\/walexcamper.com\/#organization"},"potentialAction":[{"@type":"SearchAction","target":{"@type":"EntryPoint","urlTemplate":"https:\/\/walexcamper.com\/?s={search_term_string}"},"query-input":{"@type":"PropertyValueSpecification","valueRequired":true,"valueName":"search_term_string"}}],"inLanguage":"fr-FR"},{"@type":"Organization","@id":"https:\/\/walexcamper.com\/#organization","name":"WALEX Products Company Europe B.V.","url":"https:\/\/walexcamper.com\/","logo":{"@type":"ImageObject","inLanguage":"fr-FR","@id":"https:\/\/walexcamper.com\/#\/schema\/logo\/image\/","url":"https:\/\/walexcamper.com\/wp-content\/uploads\/2022\/07\/flavicon.png","contentUrl":"https:\/\/walexcamper.com\/wp-content\/uploads\/2022\/07\/flavicon.png","width":512,"height":512,"caption":"WALEX Products Company Europe B.V."},"image":{"@id":"https:\/\/walexcamper.com\/#\/schema\/logo\/image\/"}}]}},"_links":{"self":[{"href":"https:\/\/walexcamper.com\/fr\/wp-json\/wp\/v2\/pages\/1005","targetHints":{"allow":["GET"]}}],"collection":[{"href":"https:\/\/walexcamper.com\/fr\/wp-json\/wp\/v2\/pages"}],"about":[{"href":"https:\/\/walexcamper.com\/fr\/wp-json\/wp\/v2\/types\/page"}],"author":[{"embeddable":true,"href":"https:\/\/walexcamper.com\/fr\/wp-json\/wp\/v2\/users\/1"}],"replies":[{"embeddable":true,"href":"https:\/\/walexcamper.com\/fr\/wp-json\/wp\/v2\/comments?post=1005"}],"version-history":[{"count":2,"href":"https:\/\/walexcamper.com\/fr\/wp-json\/wp\/v2\/pages\/1005\/revisions"}],"predecessor-version":[{"id":1011,"href":"https:\/\/walexcamper.com\/fr\/wp-json\/wp\/v2\/pages\/1005\/revisions\/1011"}],"wp:attachment":[{"href":"https:\/\/walexcamper.com\/fr\/wp-json\/wp\/v2\/media?parent=1005"}],"curies":[{"name":"wp","href":"https:\/\/api.w.org\/{rel}","templated":true}]}}