{"id":496,"date":"2022-07-13T07:44:12","date_gmt":"2022-07-13T07:44:12","guid":{"rendered":"https:\/\/walexcamper.com\/desodorisants-pour-camping-cars-walex-porta-pak-et-bio-pak\/"},"modified":"2022-08-08T08:44:17","modified_gmt":"2022-08-08T08:44:17","slug":"desodorisants-pour-camping-cars-walex-porta-pak-et-bio-pak","status":"publish","type":"page","link":"https:\/\/walexcamper.com\/fr\/","title":{"rendered":"D\u00e9sodorisants pour camping-cars Walex Porta-Pak et Bio-Pak"},"content":{"rendered":"<p>[vc_row][vc_column width=&#8221;6\/12&#8243;][schon_banner background_image_style=&#8221;cover&#8221; content_alignment=&#8221;v-bottom h-left&#8221; content_force_color=&#8221;text-force-white&#8221; image_alignment=&#8221;v-bottom h-center&#8221; image_width=&#8221;width-100&#8243; hover_style=&#8221;light&#8221; badge_background=&#8221;#eed24b&#8221; link_to=&#8221;https:\/\/walexcamper.com\/fr\/produit\/desodorisant-pour-toilettes\/&#8221; show_badge=&#8221;&#8221; background_image=&#8221;105&#8243;]PR\u00c9VENTION DES ODEURS IMBATTABLE<\/p>\n<h2><span style=\"font-size: 36pt;\"><strong>LAVANDE<\/strong><\/span><br \/>\n<span style=\"font-size: 48px;\">FRAIS<\/span><\/h2>\n<p>Le d\u00e9odorant le plus puissant au monde dans un nouveau parfum frais !<\/p>\n<p><span style=\"font-size: 24pt;\">NOUVEAU<\/span>[\/schon_banner][\/vc_column][vc_column width=&#8221;3\/12&#8243;][schon_banner background_image_style=&#8221;cover&#8221; content_force_color=&#8221;text-force-white&#8221; create_button=&#8221;true&#8221; link_force_color=&#8221;#ffffff&#8221; badge_background=&#8221;#e28902&#8243; badge_alignment=&#8221;v-center h-right&#8221; badge_size=&#8221;badge-sm&#8221; link_to=&#8221;https:\/\/walexcamper.com\/fr\/produit\/porta-pak-fresh-scent\/&#8221; button_anchor=&#8221;Achetez maintenant!&#8221; show_badge=&#8221;true&#8221; background_image=&#8221;337&#8243;]PRODUIT LE PLUS VENDU<\/p>\n<p><span style=\"font-size: 18pt;\"><strong>Aux \u00c9tats-Unis et en Australie<\/strong><\/span>[\/schon_banner][\/vc_column][vc_column width=&#8221;3\/12&#8243;][schon_banner height=&#8221;height_layout_1-2&#8243; background_color=&#8221;#ecf4f7&#8243; content_alignment=&#8221;v-top h-right&#8221; image_alignment=&#8221;v-bottom h-left&#8221; link_force_color=&#8221;#ffd600&#8243; badge_alignment=&#8221;v-center h-left&#8221; badge_size=&#8221;badge-lg&#8221; attached_image=&#8221;853&#8243; show_badge=&#8221;true&#8221; link_to=&#8221;https:\/\/walexcamper.com\/fr\/produit\/disques-desodorisants\/?attribute_pa_fragrance=citron&#8221;]<\/p>\n<h4>DISQUE PARFUM CITRON<\/h4>\n<p>[schon_button style=&#8221;&#8221; el_class=&#8221;no-padding margin-40&#8243; text=&#8221;VERS LA BOUTIQUE&#8221; icon=&#8221;fa fa-arrow-circle-o-right&#8221;][\/schon_banner][schon_banner height=&#8221;height_layout_1-2&#8243; background_color=&#8221;#ecf4f7&#8243; content_width=&#8221;width-66&#8243; image_alignment=&#8221;v-center h-right&#8221; image_width=&#8221;width-100&#8243; link_force_color=&#8221;#ffd600&#8243; badge_alignment=&#8221;v-bottom h-left&#8221; badge_size=&#8221;badge-sm&#8221; attached_image=&#8221;835&#8243; link_to=&#8221;https:\/\/walexcamper.com\/fr\/produit\/odour-eliminator-assure\/&#8221; show_badge=&#8221;&#8221; badge_text=&#8221;SALE!&#8221;]<\/p>\n<h4>\u00c9LIMINATEUR D&#8217;ODEUR ASSURE<\/h4>\n<p>[\/schon_banner][\/vc_column][\/vc_row][vc_row][vc_column width=&#8221;1\/3&#8243;][schon_banner height=&#8221;height_layout_1-3&#8243; background_color=&#8221;#4caeef&#8221; badge_background=&#8221;#ff0000&#8243; link_to=&#8221;http:\/\/demo.webbaku.com\/wp\/schon\/product-category\/sofa-and-chairs\/&#8221; badge_text=&#8221;Call!&#8221;]<\/p>\n<h5>Poss\u00e9dez-vous un camping-car?<\/h5>\n<h4>Vendre des produits Walex !<\/h4>\n<h5>Appel 0031-79-2073000<\/h5>\n<p>[\/schon_banner][schon_banner height=&#8221;height_layout_2-3&#8243; background_color=&#8221;#dce7e7&#8243; content_alignment=&#8221;v-top h-right&#8221; image_alignment=&#8221;v-bottom h-left&#8221; image_width=&#8221;width-66&#8243; badge_background=&#8221;#ff0000&#8243; attached_image=&#8221;276&#8243;]Le garder en s\u00e9curit\u00e9<\/p>\n<h3>FERMETURE \u00c9CLAIR \u00c0<br \/>\nL&#8217;\u00c9PREUVE<br \/>\nDES<br \/>\nENFANTS<\/h3>\n<p>[\/schon_banner][\/vc_column][vc_column width=&#8221;2\/3&#8243;][vc_tta_pageable no_fill_content_area=&#8221;1&#8243; active_section=&#8221;1&#8243; pagination_color=&#8221;mulled-wine&#8221;][vc_tta_section title=&#8221;Section 1&#8243; tab_id=&#8221;1471083946977-d837f106-b33a&#8221;][schon_banner background_color=&#8221;#ecf4f7&#8243; image_alignment=&#8221;v-center h-right&#8221; image_width=&#8221;width-100&#8243; create_button=&#8221;true&#8221; button_style=&#8221;btn-default&#8221; link_force_color=&#8221;#ffd600&#8243; attached_image=&#8221;114&#8243; link_to=&#8221;https:\/\/walexcamper.com\/fr\/produit\/desodorisant-biologique-bio-pak\/&#8221;]Le vraiment vert d\u00e9sodorisant et liqu\u00e9facteur de d\u00e9chets<\/p>\n<h1><strong>BIOLOGIQUE<br \/>\n&amp; ECOLOGIQUE<br \/>\n<\/strong><\/h1>\n<p>Les d\u00e9sodorisants biologiques Bio-Pak sont le<br \/>\nr\u00e9sultat d\u2019une recherche approfondie de<br \/>\nWalex R &amp; D-group n d\u00e9couvrant des enzymes<br \/>\nnaturelles efficaces et des bact\u00e9ries qui<br \/>\n\u00e9liminent les odeurs et liqu\u00e9fient les d\u00e9chets.<\/p>\n<p>Le meilleur d\u00e9sodorisant vert vraiment!<\/p>\n<p>[schon_button style=&#8221;btn-primary&#8221; el_class=&#8221;margin-30&#8243; text=&#8221;VERS LA BOUTIQUE&#8221; link=&#8221;https:\/\/walexcamper.com\/fr\/produit\/desodorisant-biologique-bio-pak\/&#8221;][\/schon_banner][\/vc_tta_section][\/vc_tta_pageable][\/vc_column][\/vc_row][vc_row][vc_column][vc_empty_space height=&#8221;30px&#8221;][vc_tta_tabs][vc_tta_section title=&#8221;En vedette&#8221; tab_id=&#8221;1470923277282-036d4e18-8f0d&#8221;][schon_products_carousel number=&#8221;16&#8243; show=&#8221;featured&#8221;][\/vc_tta_section][vc_tta_section title=&#8221;Dernier&#8221; tab_id=&#8221;1470923277337-495875be-48cf&#8221;][schon_products_carousel number=&#8221;16&#8243;][\/vc_tta_section][vc_tta_section title=&#8221;Best-seller&#8221; tab_id=&#8221;1470923307374-e4d93b09-74fc&#8221;][schon_products_carousel number=&#8221;16&#8243; orderby=&#8221;sales&#8221;][\/vc_tta_section][\/vc_tta_tabs][\/vc_column][\/vc_row][vc_row el_class=&#8221;row-no-gutter&#8221;][vc_column width=&#8221;1\/3&#8243;][schon_banner height=&#8221;height_layout_1-2&#8243; background_color=&#8221;#ecf4f7&#8243; image_alignment=&#8221;v-center h-right&#8221; image_width=&#8221;width-100&#8243; create_button=&#8221;true&#8221; attached_image=&#8221;378&#8243; show_badge=&#8221;true&#8221; link_to=&#8221;https:\/\/walexcamper.com\/fr\/produit\/porta-pak-fresh-scent\/&#8221; button_anchor=&#8221;Plus d&#8217;informations&#8221;]Aux \u00c9tats-Unis et en Australie<\/p>\n<h3>PRODUIT<br \/>\nLE PLUS<br \/>\nVENDU<\/h3>\n<p>[\/schon_banner][\/vc_column][vc_column width=&#8221;1\/3&#8243;][schon_banner height=&#8221;height_layout_1-2&#8243; background_color=&#8221;#dae7ef&#8221; image_alignment=&#8221;v-center h-right&#8221; image_width=&#8221;width-66&#8243; create_button=&#8221;true&#8221; show_badge=&#8221;true&#8221; button_anchor=&#8221;Contactez-nous&#8221; background_image=&#8221;1021&#8243; link_to=&#8221;https:\/\/walexcamper.com\/fr\/contactez-nous\/&#8221; attached_image=&#8221;87&#8243;]Le leader mondial<br \/>\ndes produits de qualit\u00e9<br \/>\npour le contr\u00f4le des odeurs<br \/>\net le traitement des d\u00e9chets[\/schon_banner][\/vc_column][vc_column width=&#8221;1\/3&#8243;][schon_banner height=&#8221;height_layout_1-2&#8243; background_color=&#8221;#ecf4f7&#8243; create_button=&#8221;true&#8221; attached_image=&#8221;390&#8243; show_badge=&#8221;true&#8221; link_to=&#8221;https:\/\/walexcamper.com\/fr\/categorie-produit\/desodorisants\/disques-parfumes\/&#8221; button_anchor=&#8221;Plus d&#8217;informations&#8221;]Disques parfum\u00e9s<\/p>\n<h3>DISPONIBLE EN 6 PARFUMS<\/h3>\n<p>[\/schon_banner][\/vc_column][\/vc_row]<\/p>\n","protected":false},"excerpt":{"rendered":"<p>[vc_row][vc_column width=&#8221;6\/12&#8243;][schon_banner background_image_style=&#8221;cover&#8221; content_alignment=&#8221;v-bottom h-left&#8221; content_force_color=&#8221;text-force-white&#8221; image_alignment=&#8221;v-bottom h-center&#8221; image_width=&#8221;width-100&#8243; hover_style=&#8221;light&#8221; badge_background=&#8221;#eed24b&#8221; link_to=&#8221;https:\/\/walexcamper.com\/fr\/produit\/desodorisant-pour-toilettes\/&#8221; show_badge=&#8221;&#8221; background_image=&#8221;105&#8243;]PR\u00c9VENTION DES ODEURS IMBATTABLE LAVANDE FRAIS Le d\u00e9odorant le plus puissant au monde dans un nouveau parfum frais ! NOUVEAU[\/schon_banner][\/vc_column][vc_column width=&#8221;3\/12&#8243;][schon_banner background_image_style=&#8221;cover&#8221; content_force_color=&#8221;text-force-white&#8221; create_button=&#8221;true&#8221; link_force_color=&#8221;#ffffff&#8221; badge_background=&#8221;#e28902&#8243; badge_alignment=&#8221;v-center h-right&#8221; badge_size=&#8221;badge-sm&#8221; link_to=&#8221;https:\/\/walexcamper.com\/fr\/produit\/porta-pak-fresh-scent\/&#8221; button_anchor=&#8221;Achetez maintenant!&#8221; show_badge=&#8221;true&#8221; background_image=&#8221;337&#8243;]PRODUIT LE PLUS VENDU Aux \u00c9tats-Unis et en Australie[\/schon_banner][\/vc_column][vc_column [&hellip;]<\/p>\n","protected":false},"author":1,"featured_media":0,"parent":0,"menu_order":0,"comment_status":"closed","ping_status":"closed","template":"","meta":{"footnotes":""},"class_list":["post-496","page","type-page","status-publish","hentry"],"yoast_head":"<!-- This site is optimized with the Yoast SEO plugin v24.7 - https:\/\/yoast.com\/wordpress\/plugins\/seo\/ -->\n<title>D\u00e9sodorisants pour camping-cars Walex Porta-Pak et Bio-Pak<\/title>\n<meta name=\"description\" content=\"D\u00e9sodorisants pour camping-cars Walex Porta-Pak et Bio-Pak Sachets hydrosolubles pr\u00e9emball\u00e9s pour contr\u00f4ler les odeurs et d\u00e9truire les d\u00e9chets et le papier\" \/>\n<meta name=\"robots\" content=\"index, follow, max-snippet:-1, max-image-preview:large, max-video-preview:-1\" \/>\n<link rel=\"canonical\" href=\"https:\/\/walexcamper.com\/fr\/\" \/>\n<meta property=\"og:locale\" content=\"fr_FR\" \/>\n<meta property=\"og:type\" content=\"article\" \/>\n<meta property=\"og:title\" content=\"D\u00e9sodorisants pour camping-cars Walex Porta-Pak et Bio-Pak\" \/>\n<meta property=\"og:description\" content=\"D\u00e9sodorisants pour camping-cars Walex Porta-Pak et Bio-Pak Sachets hydrosolubles pr\u00e9emball\u00e9s pour contr\u00f4ler les odeurs et d\u00e9truire les d\u00e9chets et le papier\" \/>\n<meta property=\"og:url\" content=\"https:\/\/walexcamper.com\/fr\/\" \/>\n<meta property=\"og:site_name\" content=\"walexcamper.com\" \/>\n<meta property=\"article:modified_time\" content=\"2022-08-08T08:44:17+00:00\" \/>\n<meta name=\"twitter:card\" content=\"summary_large_image\" \/>\n<meta name=\"twitter:label1\" content=\"Dur\u00e9e de lecture estim\u00e9e\" \/>\n\t<meta name=\"twitter:data1\" content=\"2 minutes\" \/>\n<script type=\"application\/ld+json\" class=\"yoast-schema-graph\">{\"@context\":\"https:\/\/schema.org\",\"@graph\":[{\"@type\":\"WebPage\",\"@id\":\"https:\/\/walexcamper.com\/fr\/\",\"url\":\"https:\/\/walexcamper.com\/fr\/\",\"name\":\"D\u00e9sodorisants pour camping-cars Walex Porta-Pak et Bio-Pak\",\"isPartOf\":{\"@id\":\"https:\/\/walexcamper.com\/#website\"},\"datePublished\":\"2022-07-13T07:44:12+00:00\",\"dateModified\":\"2022-08-08T08:44:17+00:00\",\"description\":\"D\u00e9sodorisants pour camping-cars Walex Porta-Pak et Bio-Pak Sachets hydrosolubles pr\u00e9emball\u00e9s pour contr\u00f4ler les odeurs et d\u00e9truire les d\u00e9chets et le papier\",\"breadcrumb\":{\"@id\":\"https:\/\/walexcamper.com\/fr\/#breadcrumb\"},\"inLanguage\":\"fr-FR\",\"potentialAction\":[{\"@type\":\"ReadAction\",\"target\":[\"https:\/\/walexcamper.com\/fr\/\"]}]},{\"@type\":\"BreadcrumbList\",\"@id\":\"https:\/\/walexcamper.com\/fr\/#breadcrumb\",\"itemListElement\":[{\"@type\":\"ListItem\",\"position\":1,\"name\":\"Home\",\"item\":\"https:\/\/walexcamper.com\/fr\/\"},{\"@type\":\"ListItem\",\"position\":2,\"name\":\"D\u00e9sodorisants pour camping-cars Walex Porta-Pak et Bio-Pak\"}]},{\"@type\":\"WebSite\",\"@id\":\"https:\/\/walexcamper.com\/#website\",\"url\":\"https:\/\/walexcamper.com\/\",\"name\":\"walexcamper.com\",\"description\":\"Waste treatment and deodorants for campers\",\"publisher\":{\"@id\":\"https:\/\/walexcamper.com\/#organization\"},\"potentialAction\":[{\"@type\":\"SearchAction\",\"target\":{\"@type\":\"EntryPoint\",\"urlTemplate\":\"https:\/\/walexcamper.com\/?s={search_term_string}\"},\"query-input\":{\"@type\":\"PropertyValueSpecification\",\"valueRequired\":true,\"valueName\":\"search_term_string\"}}],\"inLanguage\":\"fr-FR\"},{\"@type\":\"Organization\",\"@id\":\"https:\/\/walexcamper.com\/#organization\",\"name\":\"WALEX Products Company Europe B.V.\",\"url\":\"https:\/\/walexcamper.com\/\",\"logo\":{\"@type\":\"ImageObject\",\"inLanguage\":\"fr-FR\",\"@id\":\"https:\/\/walexcamper.com\/#\/schema\/logo\/image\/\",\"url\":\"https:\/\/walexcamper.com\/wp-content\/uploads\/2022\/07\/flavicon.png\",\"contentUrl\":\"https:\/\/walexcamper.com\/wp-content\/uploads\/2022\/07\/flavicon.png\",\"width\":512,\"height\":512,\"caption\":\"WALEX Products Company Europe B.V.\"},\"image\":{\"@id\":\"https:\/\/walexcamper.com\/#\/schema\/logo\/image\/\"}}]}<\/script>\n<!-- \/ Yoast SEO plugin. -->","yoast_head_json":{"title":"D\u00e9sodorisants pour camping-cars Walex Porta-Pak et Bio-Pak","description":"D\u00e9sodorisants pour camping-cars Walex Porta-Pak et Bio-Pak Sachets hydrosolubles pr\u00e9emball\u00e9s pour contr\u00f4ler les odeurs et d\u00e9truire les d\u00e9chets et le papier","robots":{"index":"index","follow":"follow","max-snippet":"max-snippet:-1","max-image-preview":"max-image-preview:large","max-video-preview":"max-video-preview:-1"},"canonical":"https:\/\/walexcamper.com\/fr\/","og_locale":"fr_FR","og_type":"article","og_title":"D\u00e9sodorisants pour camping-cars Walex Porta-Pak et Bio-Pak","og_description":"D\u00e9sodorisants pour camping-cars Walex Porta-Pak et Bio-Pak Sachets hydrosolubles pr\u00e9emball\u00e9s pour contr\u00f4ler les odeurs et d\u00e9truire les d\u00e9chets et le papier","og_url":"https:\/\/walexcamper.com\/fr\/","og_site_name":"walexcamper.com","article_modified_time":"2022-08-08T08:44:17+00:00","twitter_card":"summary_large_image","twitter_misc":{"Dur\u00e9e de lecture estim\u00e9e":"2 minutes"},"schema":{"@context":"https:\/\/schema.org","@graph":[{"@type":"WebPage","@id":"https:\/\/walexcamper.com\/fr\/","url":"https:\/\/walexcamper.com\/fr\/","name":"D\u00e9sodorisants pour camping-cars Walex Porta-Pak et Bio-Pak","isPartOf":{"@id":"https:\/\/walexcamper.com\/#website"},"datePublished":"2022-07-13T07:44:12+00:00","dateModified":"2022-08-08T08:44:17+00:00","description":"D\u00e9sodorisants pour camping-cars Walex Porta-Pak et Bio-Pak Sachets hydrosolubles pr\u00e9emball\u00e9s pour contr\u00f4ler les odeurs et d\u00e9truire les d\u00e9chets et le papier","breadcrumb":{"@id":"https:\/\/walexcamper.com\/fr\/#breadcrumb"},"inLanguage":"fr-FR","potentialAction":[{"@type":"ReadAction","target":["https:\/\/walexcamper.com\/fr\/"]}]},{"@type":"BreadcrumbList","@id":"https:\/\/walexcamper.com\/fr\/#breadcrumb","itemListElement":[{"@type":"ListItem","position":1,"name":"Home","item":"https:\/\/walexcamper.com\/fr\/"},{"@type":"ListItem","position":2,"name":"D\u00e9sodorisants pour camping-cars Walex Porta-Pak et Bio-Pak"}]},{"@type":"WebSite","@id":"https:\/\/walexcamper.com\/#website","url":"https:\/\/walexcamper.com\/","name":"walexcamper.com","description":"Waste treatment and deodorants for campers","publisher":{"@id":"https:\/\/walexcamper.com\/#organization"},"potentialAction":[{"@type":"SearchAction","target":{"@type":"EntryPoint","urlTemplate":"https:\/\/walexcamper.com\/?s={search_term_string}"},"query-input":{"@type":"PropertyValueSpecification","valueRequired":true,"valueName":"search_term_string"}}],"inLanguage":"fr-FR"},{"@type":"Organization","@id":"https:\/\/walexcamper.com\/#organization","name":"WALEX Products Company Europe B.V.","url":"https:\/\/walexcamper.com\/","logo":{"@type":"ImageObject","inLanguage":"fr-FR","@id":"https:\/\/walexcamper.com\/#\/schema\/logo\/image\/","url":"https:\/\/walexcamper.com\/wp-content\/uploads\/2022\/07\/flavicon.png","contentUrl":"https:\/\/walexcamper.com\/wp-content\/uploads\/2022\/07\/flavicon.png","width":512,"height":512,"caption":"WALEX Products Company Europe B.V."},"image":{"@id":"https:\/\/walexcamper.com\/#\/schema\/logo\/image\/"}}]}},"_links":{"self":[{"href":"https:\/\/walexcamper.com\/fr\/wp-json\/wp\/v2\/pages\/496","targetHints":{"allow":["GET"]}}],"collection":[{"href":"https:\/\/walexcamper.com\/fr\/wp-json\/wp\/v2\/pages"}],"about":[{"href":"https:\/\/walexcamper.com\/fr\/wp-json\/wp\/v2\/types\/page"}],"author":[{"embeddable":true,"href":"https:\/\/walexcamper.com\/fr\/wp-json\/wp\/v2\/users\/1"}],"replies":[{"embeddable":true,"href":"https:\/\/walexcamper.com\/fr\/wp-json\/wp\/v2\/comments?post=496"}],"version-history":[{"count":16,"href":"https:\/\/walexcamper.com\/fr\/wp-json\/wp\/v2\/pages\/496\/revisions"}],"predecessor-version":[{"id":1126,"href":"https:\/\/walexcamper.com\/fr\/wp-json\/wp\/v2\/pages\/496\/revisions\/1126"}],"wp:attachment":[{"href":"https:\/\/walexcamper.com\/fr\/wp-json\/wp\/v2\/media?parent=496"}],"curies":[{"name":"wp","href":"https:\/\/api.w.org\/{rel}","templated":true}]}}