{"id":824,"date":"2022-07-19T11:39:04","date_gmt":"2022-07-19T11:39:04","guid":{"rendered":"https:\/\/walexcamper.com\/?page_id=824"},"modified":"2022-07-26T14:32:24","modified_gmt":"2022-07-26T14:32:24","slug":"walex-products-co-inc","status":"publish","type":"page","link":"https:\/\/walexcamper.com\/fr\/walex-products-co-inc\/","title":{"rendered":"Walex Products Co, Inc."},"content":{"rendered":"<p>[vc_row full_width=&#8221;stretch_row&#8221; css=&#8221;.vc_custom_1658844237307{background-image: url(https:\/\/walexcamper.com\/wp-content\/uploads\/2022\/07\/wave-walex.jpg?id=877) !important;background-position: 0 0 !important;background-repeat: no-repeat !important;}&#8221;][vc_column][vc_empty_space height=&#8221;150px&#8221;][vc_custom_heading text=&#8221;Un leader dans l&#8217;innovation&#8221; font_container=&#8221;tag:h1|text_align:left|color:%23ffffff&#8221; use_theme_fonts=&#8221;yes&#8221;][vc_custom_heading text=&#8221;Notre formule pour r\u00e9ussir&#8221; font_container=&#8221;tag:h2|text_align:left|color:%23ffffff&#8221; use_theme_fonts=&#8221;yes&#8221;][\/vc_column][\/vc_row][vc_row][vc_column width=&#8221;1\/2&#8243;][vc_column_text]Walex a eu un impact \u00e9norme dans l&#8217;industrie du traitement des d\u00e9chets et des d\u00e9odorants avec des &#8220;produits de performance pour des besoins de performance&#8221;. Lorsque nous avons commenc\u00e9, les d\u00e9sodorisants liquides \u00e9taient la seule option pour le march\u00e9 des sanitaires portables et des v\u00e9hicules r\u00e9cr\u00e9atifs. Nos fondateurs y ont vu une opportunit\u00e9 de faire quelque chose de diff\u00e9rent &#8211; et ils l&#8217;ont fait !<\/p>\n<p>Walex a \u00e9t\u00e9 le premier \u00e0 d\u00e9velopper des d\u00e9sodorisants en sachet solubles dans l&#8217;eau pour les march\u00e9s de l&#8217;assainissement portable et des camping-cars et de la marine, changeant \u00e0 jamais la fa\u00e7on dont les toilettes sont entretenues. &#8220;Il suffit de le d\u00e9poser!&#8221; est le slogan familier qui repr\u00e9sente la commodit\u00e9 et la facilit\u00e9 d&#8217;utilisation \u00e9prouv\u00e9es de nos produits de contr\u00f4le des portions.<\/p>\n<p>Depuis cette perc\u00e9e historique, Walex s&#8217;est impos\u00e9e comme la marque leader sur tous nos march\u00e9s desservis, connue pour ses formulations et produits de premier ordre. Au fil des ans, nous avons \u00e9t\u00e9 les pionniers de nombreuses innovations dans notre industrie, notamment :<\/p>\n<p>\u00b7 Enzymes efficaces de d\u00e9gradation des d\u00e9chets et du papier pour les syst\u00e8mes de traitement des d\u00e9chets<br \/>\n\u00b7 Couleurs non tachantes pour applications commerciales<br \/>\n\u00b7 Nettoyants et d\u00e9sodorisants naturels \u00e0 base d&#8217;enzymes<br \/>\n\u00b7 Progr\u00e8s dans la digestion biologique des graisses<br \/>\n\u00b7 Traitement du r\u00e9servoir de r\u00e9tention des eaux noires contr\u00f4l\u00e9 par portion soluble dans l&#8217;eau<br \/>\n\u00b7 Traitement du r\u00e9servoir de r\u00e9tention des eaux grises par tablette \u00e0 dissolution rapide<br \/>\n\u00b7 \u00c9crans d&#8217;urinoir brevet\u00e9s uniques<br \/>\n\u00b7 D\u00e9sodorisants sanitaires sans formald\u00e9hyde \u00e0 lib\u00e9ration prolong\u00e9e (WAVE 2 Technology\u2122)<br \/>\n\u00b7 Technologies de traitement de l&#8217;air absorbant les odeurs[\/vc_column_text][\/vc_column][vc_column width=&#8221;1\/2&#8243;][vc_single_image image=&#8221;673&#8243; img_size=&#8221;full&#8221; alignment=&#8221;center&#8221;][\/vc_column][\/vc_row][vc_row][vc_column][vc_column_text]<\/p>\n<h4><strong>L&#8217;innovation par les options<\/strong><\/h4>\n<p>Le besoin de choix et de vari\u00e9t\u00e9 est une constante dans toutes les industries, partout dans le monde. En d\u00e9veloppant des options alternatives, des parfums aux caract\u00e9ristiques de performance, nous sommes mieux en mesure de r\u00e9pondre aux besoins des clients et d&#8217;\u00e9tendre les gammes de produits. Walex propose une grande vari\u00e9t\u00e9 de produits sous forme de sachets \u00e0 dissolution rapide, de poudre scoopable, de comprim\u00e9s \u00e0 dispersion rapide et de liquides super concentr\u00e9s.<\/p>\n<p>Walex s&#8217;engage \u00e9galement pleinement \u00e0 fournir des solutions biologiques \u00e0 nos march\u00e9s desservis. Nous avons investi et continuons d&#8217;investir du temps et des ressources dans le d\u00e9veloppement d&#8217;options progressivement plus s\u00fbres et plus respectueuses de l&#8217;environnement. Ces offres de produits d\u00e9montrent notre forte orientation client et notre engagement \u00e0 maintenir un haut niveau de satisfaction client.<\/p>\n<p>&nbsp;<\/p>\n<h4><strong>Recherche et d\u00e9veloppement<\/strong><\/h4>\n<p>La recherche et le d\u00e9veloppement jouent un r\u00f4le essentiel dans l&#8217;innovation de la gamme de produits Walex. La R&amp;D continue nous permet de fournir \u00e0 nos clients un support technique exceptionnel et un flux constant de produits nouveaux et innovants.<\/p>\n<p>Notre laboratoire de recherche et de d\u00e9veloppement de produits sur place est dot\u00e9 de plus de 35 ans d&#8217;exp\u00e9rience dans la cr\u00e9ation de produits innovants, l&#8217;am\u00e9lioration des processus et le contr\u00f4le de la qualit\u00e9 in\u00e9gal\u00e9. Walex est certifi\u00e9 qualit\u00e9 ISO 9001.<\/p>\n<p>Bas\u00e9e dans la ville portuaire florissante de Wilmington, en Caroline du Nord, notre installation moderne dot\u00e9e d&#8217;\u00e9quipements de production de pointe garantit \u00e0 nos clients une excellente qualit\u00e9 au moindre co\u00fbt absolu, tout en offrant \u00e0 nos employ\u00e9s un environnement de travail s\u00fbr. Nous fabriquons et exp\u00e9dions des produits dans plus de 50 pays \u00e0 travers le monde. Walex a re\u00e7u le prix Export Achievement Award du d\u00e9partement am\u00e9ricain du commerce, qui r\u00e9compense les entreprises am\u00e9ricaines qui r\u00e9ussissent sur les march\u00e9s internationaux.[\/vc_column_text][\/vc_column][\/vc_row]<\/p>\n","protected":false},"excerpt":{"rendered":"<p>[vc_row full_width=&#8221;stretch_row&#8221; css=&#8221;.vc_custom_1658844237307{background-image: url(https:\/\/walexcamper.com\/wp-content\/uploads\/2022\/07\/wave-walex.jpg?id=877) !important;background-position: 0 0 !important;background-repeat: no-repeat !important;}&#8221;][vc_column][vc_empty_space height=&#8221;150px&#8221;][vc_custom_heading text=&#8221;Un leader dans l&#8217;innovation&#8221; font_container=&#8221;tag:h1|text_align:left|color:%23ffffff&#8221; use_theme_fonts=&#8221;yes&#8221;][vc_custom_heading text=&#8221;Notre formule pour r\u00e9ussir&#8221; font_container=&#8221;tag:h2|text_align:left|color:%23ffffff&#8221; use_theme_fonts=&#8221;yes&#8221;][\/vc_column][\/vc_row][vc_row][vc_column width=&#8221;1\/2&#8243;][vc_column_text]Walex a eu un impact \u00e9norme dans l&#8217;industrie du traitement des d\u00e9chets et des d\u00e9odorants avec des &#8220;produits de performance pour des besoins de performance&#8221;. Lorsque nous avons commenc\u00e9, les d\u00e9sodorisants liquides [&hellip;]<\/p>\n","protected":false},"author":1,"featured_media":0,"parent":0,"menu_order":0,"comment_status":"closed","ping_status":"closed","template":"","meta":{"footnotes":""},"class_list":["post-824","page","type-page","status-publish","hentry"],"yoast_head":"<!-- This site is optimized with the Yoast SEO plugin v24.7 - https:\/\/yoast.com\/wordpress\/plugins\/seo\/ -->\n<title>Walex Products Co, Inc. - walexcamper.com<\/title>\n<meta name=\"robots\" content=\"index, follow, max-snippet:-1, max-image-preview:large, max-video-preview:-1\" \/>\n<link rel=\"canonical\" href=\"https:\/\/walexcamper.com\/fr\/walex-products-co-inc\/\" \/>\n<meta property=\"og:locale\" content=\"fr_FR\" \/>\n<meta property=\"og:type\" content=\"article\" \/>\n<meta property=\"og:title\" content=\"Walex Products Co, Inc. - walexcamper.com\" \/>\n<meta property=\"og:description\" content=\"[vc_row full_width=&#8221;stretch_row&#8221; css=&#8221;.vc_custom_1658844237307{background-image: url(https:\/\/walexcamper.com\/wp-content\/uploads\/2022\/07\/wave-walex.jpg?id=877) !important;background-position: 0 0 !important;background-repeat: no-repeat !important;}&#8221;][vc_column][vc_empty_space height=&#8221;150px&#8221;][vc_custom_heading text=&#8221;Un leader dans l&#8217;innovation&#8221; font_container=&#8221;tag:h1|text_align:left|color:%23ffffff&#8221; use_theme_fonts=&#8221;yes&#8221;][vc_custom_heading text=&#8221;Notre formule pour r\u00e9ussir&#8221; font_container=&#8221;tag:h2|text_align:left|color:%23ffffff&#8221; use_theme_fonts=&#8221;yes&#8221;][\/vc_column][\/vc_row][vc_row][vc_column width=&#8221;1\/2&#8243;][vc_column_text]Walex a eu un impact \u00e9norme dans l&#8217;industrie du traitement des d\u00e9chets et des d\u00e9odorants avec des &#8220;produits de performance pour des besoins de performance&#8221;. Lorsque nous avons commenc\u00e9, les d\u00e9sodorisants liquides [&hellip;]\" \/>\n<meta property=\"og:url\" content=\"https:\/\/walexcamper.com\/fr\/walex-products-co-inc\/\" \/>\n<meta property=\"og:site_name\" content=\"walexcamper.com\" \/>\n<meta property=\"article:modified_time\" content=\"2022-07-26T14:32:24+00:00\" \/>\n<meta name=\"twitter:card\" content=\"summary_large_image\" \/>\n<meta name=\"twitter:label1\" content=\"Dur\u00e9e de lecture estim\u00e9e\" \/>\n\t<meta name=\"twitter:data1\" content=\"3 minutes\" \/>\n<script type=\"application\/ld+json\" class=\"yoast-schema-graph\">{\"@context\":\"https:\/\/schema.org\",\"@graph\":[{\"@type\":\"WebPage\",\"@id\":\"https:\/\/walexcamper.com\/fr\/walex-products-co-inc\/\",\"url\":\"https:\/\/walexcamper.com\/fr\/walex-products-co-inc\/\",\"name\":\"Walex Products Co, Inc. - walexcamper.com\",\"isPartOf\":{\"@id\":\"https:\/\/walexcamper.com\/#website\"},\"datePublished\":\"2022-07-19T11:39:04+00:00\",\"dateModified\":\"2022-07-26T14:32:24+00:00\",\"breadcrumb\":{\"@id\":\"https:\/\/walexcamper.com\/fr\/walex-products-co-inc\/#breadcrumb\"},\"inLanguage\":\"fr-FR\",\"potentialAction\":[{\"@type\":\"ReadAction\",\"target\":[\"https:\/\/walexcamper.com\/fr\/walex-products-co-inc\/\"]}]},{\"@type\":\"BreadcrumbList\",\"@id\":\"https:\/\/walexcamper.com\/fr\/walex-products-co-inc\/#breadcrumb\",\"itemListElement\":[{\"@type\":\"ListItem\",\"position\":1,\"name\":\"Home\",\"item\":\"https:\/\/walexcamper.com\/fr\/\"},{\"@type\":\"ListItem\",\"position\":2,\"name\":\"Walex Products Co, Inc.\"}]},{\"@type\":\"WebSite\",\"@id\":\"https:\/\/walexcamper.com\/#website\",\"url\":\"https:\/\/walexcamper.com\/\",\"name\":\"walexcamper.com\",\"description\":\"Waste treatment and deodorants for campers\",\"publisher\":{\"@id\":\"https:\/\/walexcamper.com\/#organization\"},\"potentialAction\":[{\"@type\":\"SearchAction\",\"target\":{\"@type\":\"EntryPoint\",\"urlTemplate\":\"https:\/\/walexcamper.com\/?s={search_term_string}\"},\"query-input\":{\"@type\":\"PropertyValueSpecification\",\"valueRequired\":true,\"valueName\":\"search_term_string\"}}],\"inLanguage\":\"fr-FR\"},{\"@type\":\"Organization\",\"@id\":\"https:\/\/walexcamper.com\/#organization\",\"name\":\"WALEX Products Company Europe B.V.\",\"url\":\"https:\/\/walexcamper.com\/\",\"logo\":{\"@type\":\"ImageObject\",\"inLanguage\":\"fr-FR\",\"@id\":\"https:\/\/walexcamper.com\/#\/schema\/logo\/image\/\",\"url\":\"https:\/\/walexcamper.com\/wp-content\/uploads\/2022\/07\/flavicon.png\",\"contentUrl\":\"https:\/\/walexcamper.com\/wp-content\/uploads\/2022\/07\/flavicon.png\",\"width\":512,\"height\":512,\"caption\":\"WALEX Products Company Europe B.V.\"},\"image\":{\"@id\":\"https:\/\/walexcamper.com\/#\/schema\/logo\/image\/\"}}]}<\/script>\n<!-- \/ Yoast SEO plugin. -->","yoast_head_json":{"title":"Walex Products Co, Inc. - walexcamper.com","robots":{"index":"index","follow":"follow","max-snippet":"max-snippet:-1","max-image-preview":"max-image-preview:large","max-video-preview":"max-video-preview:-1"},"canonical":"https:\/\/walexcamper.com\/fr\/walex-products-co-inc\/","og_locale":"fr_FR","og_type":"article","og_title":"Walex Products Co, Inc. - walexcamper.com","og_description":"[vc_row full_width=&#8221;stretch_row&#8221; css=&#8221;.vc_custom_1658844237307{background-image: url(https:\/\/walexcamper.com\/wp-content\/uploads\/2022\/07\/wave-walex.jpg?id=877) !important;background-position: 0 0 !important;background-repeat: no-repeat !important;}&#8221;][vc_column][vc_empty_space height=&#8221;150px&#8221;][vc_custom_heading text=&#8221;Un leader dans l&#8217;innovation&#8221; font_container=&#8221;tag:h1|text_align:left|color:%23ffffff&#8221; use_theme_fonts=&#8221;yes&#8221;][vc_custom_heading text=&#8221;Notre formule pour r\u00e9ussir&#8221; font_container=&#8221;tag:h2|text_align:left|color:%23ffffff&#8221; use_theme_fonts=&#8221;yes&#8221;][\/vc_column][\/vc_row][vc_row][vc_column width=&#8221;1\/2&#8243;][vc_column_text]Walex a eu un impact \u00e9norme dans l&#8217;industrie du traitement des d\u00e9chets et des d\u00e9odorants avec des &#8220;produits de performance pour des besoins de performance&#8221;. Lorsque nous avons commenc\u00e9, les d\u00e9sodorisants liquides [&hellip;]","og_url":"https:\/\/walexcamper.com\/fr\/walex-products-co-inc\/","og_site_name":"walexcamper.com","article_modified_time":"2022-07-26T14:32:24+00:00","twitter_card":"summary_large_image","twitter_misc":{"Dur\u00e9e de lecture estim\u00e9e":"3 minutes"},"schema":{"@context":"https:\/\/schema.org","@graph":[{"@type":"WebPage","@id":"https:\/\/walexcamper.com\/fr\/walex-products-co-inc\/","url":"https:\/\/walexcamper.com\/fr\/walex-products-co-inc\/","name":"Walex Products Co, Inc. - walexcamper.com","isPartOf":{"@id":"https:\/\/walexcamper.com\/#website"},"datePublished":"2022-07-19T11:39:04+00:00","dateModified":"2022-07-26T14:32:24+00:00","breadcrumb":{"@id":"https:\/\/walexcamper.com\/fr\/walex-products-co-inc\/#breadcrumb"},"inLanguage":"fr-FR","potentialAction":[{"@type":"ReadAction","target":["https:\/\/walexcamper.com\/fr\/walex-products-co-inc\/"]}]},{"@type":"BreadcrumbList","@id":"https:\/\/walexcamper.com\/fr\/walex-products-co-inc\/#breadcrumb","itemListElement":[{"@type":"ListItem","position":1,"name":"Home","item":"https:\/\/walexcamper.com\/fr\/"},{"@type":"ListItem","position":2,"name":"Walex Products Co, Inc."}]},{"@type":"WebSite","@id":"https:\/\/walexcamper.com\/#website","url":"https:\/\/walexcamper.com\/","name":"walexcamper.com","description":"Waste treatment and deodorants for campers","publisher":{"@id":"https:\/\/walexcamper.com\/#organization"},"potentialAction":[{"@type":"SearchAction","target":{"@type":"EntryPoint","urlTemplate":"https:\/\/walexcamper.com\/?s={search_term_string}"},"query-input":{"@type":"PropertyValueSpecification","valueRequired":true,"valueName":"search_term_string"}}],"inLanguage":"fr-FR"},{"@type":"Organization","@id":"https:\/\/walexcamper.com\/#organization","name":"WALEX Products Company Europe B.V.","url":"https:\/\/walexcamper.com\/","logo":{"@type":"ImageObject","inLanguage":"fr-FR","@id":"https:\/\/walexcamper.com\/#\/schema\/logo\/image\/","url":"https:\/\/walexcamper.com\/wp-content\/uploads\/2022\/07\/flavicon.png","contentUrl":"https:\/\/walexcamper.com\/wp-content\/uploads\/2022\/07\/flavicon.png","width":512,"height":512,"caption":"WALEX Products Company Europe B.V."},"image":{"@id":"https:\/\/walexcamper.com\/#\/schema\/logo\/image\/"}}]}},"_links":{"self":[{"href":"https:\/\/walexcamper.com\/fr\/wp-json\/wp\/v2\/pages\/824","targetHints":{"allow":["GET"]}}],"collection":[{"href":"https:\/\/walexcamper.com\/fr\/wp-json\/wp\/v2\/pages"}],"about":[{"href":"https:\/\/walexcamper.com\/fr\/wp-json\/wp\/v2\/types\/page"}],"author":[{"embeddable":true,"href":"https:\/\/walexcamper.com\/fr\/wp-json\/wp\/v2\/users\/1"}],"replies":[{"embeddable":true,"href":"https:\/\/walexcamper.com\/fr\/wp-json\/wp\/v2\/comments?post=824"}],"version-history":[{"count":5,"href":"https:\/\/walexcamper.com\/fr\/wp-json\/wp\/v2\/pages\/824\/revisions"}],"predecessor-version":[{"id":922,"href":"https:\/\/walexcamper.com\/fr\/wp-json\/wp\/v2\/pages\/824\/revisions\/922"}],"wp:attachment":[{"href":"https:\/\/walexcamper.com\/fr\/wp-json\/wp\/v2\/media?parent=824"}],"curies":[{"name":"wp","href":"https:\/\/api.w.org\/{rel}","templated":true}]}}