{"id":961,"date":"2022-08-04T13:08:41","date_gmt":"2022-08-04T13:08:41","guid":{"rendered":"https:\/\/walexcamper.com\/delivery-time-shipping-costs\/"},"modified":"2022-08-04T13:17:56","modified_gmt":"2022-08-04T13:17:56","slug":"delai-de-livraison-frais-de-port","status":"publish","type":"page","link":"https:\/\/walexcamper.com\/fr\/delai-de-livraison-frais-de-port\/","title":{"rendered":"D\u00e9lai de livraison &#038; Frais de port"},"content":{"rendered":"<p>D\u00e9lai de livraison &amp; Frais de port<br \/>\nNous faisons de notre mieux pour vous livrer la commande dans les plus brefs d\u00e9lais. Les commandes pass\u00e9es les jours ouvrables, nous essayons d&#8217;exp\u00e9dier le jour m\u00eame, ou le lendemain au plus tard. Cependant, nous ne sommes pas toujours en mesure de r\u00e9pondre \u00e0 cela, parfois les produits ne sont pas en stock et la livraison de votre commande peut prendre un peu plus de temps. Si pour une raison quelconque nous ne pouvons pas respecter ce d\u00e9lai de livraison, nous vous en informerons bien entendu dans les plus brefs d\u00e9lais.<\/p>\n<p>Les prix indiqu\u00e9s ne comprennent pas les frais de port.<br \/>\nLes frais de port sont de :<br \/>\nPays-Bas 8,75 \u20ac<br \/>\nBelgique 9,50 \u20ac<br \/>\nAllemagne ,\u20ac 10.00<\/p>\n<p>La livraison se fait par DHL. En g\u00e9n\u00e9ral, la livraison aura lieu le jour ouvrable suivant entre 9h00 et 18h00. Malheureusement, nous ne pouvons pas garantir le d\u00e9lai de livraison.<\/p>\n","protected":false},"excerpt":{"rendered":"<p>D\u00e9lai de livraison &amp; Frais de port Nous faisons de notre mieux pour vous livrer la commande dans les plus brefs d\u00e9lais. Les commandes pass\u00e9es les jours ouvrables, nous essayons d&#8217;exp\u00e9dier le jour m\u00eame, ou le lendemain au plus tard. Cependant, nous ne sommes pas toujours en mesure de r\u00e9pondre \u00e0 cela, parfois les produits [&hellip;]<\/p>\n","protected":false},"author":1,"featured_media":0,"parent":0,"menu_order":0,"comment_status":"closed","ping_status":"closed","template":"","meta":{"footnotes":""},"class_list":["post-961","page","type-page","status-publish","hentry"],"yoast_head":"<!-- This site is optimized with the Yoast SEO plugin v24.7 - https:\/\/yoast.com\/wordpress\/plugins\/seo\/ -->\n<title>D\u00e9lai de livraison &amp; Frais de port - walexcamper.com<\/title>\n<meta name=\"robots\" content=\"index, follow, max-snippet:-1, max-image-preview:large, max-video-preview:-1\" \/>\n<link rel=\"canonical\" href=\"https:\/\/walexcamper.com\/fr\/delai-de-livraison-frais-de-port\/\" \/>\n<meta property=\"og:locale\" content=\"fr_FR\" \/>\n<meta property=\"og:type\" content=\"article\" \/>\n<meta property=\"og:title\" content=\"D\u00e9lai de livraison &amp; Frais de port - walexcamper.com\" \/>\n<meta property=\"og:description\" content=\"D\u00e9lai de livraison &amp; Frais de port Nous faisons de notre mieux pour vous livrer la commande dans les plus brefs d\u00e9lais. Les commandes pass\u00e9es les jours ouvrables, nous essayons d&#8217;exp\u00e9dier le jour m\u00eame, ou le lendemain au plus tard. Cependant, nous ne sommes pas toujours en mesure de r\u00e9pondre \u00e0 cela, parfois les produits [&hellip;]\" \/>\n<meta property=\"og:url\" content=\"https:\/\/walexcamper.com\/fr\/delai-de-livraison-frais-de-port\/\" \/>\n<meta property=\"og:site_name\" content=\"walexcamper.com\" \/>\n<meta property=\"article:modified_time\" content=\"2022-08-04T13:17:56+00:00\" \/>\n<meta name=\"twitter:card\" content=\"summary_large_image\" \/>\n<meta name=\"twitter:label1\" content=\"Dur\u00e9e de lecture estim\u00e9e\" \/>\n\t<meta name=\"twitter:data1\" content=\"1 minute\" \/>\n<script type=\"application\/ld+json\" class=\"yoast-schema-graph\">{\"@context\":\"https:\/\/schema.org\",\"@graph\":[{\"@type\":\"WebPage\",\"@id\":\"https:\/\/walexcamper.com\/fr\/delai-de-livraison-frais-de-port\/\",\"url\":\"https:\/\/walexcamper.com\/fr\/delai-de-livraison-frais-de-port\/\",\"name\":\"D\u00e9lai de livraison & Frais de port - walexcamper.com\",\"isPartOf\":{\"@id\":\"https:\/\/walexcamper.com\/#website\"},\"datePublished\":\"2022-08-04T13:08:41+00:00\",\"dateModified\":\"2022-08-04T13:17:56+00:00\",\"breadcrumb\":{\"@id\":\"https:\/\/walexcamper.com\/fr\/delai-de-livraison-frais-de-port\/#breadcrumb\"},\"inLanguage\":\"fr-FR\",\"potentialAction\":[{\"@type\":\"ReadAction\",\"target\":[\"https:\/\/walexcamper.com\/fr\/delai-de-livraison-frais-de-port\/\"]}]},{\"@type\":\"BreadcrumbList\",\"@id\":\"https:\/\/walexcamper.com\/fr\/delai-de-livraison-frais-de-port\/#breadcrumb\",\"itemListElement\":[{\"@type\":\"ListItem\",\"position\":1,\"name\":\"Home\",\"item\":\"https:\/\/walexcamper.com\/fr\/\"},{\"@type\":\"ListItem\",\"position\":2,\"name\":\"D\u00e9lai de livraison &#038; Frais de port\"}]},{\"@type\":\"WebSite\",\"@id\":\"https:\/\/walexcamper.com\/#website\",\"url\":\"https:\/\/walexcamper.com\/\",\"name\":\"walexcamper.com\",\"description\":\"Waste treatment and deodorants for campers\",\"publisher\":{\"@id\":\"https:\/\/walexcamper.com\/#organization\"},\"potentialAction\":[{\"@type\":\"SearchAction\",\"target\":{\"@type\":\"EntryPoint\",\"urlTemplate\":\"https:\/\/walexcamper.com\/?s={search_term_string}\"},\"query-input\":{\"@type\":\"PropertyValueSpecification\",\"valueRequired\":true,\"valueName\":\"search_term_string\"}}],\"inLanguage\":\"fr-FR\"},{\"@type\":\"Organization\",\"@id\":\"https:\/\/walexcamper.com\/#organization\",\"name\":\"WALEX Products Company Europe B.V.\",\"url\":\"https:\/\/walexcamper.com\/\",\"logo\":{\"@type\":\"ImageObject\",\"inLanguage\":\"fr-FR\",\"@id\":\"https:\/\/walexcamper.com\/#\/schema\/logo\/image\/\",\"url\":\"https:\/\/walexcamper.com\/wp-content\/uploads\/2022\/07\/flavicon.png\",\"contentUrl\":\"https:\/\/walexcamper.com\/wp-content\/uploads\/2022\/07\/flavicon.png\",\"width\":512,\"height\":512,\"caption\":\"WALEX Products Company Europe B.V.\"},\"image\":{\"@id\":\"https:\/\/walexcamper.com\/#\/schema\/logo\/image\/\"}}]}<\/script>\n<!-- \/ Yoast SEO plugin. -->","yoast_head_json":{"title":"D\u00e9lai de livraison & Frais de port - walexcamper.com","robots":{"index":"index","follow":"follow","max-snippet":"max-snippet:-1","max-image-preview":"max-image-preview:large","max-video-preview":"max-video-preview:-1"},"canonical":"https:\/\/walexcamper.com\/fr\/delai-de-livraison-frais-de-port\/","og_locale":"fr_FR","og_type":"article","og_title":"D\u00e9lai de livraison & Frais de port - walexcamper.com","og_description":"D\u00e9lai de livraison &amp; Frais de port Nous faisons de notre mieux pour vous livrer la commande dans les plus brefs d\u00e9lais. Les commandes pass\u00e9es les jours ouvrables, nous essayons d&#8217;exp\u00e9dier le jour m\u00eame, ou le lendemain au plus tard. Cependant, nous ne sommes pas toujours en mesure de r\u00e9pondre \u00e0 cela, parfois les produits [&hellip;]","og_url":"https:\/\/walexcamper.com\/fr\/delai-de-livraison-frais-de-port\/","og_site_name":"walexcamper.com","article_modified_time":"2022-08-04T13:17:56+00:00","twitter_card":"summary_large_image","twitter_misc":{"Dur\u00e9e de lecture estim\u00e9e":"1 minute"},"schema":{"@context":"https:\/\/schema.org","@graph":[{"@type":"WebPage","@id":"https:\/\/walexcamper.com\/fr\/delai-de-livraison-frais-de-port\/","url":"https:\/\/walexcamper.com\/fr\/delai-de-livraison-frais-de-port\/","name":"D\u00e9lai de livraison & Frais de port - walexcamper.com","isPartOf":{"@id":"https:\/\/walexcamper.com\/#website"},"datePublished":"2022-08-04T13:08:41+00:00","dateModified":"2022-08-04T13:17:56+00:00","breadcrumb":{"@id":"https:\/\/walexcamper.com\/fr\/delai-de-livraison-frais-de-port\/#breadcrumb"},"inLanguage":"fr-FR","potentialAction":[{"@type":"ReadAction","target":["https:\/\/walexcamper.com\/fr\/delai-de-livraison-frais-de-port\/"]}]},{"@type":"BreadcrumbList","@id":"https:\/\/walexcamper.com\/fr\/delai-de-livraison-frais-de-port\/#breadcrumb","itemListElement":[{"@type":"ListItem","position":1,"name":"Home","item":"https:\/\/walexcamper.com\/fr\/"},{"@type":"ListItem","position":2,"name":"D\u00e9lai de livraison &#038; Frais de port"}]},{"@type":"WebSite","@id":"https:\/\/walexcamper.com\/#website","url":"https:\/\/walexcamper.com\/","name":"walexcamper.com","description":"Waste treatment and deodorants for campers","publisher":{"@id":"https:\/\/walexcamper.com\/#organization"},"potentialAction":[{"@type":"SearchAction","target":{"@type":"EntryPoint","urlTemplate":"https:\/\/walexcamper.com\/?s={search_term_string}"},"query-input":{"@type":"PropertyValueSpecification","valueRequired":true,"valueName":"search_term_string"}}],"inLanguage":"fr-FR"},{"@type":"Organization","@id":"https:\/\/walexcamper.com\/#organization","name":"WALEX Products Company Europe B.V.","url":"https:\/\/walexcamper.com\/","logo":{"@type":"ImageObject","inLanguage":"fr-FR","@id":"https:\/\/walexcamper.com\/#\/schema\/logo\/image\/","url":"https:\/\/walexcamper.com\/wp-content\/uploads\/2022\/07\/flavicon.png","contentUrl":"https:\/\/walexcamper.com\/wp-content\/uploads\/2022\/07\/flavicon.png","width":512,"height":512,"caption":"WALEX Products Company Europe B.V."},"image":{"@id":"https:\/\/walexcamper.com\/#\/schema\/logo\/image\/"}}]}},"_links":{"self":[{"href":"https:\/\/walexcamper.com\/fr\/wp-json\/wp\/v2\/pages\/961","targetHints":{"allow":["GET"]}}],"collection":[{"href":"https:\/\/walexcamper.com\/fr\/wp-json\/wp\/v2\/pages"}],"about":[{"href":"https:\/\/walexcamper.com\/fr\/wp-json\/wp\/v2\/types\/page"}],"author":[{"embeddable":true,"href":"https:\/\/walexcamper.com\/fr\/wp-json\/wp\/v2\/users\/1"}],"replies":[{"embeddable":true,"href":"https:\/\/walexcamper.com\/fr\/wp-json\/wp\/v2\/comments?post=961"}],"version-history":[{"count":3,"href":"https:\/\/walexcamper.com\/fr\/wp-json\/wp\/v2\/pages\/961\/revisions"}],"predecessor-version":[{"id":986,"href":"https:\/\/walexcamper.com\/fr\/wp-json\/wp\/v2\/pages\/961\/revisions\/986"}],"wp:attachment":[{"href":"https:\/\/walexcamper.com\/fr\/wp-json\/wp\/v2\/media?parent=961"}],"curies":[{"name":"wp","href":"https:\/\/api.w.org\/{rel}","templated":true}]}}