{"id":993,"date":"2022-08-04T14:02:36","date_gmt":"2022-08-04T14:02:36","guid":{"rendered":"https:\/\/walexcamper.com\/right-of-return\/"},"modified":"2022-08-04T14:29:25","modified_gmt":"2022-08-04T14:29:25","slug":"droit-de-retour","status":"publish","type":"page","link":"https:\/\/walexcamper.com\/fr\/droit-de-retour\/","title":{"rendered":"Droit de retour"},"content":{"rendered":"<p>14 jours apr\u00e8s r\u00e9ception<br \/>\nPas enti\u00e8rement satisfait de votre achat ?<br \/>\nVous avez le droit de r\u00e9silier le contrat dans un d\u00e9lai de 14 jours sans donner de motif.<br \/>\nLe d\u00e9lai de r\u00e9tractation expire 14 jours apr\u00e8s le jour o\u00f9 vous ou un tiers d\u00e9sign\u00e9 par vous, qui n&#8217;est pas le transporteur, prenez mat\u00e9riellement possession du bien.<\/p>\n<p>Apr\u00e8s r\u00e9ception, nous vous rembourserons le montant total de l&#8217;achat, y compris les frais d&#8217;exp\u00e9dition, sur votre compte.<br \/>\nLes produits retourn\u00e9s doivent \u00eatre en bon \u00e9tat et uniquement d\u00e9ball\u00e9s ou utilis\u00e9s dans la mesure n\u00e9cessaire pour \u00e9valuer si vous souhaitez conserver le produit.<\/p>\n<p>Adresse de retour<br \/>\nEnvoyez le(s) produit(s) concern\u00e9(s) accompagn\u00e9(s) d&#8217;une copie du bon de livraison ou de la confirmation de commande \u00e0 l&#8217;adresse ci-dessous. Veuillez inscrire clairement \u00ab\u00a0RETOUR\u00a0\u00bb sur ce bordereau d&#8217;exp\u00e9dition ou sur cette confirmation de commande.<\/p>\n<p>Atlas Sanitations Products B.V.<br \/>\nKoperstraat 60<br \/>\n2718 RE Zoetermeer<br \/>\nPays-Bas<\/p>\n<p>Frais de retour<br \/>\nVous \u00eates responsable des frais d&#8217;exp\u00e9dition de votre retour.<\/p>\n","protected":false},"excerpt":{"rendered":"<p>14 jours apr\u00e8s r\u00e9ception Pas enti\u00e8rement satisfait de votre achat ? Vous avez le droit de r\u00e9silier le contrat dans un d\u00e9lai de 14 jours sans donner de motif. Le d\u00e9lai de r\u00e9tractation expire 14 jours apr\u00e8s le jour o\u00f9 vous ou un tiers d\u00e9sign\u00e9 par vous, qui n&#8217;est pas le transporteur, prenez mat\u00e9riellement possession [&hellip;]<\/p>\n","protected":false},"author":1,"featured_media":0,"parent":0,"menu_order":0,"comment_status":"closed","ping_status":"closed","template":"","meta":{"footnotes":""},"class_list":["post-993","page","type-page","status-publish","hentry"],"yoast_head":"<!-- This site is optimized with the Yoast SEO plugin v24.7 - https:\/\/yoast.com\/wordpress\/plugins\/seo\/ -->\n<title>Droit de retour - walexcamper.com<\/title>\n<meta name=\"robots\" content=\"index, follow, max-snippet:-1, max-image-preview:large, max-video-preview:-1\" \/>\n<link rel=\"canonical\" href=\"https:\/\/walexcamper.com\/fr\/droit-de-retour\/\" \/>\n<meta property=\"og:locale\" content=\"fr_FR\" \/>\n<meta property=\"og:type\" content=\"article\" \/>\n<meta property=\"og:title\" content=\"Droit de retour - walexcamper.com\" \/>\n<meta property=\"og:description\" content=\"14 jours apr\u00e8s r\u00e9ception Pas enti\u00e8rement satisfait de votre achat ? Vous avez le droit de r\u00e9silier le contrat dans un d\u00e9lai de 14 jours sans donner de motif. Le d\u00e9lai de r\u00e9tractation expire 14 jours apr\u00e8s le jour o\u00f9 vous ou un tiers d\u00e9sign\u00e9 par vous, qui n&#8217;est pas le transporteur, prenez mat\u00e9riellement possession [&hellip;]\" \/>\n<meta property=\"og:url\" content=\"https:\/\/walexcamper.com\/fr\/droit-de-retour\/\" \/>\n<meta property=\"og:site_name\" content=\"walexcamper.com\" \/>\n<meta property=\"article:modified_time\" content=\"2022-08-04T14:29:25+00:00\" \/>\n<meta name=\"twitter:card\" content=\"summary_large_image\" \/>\n<meta name=\"twitter:label1\" content=\"Dur\u00e9e de lecture estim\u00e9e\" \/>\n\t<meta name=\"twitter:data1\" content=\"1 minute\" \/>\n<script type=\"application\/ld+json\" class=\"yoast-schema-graph\">{\"@context\":\"https:\/\/schema.org\",\"@graph\":[{\"@type\":\"WebPage\",\"@id\":\"https:\/\/walexcamper.com\/fr\/droit-de-retour\/\",\"url\":\"https:\/\/walexcamper.com\/fr\/droit-de-retour\/\",\"name\":\"Droit de retour - walexcamper.com\",\"isPartOf\":{\"@id\":\"https:\/\/walexcamper.com\/#website\"},\"datePublished\":\"2022-08-04T14:02:36+00:00\",\"dateModified\":\"2022-08-04T14:29:25+00:00\",\"breadcrumb\":{\"@id\":\"https:\/\/walexcamper.com\/fr\/droit-de-retour\/#breadcrumb\"},\"inLanguage\":\"fr-FR\",\"potentialAction\":[{\"@type\":\"ReadAction\",\"target\":[\"https:\/\/walexcamper.com\/fr\/droit-de-retour\/\"]}]},{\"@type\":\"BreadcrumbList\",\"@id\":\"https:\/\/walexcamper.com\/fr\/droit-de-retour\/#breadcrumb\",\"itemListElement\":[{\"@type\":\"ListItem\",\"position\":1,\"name\":\"Home\",\"item\":\"https:\/\/walexcamper.com\/fr\/\"},{\"@type\":\"ListItem\",\"position\":2,\"name\":\"Droit de retour\"}]},{\"@type\":\"WebSite\",\"@id\":\"https:\/\/walexcamper.com\/#website\",\"url\":\"https:\/\/walexcamper.com\/\",\"name\":\"walexcamper.com\",\"description\":\"Waste treatment and deodorants for campers\",\"publisher\":{\"@id\":\"https:\/\/walexcamper.com\/#organization\"},\"potentialAction\":[{\"@type\":\"SearchAction\",\"target\":{\"@type\":\"EntryPoint\",\"urlTemplate\":\"https:\/\/walexcamper.com\/?s={search_term_string}\"},\"query-input\":{\"@type\":\"PropertyValueSpecification\",\"valueRequired\":true,\"valueName\":\"search_term_string\"}}],\"inLanguage\":\"fr-FR\"},{\"@type\":\"Organization\",\"@id\":\"https:\/\/walexcamper.com\/#organization\",\"name\":\"WALEX Products Company Europe B.V.\",\"url\":\"https:\/\/walexcamper.com\/\",\"logo\":{\"@type\":\"ImageObject\",\"inLanguage\":\"fr-FR\",\"@id\":\"https:\/\/walexcamper.com\/#\/schema\/logo\/image\/\",\"url\":\"https:\/\/walexcamper.com\/wp-content\/uploads\/2022\/07\/flavicon.png\",\"contentUrl\":\"https:\/\/walexcamper.com\/wp-content\/uploads\/2022\/07\/flavicon.png\",\"width\":512,\"height\":512,\"caption\":\"WALEX Products Company Europe B.V.\"},\"image\":{\"@id\":\"https:\/\/walexcamper.com\/#\/schema\/logo\/image\/\"}}]}<\/script>\n<!-- \/ Yoast SEO plugin. -->","yoast_head_json":{"title":"Droit de retour - walexcamper.com","robots":{"index":"index","follow":"follow","max-snippet":"max-snippet:-1","max-image-preview":"max-image-preview:large","max-video-preview":"max-video-preview:-1"},"canonical":"https:\/\/walexcamper.com\/fr\/droit-de-retour\/","og_locale":"fr_FR","og_type":"article","og_title":"Droit de retour - walexcamper.com","og_description":"14 jours apr\u00e8s r\u00e9ception Pas enti\u00e8rement satisfait de votre achat ? Vous avez le droit de r\u00e9silier le contrat dans un d\u00e9lai de 14 jours sans donner de motif. Le d\u00e9lai de r\u00e9tractation expire 14 jours apr\u00e8s le jour o\u00f9 vous ou un tiers d\u00e9sign\u00e9 par vous, qui n&#8217;est pas le transporteur, prenez mat\u00e9riellement possession [&hellip;]","og_url":"https:\/\/walexcamper.com\/fr\/droit-de-retour\/","og_site_name":"walexcamper.com","article_modified_time":"2022-08-04T14:29:25+00:00","twitter_card":"summary_large_image","twitter_misc":{"Dur\u00e9e de lecture estim\u00e9e":"1 minute"},"schema":{"@context":"https:\/\/schema.org","@graph":[{"@type":"WebPage","@id":"https:\/\/walexcamper.com\/fr\/droit-de-retour\/","url":"https:\/\/walexcamper.com\/fr\/droit-de-retour\/","name":"Droit de retour - walexcamper.com","isPartOf":{"@id":"https:\/\/walexcamper.com\/#website"},"datePublished":"2022-08-04T14:02:36+00:00","dateModified":"2022-08-04T14:29:25+00:00","breadcrumb":{"@id":"https:\/\/walexcamper.com\/fr\/droit-de-retour\/#breadcrumb"},"inLanguage":"fr-FR","potentialAction":[{"@type":"ReadAction","target":["https:\/\/walexcamper.com\/fr\/droit-de-retour\/"]}]},{"@type":"BreadcrumbList","@id":"https:\/\/walexcamper.com\/fr\/droit-de-retour\/#breadcrumb","itemListElement":[{"@type":"ListItem","position":1,"name":"Home","item":"https:\/\/walexcamper.com\/fr\/"},{"@type":"ListItem","position":2,"name":"Droit de retour"}]},{"@type":"WebSite","@id":"https:\/\/walexcamper.com\/#website","url":"https:\/\/walexcamper.com\/","name":"walexcamper.com","description":"Waste treatment and deodorants for campers","publisher":{"@id":"https:\/\/walexcamper.com\/#organization"},"potentialAction":[{"@type":"SearchAction","target":{"@type":"EntryPoint","urlTemplate":"https:\/\/walexcamper.com\/?s={search_term_string}"},"query-input":{"@type":"PropertyValueSpecification","valueRequired":true,"valueName":"search_term_string"}}],"inLanguage":"fr-FR"},{"@type":"Organization","@id":"https:\/\/walexcamper.com\/#organization","name":"WALEX Products Company Europe B.V.","url":"https:\/\/walexcamper.com\/","logo":{"@type":"ImageObject","inLanguage":"fr-FR","@id":"https:\/\/walexcamper.com\/#\/schema\/logo\/image\/","url":"https:\/\/walexcamper.com\/wp-content\/uploads\/2022\/07\/flavicon.png","contentUrl":"https:\/\/walexcamper.com\/wp-content\/uploads\/2022\/07\/flavicon.png","width":512,"height":512,"caption":"WALEX Products Company Europe B.V."},"image":{"@id":"https:\/\/walexcamper.com\/#\/schema\/logo\/image\/"}}]}},"_links":{"self":[{"href":"https:\/\/walexcamper.com\/fr\/wp-json\/wp\/v2\/pages\/993","targetHints":{"allow":["GET"]}}],"collection":[{"href":"https:\/\/walexcamper.com\/fr\/wp-json\/wp\/v2\/pages"}],"about":[{"href":"https:\/\/walexcamper.com\/fr\/wp-json\/wp\/v2\/types\/page"}],"author":[{"embeddable":true,"href":"https:\/\/walexcamper.com\/fr\/wp-json\/wp\/v2\/users\/1"}],"replies":[{"embeddable":true,"href":"https:\/\/walexcamper.com\/fr\/wp-json\/wp\/v2\/comments?post=993"}],"version-history":[{"count":2,"href":"https:\/\/walexcamper.com\/fr\/wp-json\/wp\/v2\/pages\/993\/revisions"}],"predecessor-version":[{"id":1003,"href":"https:\/\/walexcamper.com\/fr\/wp-json\/wp\/v2\/pages\/993\/revisions\/1003"}],"wp:attachment":[{"href":"https:\/\/walexcamper.com\/fr\/wp-json\/wp\/v2\/media?parent=993"}],"curies":[{"name":"wp","href":"https:\/\/api.w.org\/{rel}","templated":true}]}}