{"id":1045,"date":"2022-07-25T13:21:48","date_gmt":"2022-07-25T13:21:48","guid":{"rendered":"https:\/\/walexcamper.com\/product\/fragrance-disc-holder\/"},"modified":"2022-08-09T11:49:11","modified_gmt":"2022-08-09T11:49:11","slug":"porte-disque-de-parfum","status":"publish","type":"product","link":"https:\/\/walexcamper.com\/fr\/produit\/porte-disque-de-parfum\/","title":{"rendered":"Porte-disque de parfum"},"content":{"rendered":"<p>Porte-disque de parfum qui peut \u00eatre ferm\u00e9 et ouvert avec une simple torsion.<br \/>\nPlacez le disque de parfum dans le support en plastique et collez-le au mur ou posez-le simplement \u00e0 l&#8217;abri des regards.<br \/>\nLes disques d\u00e9odorants Walex s&#8217;int\u00e8grent parfaitement dans le support.<\/p>\n","protected":false},"excerpt":{"rendered":"<p>Porte-disque de parfum qui peut \u00eatre ferm\u00e9 et ouvert avec une simple torsion.<br \/>\nPlacez le disque de parfum dans le support en plastique et collez-le au mur ou posez-le simplement \u00e0 l&#8217;abri des regards.<br \/>\nLes disques d\u00e9odorants Walex s&#8217;int\u00e8grent parfaitement dans le support.<\/p>\n","protected":false},"featured_media":756,"comment_status":"open","ping_status":"closed","template":"","meta":[],"product_brand":[],"product_cat":[78],"product_tag":[],"class_list":{"0":"post-1045","1":"product","2":"type-product","3":"status-publish","4":"has-post-thumbnail","6":"product_cat-desodorisants","8":"first","9":"instock","10":"taxable","11":"shipping-taxable","12":"purchasable","13":"product-type-simple"},"yoast_head":"<!-- This site is optimized with the Yoast SEO plugin v24.7 - https:\/\/yoast.com\/wordpress\/plugins\/seo\/ -->\n<title>Porte-disque de parfum de Walex Deo Discs<\/title>\n<meta name=\"description\" content=\"Porte-disque de parfum qui peut \u00eatre ferm\u00e9 et ouvert avec une simple torsion. Les disques d\u00e9odorants Walex s&#039;int\u00e8grent parfaitement dans le support.\" \/>\n<meta name=\"robots\" content=\"index, follow, max-snippet:-1, max-image-preview:large, max-video-preview:-1\" \/>\n<link rel=\"canonical\" href=\"https:\/\/walexcamper.com\/fr\/produit\/porte-disque-de-parfum\/\" \/>\n<meta property=\"og:locale\" content=\"fr_FR\" \/>\n<meta property=\"og:type\" content=\"article\" \/>\n<meta property=\"og:title\" content=\"Porte-disque de parfum de Walex Deo Discs\" \/>\n<meta property=\"og:description\" content=\"Porte-disque de parfum qui peut \u00eatre ferm\u00e9 et ouvert avec une simple torsion. Les disques d\u00e9odorants Walex s&#039;int\u00e8grent parfaitement dans le support.\" \/>\n<meta property=\"og:url\" content=\"https:\/\/walexcamper.com\/fr\/produit\/porte-disque-de-parfum\/\" \/>\n<meta property=\"og:site_name\" content=\"walexcamper.com\" \/>\n<meta property=\"article:modified_time\" content=\"2022-08-09T11:49:11+00:00\" \/>\n<meta property=\"og:image\" content=\"https:\/\/walexcamper.com\/wp-content\/uploads\/2022\/07\/fragrance-disc-holder-bubblegum-550x550-1.jpg\" \/>\n\t<meta property=\"og:image:width\" content=\"550\" \/>\n\t<meta property=\"og:image:height\" content=\"550\" \/>\n\t<meta property=\"og:image:type\" content=\"image\/jpeg\" \/>\n<meta name=\"twitter:card\" content=\"summary_large_image\" \/>\n<meta name=\"twitter:label1\" content=\"Dur\u00e9e de lecture estim\u00e9e\" \/>\n\t<meta name=\"twitter:data1\" content=\"1 minute\" \/>\n<script type=\"application\/ld+json\" class=\"yoast-schema-graph\">{\"@context\":\"https:\/\/schema.org\",\"@graph\":[{\"@type\":\"WebPage\",\"@id\":\"https:\/\/walexcamper.com\/fr\/produit\/porte-disque-de-parfum\/\",\"url\":\"https:\/\/walexcamper.com\/fr\/produit\/porte-disque-de-parfum\/\",\"name\":\"Porte-disque de parfum de Walex Deo Discs\",\"isPartOf\":{\"@id\":\"https:\/\/walexcamper.com\/#website\"},\"primaryImageOfPage\":{\"@id\":\"https:\/\/walexcamper.com\/fr\/produit\/porte-disque-de-parfum\/#primaryimage\"},\"image\":{\"@id\":\"https:\/\/walexcamper.com\/fr\/produit\/porte-disque-de-parfum\/#primaryimage\"},\"thumbnailUrl\":\"https:\/\/walexcamper.com\/wp-content\/uploads\/2022\/07\/fragrance-disc-holder-bubblegum-550x550-1.jpg\",\"datePublished\":\"2022-07-25T13:21:48+00:00\",\"dateModified\":\"2022-08-09T11:49:11+00:00\",\"description\":\"Porte-disque de parfum qui peut \u00eatre ferm\u00e9 et ouvert avec une simple torsion. Les disques d\u00e9odorants Walex s'int\u00e8grent parfaitement dans le support.\",\"breadcrumb\":{\"@id\":\"https:\/\/walexcamper.com\/fr\/produit\/porte-disque-de-parfum\/#breadcrumb\"},\"inLanguage\":\"fr-FR\",\"potentialAction\":[{\"@type\":\"ReadAction\",\"target\":[\"https:\/\/walexcamper.com\/fr\/produit\/porte-disque-de-parfum\/\"]}]},{\"@type\":\"ImageObject\",\"inLanguage\":\"fr-FR\",\"@id\":\"https:\/\/walexcamper.com\/fr\/produit\/porte-disque-de-parfum\/#primaryimage\",\"url\":\"https:\/\/walexcamper.com\/wp-content\/uploads\/2022\/07\/fragrance-disc-holder-bubblegum-550x550-1.jpg\",\"contentUrl\":\"https:\/\/walexcamper.com\/wp-content\/uploads\/2022\/07\/fragrance-disc-holder-bubblegum-550x550-1.jpg\",\"width\":550,\"height\":550,\"caption\":\"porte-disque de parfum\"},{\"@type\":\"BreadcrumbList\",\"@id\":\"https:\/\/walexcamper.com\/fr\/produit\/porte-disque-de-parfum\/#breadcrumb\",\"itemListElement\":[{\"@type\":\"ListItem\",\"position\":1,\"name\":\"Home\",\"item\":\"https:\/\/walexcamper.com\/fr\/\"},{\"@type\":\"ListItem\",\"position\":2,\"name\":\"Winkel\",\"item\":\"https:\/\/walexcamper.com\/nl\/winkel\/\"},{\"@type\":\"ListItem\",\"position\":3,\"name\":\"Porte-disque de parfum\"}]},{\"@type\":\"WebSite\",\"@id\":\"https:\/\/walexcamper.com\/#website\",\"url\":\"https:\/\/walexcamper.com\/\",\"name\":\"walexcamper.com\",\"description\":\"Waste treatment and deodorants for campers\",\"publisher\":{\"@id\":\"https:\/\/walexcamper.com\/#organization\"},\"potentialAction\":[{\"@type\":\"SearchAction\",\"target\":{\"@type\":\"EntryPoint\",\"urlTemplate\":\"https:\/\/walexcamper.com\/?s={search_term_string}\"},\"query-input\":{\"@type\":\"PropertyValueSpecification\",\"valueRequired\":true,\"valueName\":\"search_term_string\"}}],\"inLanguage\":\"fr-FR\"},{\"@type\":\"Organization\",\"@id\":\"https:\/\/walexcamper.com\/#organization\",\"name\":\"WALEX Products Company Europe B.V.\",\"url\":\"https:\/\/walexcamper.com\/\",\"logo\":{\"@type\":\"ImageObject\",\"inLanguage\":\"fr-FR\",\"@id\":\"https:\/\/walexcamper.com\/#\/schema\/logo\/image\/\",\"url\":\"https:\/\/walexcamper.com\/wp-content\/uploads\/2022\/07\/flavicon.png\",\"contentUrl\":\"https:\/\/walexcamper.com\/wp-content\/uploads\/2022\/07\/flavicon.png\",\"width\":512,\"height\":512,\"caption\":\"WALEX Products Company Europe B.V.\"},\"image\":{\"@id\":\"https:\/\/walexcamper.com\/#\/schema\/logo\/image\/\"}}]}<\/script>\n<!-- \/ Yoast SEO plugin. -->","yoast_head_json":{"title":"Porte-disque de parfum de Walex Deo Discs","description":"Porte-disque de parfum qui peut \u00eatre ferm\u00e9 et ouvert avec une simple torsion. Les disques d\u00e9odorants Walex s'int\u00e8grent parfaitement dans le support.","robots":{"index":"index","follow":"follow","max-snippet":"max-snippet:-1","max-image-preview":"max-image-preview:large","max-video-preview":"max-video-preview:-1"},"canonical":"https:\/\/walexcamper.com\/fr\/produit\/porte-disque-de-parfum\/","og_locale":"fr_FR","og_type":"article","og_title":"Porte-disque de parfum de Walex Deo Discs","og_description":"Porte-disque de parfum qui peut \u00eatre ferm\u00e9 et ouvert avec une simple torsion. Les disques d\u00e9odorants Walex s'int\u00e8grent parfaitement dans le support.","og_url":"https:\/\/walexcamper.com\/fr\/produit\/porte-disque-de-parfum\/","og_site_name":"walexcamper.com","article_modified_time":"2022-08-09T11:49:11+00:00","og_image":[{"width":550,"height":550,"url":"https:\/\/walexcamper.com\/wp-content\/uploads\/2022\/07\/fragrance-disc-holder-bubblegum-550x550-1.jpg","type":"image\/jpeg"}],"twitter_card":"summary_large_image","twitter_misc":{"Dur\u00e9e de lecture estim\u00e9e":"1 minute"},"schema":{"@context":"https:\/\/schema.org","@graph":[{"@type":"WebPage","@id":"https:\/\/walexcamper.com\/fr\/produit\/porte-disque-de-parfum\/","url":"https:\/\/walexcamper.com\/fr\/produit\/porte-disque-de-parfum\/","name":"Porte-disque de parfum de Walex Deo Discs","isPartOf":{"@id":"https:\/\/walexcamper.com\/#website"},"primaryImageOfPage":{"@id":"https:\/\/walexcamper.com\/fr\/produit\/porte-disque-de-parfum\/#primaryimage"},"image":{"@id":"https:\/\/walexcamper.com\/fr\/produit\/porte-disque-de-parfum\/#primaryimage"},"thumbnailUrl":"https:\/\/walexcamper.com\/wp-content\/uploads\/2022\/07\/fragrance-disc-holder-bubblegum-550x550-1.jpg","datePublished":"2022-07-25T13:21:48+00:00","dateModified":"2022-08-09T11:49:11+00:00","description":"Porte-disque de parfum qui peut \u00eatre ferm\u00e9 et ouvert avec une simple torsion. Les disques d\u00e9odorants Walex s'int\u00e8grent parfaitement dans le support.","breadcrumb":{"@id":"https:\/\/walexcamper.com\/fr\/produit\/porte-disque-de-parfum\/#breadcrumb"},"inLanguage":"fr-FR","potentialAction":[{"@type":"ReadAction","target":["https:\/\/walexcamper.com\/fr\/produit\/porte-disque-de-parfum\/"]}]},{"@type":"ImageObject","inLanguage":"fr-FR","@id":"https:\/\/walexcamper.com\/fr\/produit\/porte-disque-de-parfum\/#primaryimage","url":"https:\/\/walexcamper.com\/wp-content\/uploads\/2022\/07\/fragrance-disc-holder-bubblegum-550x550-1.jpg","contentUrl":"https:\/\/walexcamper.com\/wp-content\/uploads\/2022\/07\/fragrance-disc-holder-bubblegum-550x550-1.jpg","width":550,"height":550,"caption":"porte-disque de parfum"},{"@type":"BreadcrumbList","@id":"https:\/\/walexcamper.com\/fr\/produit\/porte-disque-de-parfum\/#breadcrumb","itemListElement":[{"@type":"ListItem","position":1,"name":"Home","item":"https:\/\/walexcamper.com\/fr\/"},{"@type":"ListItem","position":2,"name":"Winkel","item":"https:\/\/walexcamper.com\/nl\/winkel\/"},{"@type":"ListItem","position":3,"name":"Porte-disque de parfum"}]},{"@type":"WebSite","@id":"https:\/\/walexcamper.com\/#website","url":"https:\/\/walexcamper.com\/","name":"walexcamper.com","description":"Waste treatment and deodorants for campers","publisher":{"@id":"https:\/\/walexcamper.com\/#organization"},"potentialAction":[{"@type":"SearchAction","target":{"@type":"EntryPoint","urlTemplate":"https:\/\/walexcamper.com\/?s={search_term_string}"},"query-input":{"@type":"PropertyValueSpecification","valueRequired":true,"valueName":"search_term_string"}}],"inLanguage":"fr-FR"},{"@type":"Organization","@id":"https:\/\/walexcamper.com\/#organization","name":"WALEX Products Company Europe B.V.","url":"https:\/\/walexcamper.com\/","logo":{"@type":"ImageObject","inLanguage":"fr-FR","@id":"https:\/\/walexcamper.com\/#\/schema\/logo\/image\/","url":"https:\/\/walexcamper.com\/wp-content\/uploads\/2022\/07\/flavicon.png","contentUrl":"https:\/\/walexcamper.com\/wp-content\/uploads\/2022\/07\/flavicon.png","width":512,"height":512,"caption":"WALEX Products Company Europe B.V."},"image":{"@id":"https:\/\/walexcamper.com\/#\/schema\/logo\/image\/"}}]}},"_links":{"self":[{"href":"https:\/\/walexcamper.com\/fr\/wp-json\/wp\/v2\/product\/1045","targetHints":{"allow":["GET"]}}],"collection":[{"href":"https:\/\/walexcamper.com\/fr\/wp-json\/wp\/v2\/product"}],"about":[{"href":"https:\/\/walexcamper.com\/fr\/wp-json\/wp\/v2\/types\/product"}],"replies":[{"embeddable":true,"href":"https:\/\/walexcamper.com\/fr\/wp-json\/wp\/v2\/comments?post=1045"}],"wp:featuredmedia":[{"embeddable":true,"href":"https:\/\/walexcamper.com\/fr\/wp-json\/wp\/v2\/media\/756"}],"wp:attachment":[{"href":"https:\/\/walexcamper.com\/fr\/wp-json\/wp\/v2\/media?parent=1045"}],"wp:term":[{"taxonomy":"product_brand","embeddable":true,"href":"https:\/\/walexcamper.com\/fr\/wp-json\/wp\/v2\/product_brand?post=1045"},{"taxonomy":"product_cat","embeddable":true,"href":"https:\/\/walexcamper.com\/fr\/wp-json\/wp\/v2\/product_cat?post=1045"},{"taxonomy":"product_tag","embeddable":true,"href":"https:\/\/walexcamper.com\/fr\/wp-json\/wp\/v2\/product_tag?post=1045"}],"curies":[{"name":"wp","href":"https:\/\/api.w.org\/{rel}","templated":true}]}}