{"id":311,"date":"2022-07-11T13:07:46","date_gmt":"2022-07-11T13:07:46","guid":{"rendered":"https:\/\/walexcamper.com\/product\/porta-potti-deodoriser\/"},"modified":"2022-07-15T09:29:24","modified_gmt":"2022-07-15T09:29:24","slug":"desodorisant-pour-toilettes","status":"publish","type":"product","link":"https:\/\/walexcamper.com\/fr\/produit\/desodorisant-pour-toilettes\/","title":{"rendered":"Porta-Pak Lavender Fresh"},"content":{"rendered":"<p>D\u00e9sodorisant de toilette \u00e0 cassette au parfum frais de lavande.<br \/>\nLes sachets Porta-Pak utilisent la technologie de contr\u00f4le des odeurs Walex Wave 2, offrant une pr\u00e9vention \u00e0 long terme des odeurs pour toutes les applications de toilettes pour camping-cars, caravanes et bateaux.<\/p>\n<p>Le sachet soluble dans l&#8217;eau de force commerciale se disperse rapidement dans l&#8217;eau et n&#8217;obstrue pas les tuyaux, les pompes ou les vannes. L&#8217;utilisation continue de Porta-Pak gardera vos toilettes sans odeur et sans tracas. Pas besoin de liquides tach\u00e9s ou de comprim\u00e9s crayeux.<\/p>\n<p>Sp\u00e9cifications:<\/p>\n<ul>\n<li>Pr\u00e9vention des odeurs la plus forte<\/li>\n<li>Portions pr\u00e9emball\u00e9es<\/li>\n<li>D\u00e9compose \u00e0 la fois les d\u00e9chets et le papier<\/li>\n<li>Nettoie les r\u00e9servoirs et les capteurs<\/li>\n<li>Convient \u00e0 tous les toilettes \u00e0 cassette, r\u00e9servoirs de r\u00e9tention et toilettes portables<\/li>\n<li>Force commerciale<\/li>\n<li>Nouveau parfum agr\u00e9able de brise de lavande<\/li>\n<li>Biod\u00e9gradable<\/li>\n<li>Sans danger pour l&#8217;\u00e9quipement, les vannes et les joints<\/li>\n<\/ul>\n","protected":false},"excerpt":{"rendered":"<p>D\u00e9sodorisant pour toilettes \u00e0 cassette au parfum frais de lavande, offrant une pr\u00e9vention des odeurs \u00e0 long terme.<\/p>\n","protected":false},"featured_media":127,"comment_status":"open","ping_status":"closed","template":"","meta":[],"product_brand":[],"product_cat":[57],"product_tag":[],"class_list":{"0":"post-311","1":"product","2":"type-product","3":"status-publish","4":"has-post-thumbnail","6":"product_cat-porta-pak-sachets-de-poudre","8":"first","9":"instock","10":"taxable","11":"shipping-taxable","12":"purchasable","13":"product-type-simple"},"yoast_head":"<!-- This site is optimized with the Yoast SEO plugin v24.7 - https:\/\/yoast.com\/wordpress\/plugins\/seo\/ -->\n<title>D\u00e9sodorisant de toilette \u00e0 cassette au parfum frais de lavande.<\/title>\n<meta name=\"description\" content=\"D\u00e9sodorisant de toilette \u00e0 cassette au parfum frais de lavande. Pr\u00e9vention des odeurs \u00e0 long terme pour toutes les applications de toilettes pour camping-cars, caravanes et bateaux.\" \/>\n<meta name=\"robots\" content=\"index, follow, max-snippet:-1, max-image-preview:large, max-video-preview:-1\" \/>\n<link rel=\"canonical\" href=\"https:\/\/walexcamper.com\/fr\/produit\/porta-potty-deodoriser\/\" \/>\n<meta property=\"og:locale\" content=\"fr_FR\" \/>\n<meta property=\"og:type\" content=\"article\" \/>\n<meta property=\"og:title\" content=\"D\u00e9sodorisant de toilette \u00e0 cassette au parfum frais de lavande.\" \/>\n<meta property=\"og:description\" content=\"D\u00e9sodorisant de toilette \u00e0 cassette au parfum frais de lavande. Pr\u00e9vention des odeurs \u00e0 long terme pour toutes les applications de toilettes pour camping-cars, caravanes et bateaux.\" \/>\n<meta property=\"og:url\" content=\"https:\/\/walexcamper.com\/fr\/produit\/porta-potty-deodoriser\/\" \/>\n<meta property=\"og:site_name\" content=\"walexcamper.com\" \/>\n<meta property=\"article:modified_time\" content=\"2022-07-15T09:29:24+00:00\" \/>\n<meta property=\"og:image\" content=\"https:\/\/walexcamper.com\/wp-content\/uploads\/2022\/07\/waste-tank-deodorizer-porta-pak-lavender.jpg\" \/>\n\t<meta property=\"og:image:width\" content=\"800\" \/>\n\t<meta property=\"og:image:height\" content=\"764\" \/>\n\t<meta property=\"og:image:type\" content=\"image\/jpeg\" \/>\n<meta name=\"twitter:card\" content=\"summary_large_image\" \/>\n<meta name=\"twitter:label1\" content=\"Dur\u00e9e de lecture estim\u00e9e\" \/>\n\t<meta name=\"twitter:data1\" content=\"1 minute\" \/>\n<script type=\"application\/ld+json\" class=\"yoast-schema-graph\">{\"@context\":\"https:\/\/schema.org\",\"@graph\":[{\"@type\":\"WebPage\",\"@id\":\"https:\/\/walexcamper.com\/fr\/produit\/porta-potty-deodoriser\/\",\"url\":\"https:\/\/walexcamper.com\/fr\/produit\/porta-potty-deodoriser\/\",\"name\":\"D\u00e9sodorisant de toilette \u00e0 cassette au parfum frais de lavande.\",\"isPartOf\":{\"@id\":\"https:\/\/walexcamper.com\/#website\"},\"primaryImageOfPage\":{\"@id\":\"https:\/\/walexcamper.com\/fr\/produit\/porta-potty-deodoriser\/#primaryimage\"},\"image\":{\"@id\":\"https:\/\/walexcamper.com\/fr\/produit\/porta-potty-deodoriser\/#primaryimage\"},\"thumbnailUrl\":\"https:\/\/walexcamper.com\/wp-content\/uploads\/2022\/07\/waste-tank-deodorizer-porta-pak-lavender.jpg\",\"datePublished\":\"2022-07-11T13:07:46+00:00\",\"dateModified\":\"2022-07-15T09:29:24+00:00\",\"description\":\"D\u00e9sodorisant de toilette \u00e0 cassette au parfum frais de lavande. Pr\u00e9vention des odeurs \u00e0 long terme pour toutes les applications de toilettes pour camping-cars, caravanes et bateaux.\",\"breadcrumb\":{\"@id\":\"https:\/\/walexcamper.com\/fr\/produit\/porta-potty-deodoriser\/#breadcrumb\"},\"inLanguage\":\"fr-FR\",\"potentialAction\":[{\"@type\":\"ReadAction\",\"target\":[\"https:\/\/walexcamper.com\/fr\/produit\/porta-potty-deodoriser\/\"]}]},{\"@type\":\"ImageObject\",\"inLanguage\":\"fr-FR\",\"@id\":\"https:\/\/walexcamper.com\/fr\/produit\/porta-potty-deodoriser\/#primaryimage\",\"url\":\"https:\/\/walexcamper.com\/wp-content\/uploads\/2022\/07\/waste-tank-deodorizer-porta-pak-lavender.jpg\",\"contentUrl\":\"https:\/\/walexcamper.com\/wp-content\/uploads\/2022\/07\/waste-tank-deodorizer-porta-pak-lavender.jpg\",\"width\":800,\"height\":764,\"caption\":\"D\u00e9sodorisant de toilette \u00e0 cassette\"},{\"@type\":\"BreadcrumbList\",\"@id\":\"https:\/\/walexcamper.com\/fr\/produit\/porta-potty-deodoriser\/#breadcrumb\",\"itemListElement\":[{\"@type\":\"ListItem\",\"position\":1,\"name\":\"Home\",\"item\":\"https:\/\/walexcamper.com\/fr\/\"},{\"@type\":\"ListItem\",\"position\":2,\"name\":\"Winkel\",\"item\":\"https:\/\/walexcamper.com\/nl\/winkel\/\"},{\"@type\":\"ListItem\",\"position\":3,\"name\":\"Porta-Pak Lavender Fresh\"}]},{\"@type\":\"WebSite\",\"@id\":\"https:\/\/walexcamper.com\/#website\",\"url\":\"https:\/\/walexcamper.com\/\",\"name\":\"walexcamper.com\",\"description\":\"Waste treatment and deodorants for campers\",\"publisher\":{\"@id\":\"https:\/\/walexcamper.com\/#organization\"},\"potentialAction\":[{\"@type\":\"SearchAction\",\"target\":{\"@type\":\"EntryPoint\",\"urlTemplate\":\"https:\/\/walexcamper.com\/?s={search_term_string}\"},\"query-input\":{\"@type\":\"PropertyValueSpecification\",\"valueRequired\":true,\"valueName\":\"search_term_string\"}}],\"inLanguage\":\"fr-FR\"},{\"@type\":\"Organization\",\"@id\":\"https:\/\/walexcamper.com\/#organization\",\"name\":\"WALEX Products Company Europe B.V.\",\"url\":\"https:\/\/walexcamper.com\/\",\"logo\":{\"@type\":\"ImageObject\",\"inLanguage\":\"fr-FR\",\"@id\":\"https:\/\/walexcamper.com\/#\/schema\/logo\/image\/\",\"url\":\"https:\/\/walexcamper.com\/wp-content\/uploads\/2022\/07\/flavicon.png\",\"contentUrl\":\"https:\/\/walexcamper.com\/wp-content\/uploads\/2022\/07\/flavicon.png\",\"width\":512,\"height\":512,\"caption\":\"WALEX Products Company Europe B.V.\"},\"image\":{\"@id\":\"https:\/\/walexcamper.com\/#\/schema\/logo\/image\/\"}}]}<\/script>\n<!-- \/ Yoast SEO plugin. -->","yoast_head_json":{"title":"D\u00e9sodorisant de toilette \u00e0 cassette au parfum frais de lavande.","description":"D\u00e9sodorisant de toilette \u00e0 cassette au parfum frais de lavande. Pr\u00e9vention des odeurs \u00e0 long terme pour toutes les applications de toilettes pour camping-cars, caravanes et bateaux.","robots":{"index":"index","follow":"follow","max-snippet":"max-snippet:-1","max-image-preview":"max-image-preview:large","max-video-preview":"max-video-preview:-1"},"canonical":"https:\/\/walexcamper.com\/fr\/produit\/porta-potty-deodoriser\/","og_locale":"fr_FR","og_type":"article","og_title":"D\u00e9sodorisant de toilette \u00e0 cassette au parfum frais de lavande.","og_description":"D\u00e9sodorisant de toilette \u00e0 cassette au parfum frais de lavande. Pr\u00e9vention des odeurs \u00e0 long terme pour toutes les applications de toilettes pour camping-cars, caravanes et bateaux.","og_url":"https:\/\/walexcamper.com\/fr\/produit\/porta-potty-deodoriser\/","og_site_name":"walexcamper.com","article_modified_time":"2022-07-15T09:29:24+00:00","og_image":[{"width":800,"height":764,"url":"https:\/\/walexcamper.com\/wp-content\/uploads\/2022\/07\/waste-tank-deodorizer-porta-pak-lavender.jpg","type":"image\/jpeg"}],"twitter_card":"summary_large_image","twitter_misc":{"Dur\u00e9e de lecture estim\u00e9e":"1 minute"},"schema":{"@context":"https:\/\/schema.org","@graph":[{"@type":"WebPage","@id":"https:\/\/walexcamper.com\/fr\/produit\/porta-potty-deodoriser\/","url":"https:\/\/walexcamper.com\/fr\/produit\/porta-potty-deodoriser\/","name":"D\u00e9sodorisant de toilette \u00e0 cassette au parfum frais de lavande.","isPartOf":{"@id":"https:\/\/walexcamper.com\/#website"},"primaryImageOfPage":{"@id":"https:\/\/walexcamper.com\/fr\/produit\/porta-potty-deodoriser\/#primaryimage"},"image":{"@id":"https:\/\/walexcamper.com\/fr\/produit\/porta-potty-deodoriser\/#primaryimage"},"thumbnailUrl":"https:\/\/walexcamper.com\/wp-content\/uploads\/2022\/07\/waste-tank-deodorizer-porta-pak-lavender.jpg","datePublished":"2022-07-11T13:07:46+00:00","dateModified":"2022-07-15T09:29:24+00:00","description":"D\u00e9sodorisant de toilette \u00e0 cassette au parfum frais de lavande. Pr\u00e9vention des odeurs \u00e0 long terme pour toutes les applications de toilettes pour camping-cars, caravanes et bateaux.","breadcrumb":{"@id":"https:\/\/walexcamper.com\/fr\/produit\/porta-potty-deodoriser\/#breadcrumb"},"inLanguage":"fr-FR","potentialAction":[{"@type":"ReadAction","target":["https:\/\/walexcamper.com\/fr\/produit\/porta-potty-deodoriser\/"]}]},{"@type":"ImageObject","inLanguage":"fr-FR","@id":"https:\/\/walexcamper.com\/fr\/produit\/porta-potty-deodoriser\/#primaryimage","url":"https:\/\/walexcamper.com\/wp-content\/uploads\/2022\/07\/waste-tank-deodorizer-porta-pak-lavender.jpg","contentUrl":"https:\/\/walexcamper.com\/wp-content\/uploads\/2022\/07\/waste-tank-deodorizer-porta-pak-lavender.jpg","width":800,"height":764,"caption":"D\u00e9sodorisant de toilette \u00e0 cassette"},{"@type":"BreadcrumbList","@id":"https:\/\/walexcamper.com\/fr\/produit\/porta-potty-deodoriser\/#breadcrumb","itemListElement":[{"@type":"ListItem","position":1,"name":"Home","item":"https:\/\/walexcamper.com\/fr\/"},{"@type":"ListItem","position":2,"name":"Winkel","item":"https:\/\/walexcamper.com\/nl\/winkel\/"},{"@type":"ListItem","position":3,"name":"Porta-Pak Lavender Fresh"}]},{"@type":"WebSite","@id":"https:\/\/walexcamper.com\/#website","url":"https:\/\/walexcamper.com\/","name":"walexcamper.com","description":"Waste treatment and deodorants for campers","publisher":{"@id":"https:\/\/walexcamper.com\/#organization"},"potentialAction":[{"@type":"SearchAction","target":{"@type":"EntryPoint","urlTemplate":"https:\/\/walexcamper.com\/?s={search_term_string}"},"query-input":{"@type":"PropertyValueSpecification","valueRequired":true,"valueName":"search_term_string"}}],"inLanguage":"fr-FR"},{"@type":"Organization","@id":"https:\/\/walexcamper.com\/#organization","name":"WALEX Products Company Europe B.V.","url":"https:\/\/walexcamper.com\/","logo":{"@type":"ImageObject","inLanguage":"fr-FR","@id":"https:\/\/walexcamper.com\/#\/schema\/logo\/image\/","url":"https:\/\/walexcamper.com\/wp-content\/uploads\/2022\/07\/flavicon.png","contentUrl":"https:\/\/walexcamper.com\/wp-content\/uploads\/2022\/07\/flavicon.png","width":512,"height":512,"caption":"WALEX Products Company Europe B.V."},"image":{"@id":"https:\/\/walexcamper.com\/#\/schema\/logo\/image\/"}}]}},"_links":{"self":[{"href":"https:\/\/walexcamper.com\/fr\/wp-json\/wp\/v2\/product\/311","targetHints":{"allow":["GET"]}}],"collection":[{"href":"https:\/\/walexcamper.com\/fr\/wp-json\/wp\/v2\/product"}],"about":[{"href":"https:\/\/walexcamper.com\/fr\/wp-json\/wp\/v2\/types\/product"}],"replies":[{"embeddable":true,"href":"https:\/\/walexcamper.com\/fr\/wp-json\/wp\/v2\/comments?post=311"}],"wp:featuredmedia":[{"embeddable":true,"href":"https:\/\/walexcamper.com\/fr\/wp-json\/wp\/v2\/media\/127"}],"wp:attachment":[{"href":"https:\/\/walexcamper.com\/fr\/wp-json\/wp\/v2\/media?parent=311"}],"wp:term":[{"taxonomy":"product_brand","embeddable":true,"href":"https:\/\/walexcamper.com\/fr\/wp-json\/wp\/v2\/product_brand?post=311"},{"taxonomy":"product_cat","embeddable":true,"href":"https:\/\/walexcamper.com\/fr\/wp-json\/wp\/v2\/product_cat?post=311"},{"taxonomy":"product_tag","embeddable":true,"href":"https:\/\/walexcamper.com\/fr\/wp-json\/wp\/v2\/product_tag?post=311"}],"curies":[{"name":"wp","href":"https:\/\/api.w.org\/{rel}","templated":true}]}}