{"id":568,"date":"2022-07-11T13:45:37","date_gmt":"2022-07-11T13:45:37","guid":{"rendered":"https:\/\/walexcamper.com\/product\/biological-deodoriser-bio-pak\/"},"modified":"2022-07-14T13:36:10","modified_gmt":"2022-07-14T13:36:10","slug":"desodorisant-biologique-bio-pak","status":"publish","type":"product","link":"https:\/\/walexcamper.com\/fr\/produit\/desodorisant-biologique-bio-pak\/","title":{"rendered":"Bio-Pak Alpine Fresh"},"content":{"rendered":"<p>Le d\u00e9sodorisant biologique Bio-Pak utilise une formule enzymatique avanc\u00e9e pour \u00e9liminer les odeurs.<br \/>\nD\u00e9sodorisant aux enzymes naturelles et digesteur de d\u00e9chets pour porta-pots.<br \/>\nContr\u00f4le des portions pr\u00e9emball\u00e9es &#8211; plus de d\u00e9versements.<br \/>\nLa formule enzymatique avanc\u00e9e de Bio-Pak Express \u00e9limine les odeurs et nettoie le r\u00e9servoir de r\u00e9tention avec une d\u00e9composition rapide des d\u00e9chets et du papier.<\/p>\n<p>Sp\u00e9cifications:<\/p>\n<div>\n<div>\n<ul>\n<li>Se dissout rapidement<\/li>\n<li>100% biod\u00e9gradable<\/li>\n<li>Convient \u00e0 toutes les toilettes \u00e0 cassette, toilettes permanentes et portables<\/li>\n<li>Facile \u00e0 utiliser<\/li>\n<li>Facile \u00e0 manier<\/li>\n<li>D\u00e9compose le papier hygi\u00e9nique ordinaire &#8211; pas besoin d&#8217;utiliser des mouchoirs sp\u00e9cifiques pour camping-cars.<\/li>\n<li>15 sachets hydrosolubles<\/li>\n<li>Un sachet convient aux r\u00e9servoirs de toilettes de 10 \u00e0 25 litres<\/li>\n<\/ul>\n<\/div>\n<\/div>\n","protected":false},"excerpt":{"rendered":"<p>Le d\u00e9sodorisant biologique Bio-Pak utilise une formule enzymatique avanc\u00e9e pour \u00e9liminer les odeurs.<\/p>\n","protected":false},"featured_media":145,"comment_status":"open","ping_status":"closed","template":"","meta":[],"product_brand":[],"product_cat":[57],"product_tag":[],"class_list":{"0":"post-568","1":"product","2":"type-product","3":"status-publish","4":"has-post-thumbnail","6":"product_cat-porta-pak-sachets-de-poudre","8":"first","9":"instock","10":"taxable","11":"shipping-taxable","12":"purchasable","13":"product-type-simple"},"yoast_head":"<!-- This site is optimized with the Yoast SEO plugin v24.7 - https:\/\/yoast.com\/wordpress\/plugins\/seo\/ -->\n<title>D\u00e9sodorisant biologique Bio-Pak avec formule enzymatique<\/title>\n<meta name=\"description\" content=\"D\u00e9sodorisant biologique Bio-Pak avec formule enzymatique avanc\u00e9e pour \u00e9liminer les mauvaises odeurs. D\u00e9sodorisant aux enzymes naturelles\" \/>\n<meta name=\"robots\" content=\"index, follow, max-snippet:-1, max-image-preview:large, max-video-preview:-1\" \/>\n<link rel=\"canonical\" href=\"https:\/\/walexcamper.com\/fr\/produit\/desodorisant-biologique-bio-pak\/\" \/>\n<meta property=\"og:locale\" content=\"fr_FR\" \/>\n<meta property=\"og:type\" content=\"article\" \/>\n<meta property=\"og:title\" content=\"D\u00e9sodorisant biologique Bio-Pak avec formule enzymatique\" \/>\n<meta property=\"og:description\" content=\"D\u00e9sodorisant biologique Bio-Pak avec formule enzymatique avanc\u00e9e pour \u00e9liminer les mauvaises odeurs. D\u00e9sodorisant aux enzymes naturelles\" \/>\n<meta property=\"og:url\" content=\"https:\/\/walexcamper.com\/fr\/produit\/desodorisant-biologique-bio-pak\/\" \/>\n<meta property=\"og:site_name\" content=\"walexcamper.com\" \/>\n<meta property=\"article:modified_time\" content=\"2022-07-14T13:36:10+00:00\" \/>\n<meta property=\"og:image\" content=\"https:\/\/walexcamper.com\/wp-content\/uploads\/2022\/07\/biological-deodorant-bio-pak-alpine-fresh.jpg\" \/>\n\t<meta property=\"og:image:width\" content=\"800\" \/>\n\t<meta property=\"og:image:height\" content=\"764\" \/>\n\t<meta property=\"og:image:type\" content=\"image\/jpeg\" \/>\n<meta name=\"twitter:card\" content=\"summary_large_image\" \/>\n<meta name=\"twitter:label1\" content=\"Dur\u00e9e de lecture estim\u00e9e\" \/>\n\t<meta name=\"twitter:data1\" content=\"1 minute\" \/>\n<script type=\"application\/ld+json\" class=\"yoast-schema-graph\">{\"@context\":\"https:\/\/schema.org\",\"@graph\":[{\"@type\":\"WebPage\",\"@id\":\"https:\/\/walexcamper.com\/fr\/produit\/desodorisant-biologique-bio-pak\/\",\"url\":\"https:\/\/walexcamper.com\/fr\/produit\/desodorisant-biologique-bio-pak\/\",\"name\":\"D\u00e9sodorisant biologique Bio-Pak avec formule enzymatique\",\"isPartOf\":{\"@id\":\"https:\/\/walexcamper.com\/#website\"},\"primaryImageOfPage\":{\"@id\":\"https:\/\/walexcamper.com\/fr\/produit\/desodorisant-biologique-bio-pak\/#primaryimage\"},\"image\":{\"@id\":\"https:\/\/walexcamper.com\/fr\/produit\/desodorisant-biologique-bio-pak\/#primaryimage\"},\"thumbnailUrl\":\"https:\/\/walexcamper.com\/wp-content\/uploads\/2022\/07\/biological-deodorant-bio-pak-alpine-fresh.jpg\",\"datePublished\":\"2022-07-11T13:45:37+00:00\",\"dateModified\":\"2022-07-14T13:36:10+00:00\",\"description\":\"D\u00e9sodorisant biologique Bio-Pak avec formule enzymatique avanc\u00e9e pour \u00e9liminer les mauvaises odeurs. D\u00e9sodorisant aux enzymes naturelles\",\"breadcrumb\":{\"@id\":\"https:\/\/walexcamper.com\/fr\/produit\/desodorisant-biologique-bio-pak\/#breadcrumb\"},\"inLanguage\":\"fr-FR\",\"potentialAction\":[{\"@type\":\"ReadAction\",\"target\":[\"https:\/\/walexcamper.com\/fr\/produit\/desodorisant-biologique-bio-pak\/\"]}]},{\"@type\":\"ImageObject\",\"inLanguage\":\"fr-FR\",\"@id\":\"https:\/\/walexcamper.com\/fr\/produit\/desodorisant-biologique-bio-pak\/#primaryimage\",\"url\":\"https:\/\/walexcamper.com\/wp-content\/uploads\/2022\/07\/biological-deodorant-bio-pak-alpine-fresh.jpg\",\"contentUrl\":\"https:\/\/walexcamper.com\/wp-content\/uploads\/2022\/07\/biological-deodorant-bio-pak-alpine-fresh.jpg\",\"width\":800,\"height\":764,\"caption\":\"D\u00e9sodorisant biologique\"},{\"@type\":\"BreadcrumbList\",\"@id\":\"https:\/\/walexcamper.com\/fr\/produit\/desodorisant-biologique-bio-pak\/#breadcrumb\",\"itemListElement\":[{\"@type\":\"ListItem\",\"position\":1,\"name\":\"Home\",\"item\":\"https:\/\/walexcamper.com\/fr\/\"},{\"@type\":\"ListItem\",\"position\":2,\"name\":\"Winkel\",\"item\":\"https:\/\/walexcamper.com\/nl\/winkel\/\"},{\"@type\":\"ListItem\",\"position\":3,\"name\":\"Bio-Pak Alpine Fresh\"}]},{\"@type\":\"WebSite\",\"@id\":\"https:\/\/walexcamper.com\/#website\",\"url\":\"https:\/\/walexcamper.com\/\",\"name\":\"walexcamper.com\",\"description\":\"Waste treatment and deodorants for campers\",\"publisher\":{\"@id\":\"https:\/\/walexcamper.com\/#organization\"},\"potentialAction\":[{\"@type\":\"SearchAction\",\"target\":{\"@type\":\"EntryPoint\",\"urlTemplate\":\"https:\/\/walexcamper.com\/?s={search_term_string}\"},\"query-input\":{\"@type\":\"PropertyValueSpecification\",\"valueRequired\":true,\"valueName\":\"search_term_string\"}}],\"inLanguage\":\"fr-FR\"},{\"@type\":\"Organization\",\"@id\":\"https:\/\/walexcamper.com\/#organization\",\"name\":\"WALEX Products Company Europe B.V.\",\"url\":\"https:\/\/walexcamper.com\/\",\"logo\":{\"@type\":\"ImageObject\",\"inLanguage\":\"fr-FR\",\"@id\":\"https:\/\/walexcamper.com\/#\/schema\/logo\/image\/\",\"url\":\"https:\/\/walexcamper.com\/wp-content\/uploads\/2022\/07\/flavicon.png\",\"contentUrl\":\"https:\/\/walexcamper.com\/wp-content\/uploads\/2022\/07\/flavicon.png\",\"width\":512,\"height\":512,\"caption\":\"WALEX Products Company Europe B.V.\"},\"image\":{\"@id\":\"https:\/\/walexcamper.com\/#\/schema\/logo\/image\/\"}}]}<\/script>\n<!-- \/ Yoast SEO plugin. -->","yoast_head_json":{"title":"D\u00e9sodorisant biologique Bio-Pak avec formule enzymatique","description":"D\u00e9sodorisant biologique Bio-Pak avec formule enzymatique avanc\u00e9e pour \u00e9liminer les mauvaises odeurs. D\u00e9sodorisant aux enzymes naturelles","robots":{"index":"index","follow":"follow","max-snippet":"max-snippet:-1","max-image-preview":"max-image-preview:large","max-video-preview":"max-video-preview:-1"},"canonical":"https:\/\/walexcamper.com\/fr\/produit\/desodorisant-biologique-bio-pak\/","og_locale":"fr_FR","og_type":"article","og_title":"D\u00e9sodorisant biologique Bio-Pak avec formule enzymatique","og_description":"D\u00e9sodorisant biologique Bio-Pak avec formule enzymatique avanc\u00e9e pour \u00e9liminer les mauvaises odeurs. D\u00e9sodorisant aux enzymes naturelles","og_url":"https:\/\/walexcamper.com\/fr\/produit\/desodorisant-biologique-bio-pak\/","og_site_name":"walexcamper.com","article_modified_time":"2022-07-14T13:36:10+00:00","og_image":[{"width":800,"height":764,"url":"https:\/\/walexcamper.com\/wp-content\/uploads\/2022\/07\/biological-deodorant-bio-pak-alpine-fresh.jpg","type":"image\/jpeg"}],"twitter_card":"summary_large_image","twitter_misc":{"Dur\u00e9e de lecture estim\u00e9e":"1 minute"},"schema":{"@context":"https:\/\/schema.org","@graph":[{"@type":"WebPage","@id":"https:\/\/walexcamper.com\/fr\/produit\/desodorisant-biologique-bio-pak\/","url":"https:\/\/walexcamper.com\/fr\/produit\/desodorisant-biologique-bio-pak\/","name":"D\u00e9sodorisant biologique Bio-Pak avec formule enzymatique","isPartOf":{"@id":"https:\/\/walexcamper.com\/#website"},"primaryImageOfPage":{"@id":"https:\/\/walexcamper.com\/fr\/produit\/desodorisant-biologique-bio-pak\/#primaryimage"},"image":{"@id":"https:\/\/walexcamper.com\/fr\/produit\/desodorisant-biologique-bio-pak\/#primaryimage"},"thumbnailUrl":"https:\/\/walexcamper.com\/wp-content\/uploads\/2022\/07\/biological-deodorant-bio-pak-alpine-fresh.jpg","datePublished":"2022-07-11T13:45:37+00:00","dateModified":"2022-07-14T13:36:10+00:00","description":"D\u00e9sodorisant biologique Bio-Pak avec formule enzymatique avanc\u00e9e pour \u00e9liminer les mauvaises odeurs. D\u00e9sodorisant aux enzymes naturelles","breadcrumb":{"@id":"https:\/\/walexcamper.com\/fr\/produit\/desodorisant-biologique-bio-pak\/#breadcrumb"},"inLanguage":"fr-FR","potentialAction":[{"@type":"ReadAction","target":["https:\/\/walexcamper.com\/fr\/produit\/desodorisant-biologique-bio-pak\/"]}]},{"@type":"ImageObject","inLanguage":"fr-FR","@id":"https:\/\/walexcamper.com\/fr\/produit\/desodorisant-biologique-bio-pak\/#primaryimage","url":"https:\/\/walexcamper.com\/wp-content\/uploads\/2022\/07\/biological-deodorant-bio-pak-alpine-fresh.jpg","contentUrl":"https:\/\/walexcamper.com\/wp-content\/uploads\/2022\/07\/biological-deodorant-bio-pak-alpine-fresh.jpg","width":800,"height":764,"caption":"D\u00e9sodorisant biologique"},{"@type":"BreadcrumbList","@id":"https:\/\/walexcamper.com\/fr\/produit\/desodorisant-biologique-bio-pak\/#breadcrumb","itemListElement":[{"@type":"ListItem","position":1,"name":"Home","item":"https:\/\/walexcamper.com\/fr\/"},{"@type":"ListItem","position":2,"name":"Winkel","item":"https:\/\/walexcamper.com\/nl\/winkel\/"},{"@type":"ListItem","position":3,"name":"Bio-Pak Alpine Fresh"}]},{"@type":"WebSite","@id":"https:\/\/walexcamper.com\/#website","url":"https:\/\/walexcamper.com\/","name":"walexcamper.com","description":"Waste treatment and deodorants for campers","publisher":{"@id":"https:\/\/walexcamper.com\/#organization"},"potentialAction":[{"@type":"SearchAction","target":{"@type":"EntryPoint","urlTemplate":"https:\/\/walexcamper.com\/?s={search_term_string}"},"query-input":{"@type":"PropertyValueSpecification","valueRequired":true,"valueName":"search_term_string"}}],"inLanguage":"fr-FR"},{"@type":"Organization","@id":"https:\/\/walexcamper.com\/#organization","name":"WALEX Products Company Europe B.V.","url":"https:\/\/walexcamper.com\/","logo":{"@type":"ImageObject","inLanguage":"fr-FR","@id":"https:\/\/walexcamper.com\/#\/schema\/logo\/image\/","url":"https:\/\/walexcamper.com\/wp-content\/uploads\/2022\/07\/flavicon.png","contentUrl":"https:\/\/walexcamper.com\/wp-content\/uploads\/2022\/07\/flavicon.png","width":512,"height":512,"caption":"WALEX Products Company Europe B.V."},"image":{"@id":"https:\/\/walexcamper.com\/#\/schema\/logo\/image\/"}}]}},"_links":{"self":[{"href":"https:\/\/walexcamper.com\/fr\/wp-json\/wp\/v2\/product\/568","targetHints":{"allow":["GET"]}}],"collection":[{"href":"https:\/\/walexcamper.com\/fr\/wp-json\/wp\/v2\/product"}],"about":[{"href":"https:\/\/walexcamper.com\/fr\/wp-json\/wp\/v2\/types\/product"}],"replies":[{"embeddable":true,"href":"https:\/\/walexcamper.com\/fr\/wp-json\/wp\/v2\/comments?post=568"}],"wp:featuredmedia":[{"embeddable":true,"href":"https:\/\/walexcamper.com\/fr\/wp-json\/wp\/v2\/media\/145"}],"wp:attachment":[{"href":"https:\/\/walexcamper.com\/fr\/wp-json\/wp\/v2\/media?parent=568"}],"wp:term":[{"taxonomy":"product_brand","embeddable":true,"href":"https:\/\/walexcamper.com\/fr\/wp-json\/wp\/v2\/product_brand?post=568"},{"taxonomy":"product_cat","embeddable":true,"href":"https:\/\/walexcamper.com\/fr\/wp-json\/wp\/v2\/product_cat?post=568"},{"taxonomy":"product_tag","embeddable":true,"href":"https:\/\/walexcamper.com\/fr\/wp-json\/wp\/v2\/product_tag?post=568"}],"curies":[{"name":"wp","href":"https:\/\/api.w.org\/{rel}","templated":true}]}}