{"id":597,"date":"2022-07-11T12:12:02","date_gmt":"2022-07-11T12:12:02","guid":{"rendered":"https:\/\/walexcamper.com\/product\/porta-pak-fresh-scent\/"},"modified":"2022-07-15T13:24:59","modified_gmt":"2022-07-15T13:24:59","slug":"porta-pak-fresh-scent","status":"publish","type":"product","link":"https:\/\/walexcamper.com\/fr\/produit\/porta-pak-fresh-scent\/","title":{"rendered":"Porta-Pak Fresh Scent"},"content":{"rendered":"<p>Porta-Pak Fresh Scent, le d\u00e9odorant de toilettes le plus vendu pour les camping-cars, les bus et les bateaux aux \u00c9tats-Unis et en Australie.<br \/>\nLes sachets solubles dans l&#8217;eau pr\u00e9emball\u00e9s contr\u00f4lent les odeurs, d\u00e9composent les d\u00e9chets et le papier et lubrifient les vannes et les joints.<br \/>\nD\u00e9compose le papier toilette, \u00e9liminant ainsi le besoin de papier toilette sp\u00e9cial!<\/p>\n<p>\u00c9limine les mauvaises odeurs et d\u00e9compose les d\u00e9chets et le papier.<br \/>\nProduit le plus vendu aux \u00c9tats-Unis et en Australie<br \/>\nSans danger pour les fosses septiques<br \/>\nLe d\u00e9odorant le plus performant au meilleur prix!<\/p>\n","protected":false},"excerpt":{"rendered":"<p>Porta-Pak Fresh Scent, le traitement des d\u00e9chets et d\u00e9odorant le plus vendu pour les camping-cars aux \u00c9tats-Unis et en Australie.<\/p>\n","protected":false},"featured_media":136,"comment_status":"open","ping_status":"closed","template":"","meta":[],"product_brand":[],"product_cat":[57],"product_tag":[],"class_list":{"0":"post-597","1":"product","2":"type-product","3":"status-publish","4":"has-post-thumbnail","6":"product_cat-porta-pak-sachets-de-poudre","8":"first","9":"instock","10":"taxable","11":"shipping-taxable","12":"purchasable","13":"product-type-simple"},"yoast_head":"<!-- This site is optimized with the Yoast SEO plugin v24.7 - https:\/\/yoast.com\/wordpress\/plugins\/seo\/ -->\n<title>Porta-Pak Fresh Scent, d\u00e9odorant de toilette pour les camping-cars<\/title>\n<meta name=\"description\" content=\"Porta-Pak Fresh Scent, d\u00e9odorant de toilette pour cassette de toilette dans les camping-cars, caravanes et bateaux D\u00e9compose le papier toilette, \u00e9liminant ainsi le besoin de papier toilette sp\u00e9cial!\" \/>\n<meta name=\"robots\" content=\"index, follow, max-snippet:-1, max-image-preview:large, max-video-preview:-1\" \/>\n<link rel=\"canonical\" href=\"https:\/\/walexcamper.com\/fr\/produit\/porta-pak-fresh-scent\/\" \/>\n<meta property=\"og:locale\" content=\"fr_FR\" \/>\n<meta property=\"og:type\" content=\"article\" \/>\n<meta property=\"og:title\" content=\"Porta-Pak Fresh Scent, d\u00e9odorant de toilette pour les camping-cars\" \/>\n<meta property=\"og:description\" content=\"Porta-Pak Fresh Scent, d\u00e9odorant de toilette pour cassette de toilette dans les camping-cars, caravanes et bateaux D\u00e9compose le papier toilette, \u00e9liminant ainsi le besoin de papier toilette sp\u00e9cial!\" \/>\n<meta property=\"og:url\" content=\"https:\/\/walexcamper.com\/fr\/produit\/porta-pak-fresh-scent\/\" \/>\n<meta property=\"og:site_name\" content=\"walexcamper.com\" \/>\n<meta property=\"article:modified_time\" content=\"2022-07-15T13:24:59+00:00\" \/>\n<meta property=\"og:image\" content=\"https:\/\/walexcamper.com\/wp-content\/uploads\/2022\/07\/waste-tank-deodorizer-porta-pak.jpg\" \/>\n\t<meta property=\"og:image:width\" content=\"800\" \/>\n\t<meta property=\"og:image:height\" content=\"764\" \/>\n\t<meta property=\"og:image:type\" content=\"image\/jpeg\" \/>\n<meta name=\"twitter:card\" content=\"summary_large_image\" \/>\n<meta name=\"twitter:label1\" content=\"Dur\u00e9e de lecture estim\u00e9e\" \/>\n\t<meta name=\"twitter:data1\" content=\"1 minute\" \/>\n<script type=\"application\/ld+json\" class=\"yoast-schema-graph\">{\"@context\":\"https:\/\/schema.org\",\"@graph\":[{\"@type\":\"WebPage\",\"@id\":\"https:\/\/walexcamper.com\/fr\/produit\/porta-pak-fresh-scent\/\",\"url\":\"https:\/\/walexcamper.com\/fr\/produit\/porta-pak-fresh-scent\/\",\"name\":\"Porta-Pak Fresh Scent, d\u00e9odorant de toilette pour les camping-cars\",\"isPartOf\":{\"@id\":\"https:\/\/walexcamper.com\/#website\"},\"primaryImageOfPage\":{\"@id\":\"https:\/\/walexcamper.com\/fr\/produit\/porta-pak-fresh-scent\/#primaryimage\"},\"image\":{\"@id\":\"https:\/\/walexcamper.com\/fr\/produit\/porta-pak-fresh-scent\/#primaryimage\"},\"thumbnailUrl\":\"https:\/\/walexcamper.com\/wp-content\/uploads\/2022\/07\/waste-tank-deodorizer-porta-pak.jpg\",\"datePublished\":\"2022-07-11T12:12:02+00:00\",\"dateModified\":\"2022-07-15T13:24:59+00:00\",\"description\":\"Porta-Pak Fresh Scent, d\u00e9odorant de toilette pour cassette de toilette dans les camping-cars, caravanes et bateaux D\u00e9compose le papier toilette, \u00e9liminant ainsi le besoin de papier toilette sp\u00e9cial!\",\"breadcrumb\":{\"@id\":\"https:\/\/walexcamper.com\/fr\/produit\/porta-pak-fresh-scent\/#breadcrumb\"},\"inLanguage\":\"fr-FR\",\"potentialAction\":[{\"@type\":\"ReadAction\",\"target\":[\"https:\/\/walexcamper.com\/fr\/produit\/porta-pak-fresh-scent\/\"]}]},{\"@type\":\"ImageObject\",\"inLanguage\":\"fr-FR\",\"@id\":\"https:\/\/walexcamper.com\/fr\/produit\/porta-pak-fresh-scent\/#primaryimage\",\"url\":\"https:\/\/walexcamper.com\/wp-content\/uploads\/2022\/07\/waste-tank-deodorizer-porta-pak.jpg\",\"contentUrl\":\"https:\/\/walexcamper.com\/wp-content\/uploads\/2022\/07\/waste-tank-deodorizer-porta-pak.jpg\",\"width\":800,\"height\":764,\"caption\":\"porta-pak\"},{\"@type\":\"BreadcrumbList\",\"@id\":\"https:\/\/walexcamper.com\/fr\/produit\/porta-pak-fresh-scent\/#breadcrumb\",\"itemListElement\":[{\"@type\":\"ListItem\",\"position\":1,\"name\":\"Home\",\"item\":\"https:\/\/walexcamper.com\/fr\/\"},{\"@type\":\"ListItem\",\"position\":2,\"name\":\"Winkel\",\"item\":\"https:\/\/walexcamper.com\/nl\/winkel\/\"},{\"@type\":\"ListItem\",\"position\":3,\"name\":\"Porta-Pak Fresh Scent\"}]},{\"@type\":\"WebSite\",\"@id\":\"https:\/\/walexcamper.com\/#website\",\"url\":\"https:\/\/walexcamper.com\/\",\"name\":\"walexcamper.com\",\"description\":\"Waste treatment and deodorants for campers\",\"publisher\":{\"@id\":\"https:\/\/walexcamper.com\/#organization\"},\"potentialAction\":[{\"@type\":\"SearchAction\",\"target\":{\"@type\":\"EntryPoint\",\"urlTemplate\":\"https:\/\/walexcamper.com\/?s={search_term_string}\"},\"query-input\":{\"@type\":\"PropertyValueSpecification\",\"valueRequired\":true,\"valueName\":\"search_term_string\"}}],\"inLanguage\":\"fr-FR\"},{\"@type\":\"Organization\",\"@id\":\"https:\/\/walexcamper.com\/#organization\",\"name\":\"WALEX Products Company Europe B.V.\",\"url\":\"https:\/\/walexcamper.com\/\",\"logo\":{\"@type\":\"ImageObject\",\"inLanguage\":\"fr-FR\",\"@id\":\"https:\/\/walexcamper.com\/#\/schema\/logo\/image\/\",\"url\":\"https:\/\/walexcamper.com\/wp-content\/uploads\/2022\/07\/flavicon.png\",\"contentUrl\":\"https:\/\/walexcamper.com\/wp-content\/uploads\/2022\/07\/flavicon.png\",\"width\":512,\"height\":512,\"caption\":\"WALEX Products Company Europe B.V.\"},\"image\":{\"@id\":\"https:\/\/walexcamper.com\/#\/schema\/logo\/image\/\"}}]}<\/script>\n<!-- \/ Yoast SEO plugin. -->","yoast_head_json":{"title":"Porta-Pak Fresh Scent, d\u00e9odorant de toilette pour les camping-cars","description":"Porta-Pak Fresh Scent, d\u00e9odorant de toilette pour cassette de toilette dans les camping-cars, caravanes et bateaux D\u00e9compose le papier toilette, \u00e9liminant ainsi le besoin de papier toilette sp\u00e9cial!","robots":{"index":"index","follow":"follow","max-snippet":"max-snippet:-1","max-image-preview":"max-image-preview:large","max-video-preview":"max-video-preview:-1"},"canonical":"https:\/\/walexcamper.com\/fr\/produit\/porta-pak-fresh-scent\/","og_locale":"fr_FR","og_type":"article","og_title":"Porta-Pak Fresh Scent, d\u00e9odorant de toilette pour les camping-cars","og_description":"Porta-Pak Fresh Scent, d\u00e9odorant de toilette pour cassette de toilette dans les camping-cars, caravanes et bateaux D\u00e9compose le papier toilette, \u00e9liminant ainsi le besoin de papier toilette sp\u00e9cial!","og_url":"https:\/\/walexcamper.com\/fr\/produit\/porta-pak-fresh-scent\/","og_site_name":"walexcamper.com","article_modified_time":"2022-07-15T13:24:59+00:00","og_image":[{"width":800,"height":764,"url":"https:\/\/walexcamper.com\/wp-content\/uploads\/2022\/07\/waste-tank-deodorizer-porta-pak.jpg","type":"image\/jpeg"}],"twitter_card":"summary_large_image","twitter_misc":{"Dur\u00e9e de lecture estim\u00e9e":"1 minute"},"schema":{"@context":"https:\/\/schema.org","@graph":[{"@type":"WebPage","@id":"https:\/\/walexcamper.com\/fr\/produit\/porta-pak-fresh-scent\/","url":"https:\/\/walexcamper.com\/fr\/produit\/porta-pak-fresh-scent\/","name":"Porta-Pak Fresh Scent, d\u00e9odorant de toilette pour les camping-cars","isPartOf":{"@id":"https:\/\/walexcamper.com\/#website"},"primaryImageOfPage":{"@id":"https:\/\/walexcamper.com\/fr\/produit\/porta-pak-fresh-scent\/#primaryimage"},"image":{"@id":"https:\/\/walexcamper.com\/fr\/produit\/porta-pak-fresh-scent\/#primaryimage"},"thumbnailUrl":"https:\/\/walexcamper.com\/wp-content\/uploads\/2022\/07\/waste-tank-deodorizer-porta-pak.jpg","datePublished":"2022-07-11T12:12:02+00:00","dateModified":"2022-07-15T13:24:59+00:00","description":"Porta-Pak Fresh Scent, d\u00e9odorant de toilette pour cassette de toilette dans les camping-cars, caravanes et bateaux D\u00e9compose le papier toilette, \u00e9liminant ainsi le besoin de papier toilette sp\u00e9cial!","breadcrumb":{"@id":"https:\/\/walexcamper.com\/fr\/produit\/porta-pak-fresh-scent\/#breadcrumb"},"inLanguage":"fr-FR","potentialAction":[{"@type":"ReadAction","target":["https:\/\/walexcamper.com\/fr\/produit\/porta-pak-fresh-scent\/"]}]},{"@type":"ImageObject","inLanguage":"fr-FR","@id":"https:\/\/walexcamper.com\/fr\/produit\/porta-pak-fresh-scent\/#primaryimage","url":"https:\/\/walexcamper.com\/wp-content\/uploads\/2022\/07\/waste-tank-deodorizer-porta-pak.jpg","contentUrl":"https:\/\/walexcamper.com\/wp-content\/uploads\/2022\/07\/waste-tank-deodorizer-porta-pak.jpg","width":800,"height":764,"caption":"porta-pak"},{"@type":"BreadcrumbList","@id":"https:\/\/walexcamper.com\/fr\/produit\/porta-pak-fresh-scent\/#breadcrumb","itemListElement":[{"@type":"ListItem","position":1,"name":"Home","item":"https:\/\/walexcamper.com\/fr\/"},{"@type":"ListItem","position":2,"name":"Winkel","item":"https:\/\/walexcamper.com\/nl\/winkel\/"},{"@type":"ListItem","position":3,"name":"Porta-Pak Fresh Scent"}]},{"@type":"WebSite","@id":"https:\/\/walexcamper.com\/#website","url":"https:\/\/walexcamper.com\/","name":"walexcamper.com","description":"Waste treatment and deodorants for campers","publisher":{"@id":"https:\/\/walexcamper.com\/#organization"},"potentialAction":[{"@type":"SearchAction","target":{"@type":"EntryPoint","urlTemplate":"https:\/\/walexcamper.com\/?s={search_term_string}"},"query-input":{"@type":"PropertyValueSpecification","valueRequired":true,"valueName":"search_term_string"}}],"inLanguage":"fr-FR"},{"@type":"Organization","@id":"https:\/\/walexcamper.com\/#organization","name":"WALEX Products Company Europe B.V.","url":"https:\/\/walexcamper.com\/","logo":{"@type":"ImageObject","inLanguage":"fr-FR","@id":"https:\/\/walexcamper.com\/#\/schema\/logo\/image\/","url":"https:\/\/walexcamper.com\/wp-content\/uploads\/2022\/07\/flavicon.png","contentUrl":"https:\/\/walexcamper.com\/wp-content\/uploads\/2022\/07\/flavicon.png","width":512,"height":512,"caption":"WALEX Products Company Europe B.V."},"image":{"@id":"https:\/\/walexcamper.com\/#\/schema\/logo\/image\/"}}]}},"_links":{"self":[{"href":"https:\/\/walexcamper.com\/fr\/wp-json\/wp\/v2\/product\/597","targetHints":{"allow":["GET"]}}],"collection":[{"href":"https:\/\/walexcamper.com\/fr\/wp-json\/wp\/v2\/product"}],"about":[{"href":"https:\/\/walexcamper.com\/fr\/wp-json\/wp\/v2\/types\/product"}],"replies":[{"embeddable":true,"href":"https:\/\/walexcamper.com\/fr\/wp-json\/wp\/v2\/comments?post=597"}],"wp:featuredmedia":[{"embeddable":true,"href":"https:\/\/walexcamper.com\/fr\/wp-json\/wp\/v2\/media\/136"}],"wp:attachment":[{"href":"https:\/\/walexcamper.com\/fr\/wp-json\/wp\/v2\/media?parent=597"}],"wp:term":[{"taxonomy":"product_brand","embeddable":true,"href":"https:\/\/walexcamper.com\/fr\/wp-json\/wp\/v2\/product_brand?post=597"},{"taxonomy":"product_cat","embeddable":true,"href":"https:\/\/walexcamper.com\/fr\/wp-json\/wp\/v2\/product_cat?post=597"},{"taxonomy":"product_tag","embeddable":true,"href":"https:\/\/walexcamper.com\/fr\/wp-json\/wp\/v2\/product_tag?post=597"}],"curies":[{"name":"wp","href":"https:\/\/api.w.org\/{rel}","templated":true}]}}