{"id":619,"date":"2022-07-19T11:15:05","date_gmt":"2022-07-19T11:15:05","guid":{"rendered":"https:\/\/walexcamper.com\/product\/odour-eliminator-assure\/"},"modified":"2022-08-09T11:53:42","modified_gmt":"2022-08-09T11:53:42","slug":"spray-parfume-assure","status":"publish","type":"product","link":"https:\/\/walexcamper.com\/fr\/produit\/spray-parfume-assure\/","title":{"rendered":"Spray parfum\u00e9 Assure"},"content":{"rendered":"<p>Le spray parfum\u00e9 Assure d\u00e9truit les mol\u00e9cules odorantes au contact, aussi bien dans l&#8217;air que sur les tissus. \u00c0 utiliser sur les canap\u00e9s, les chaises, les tapis et autres surfaces en tissu. Laisse la zone avec un parfum frais qui dure.<\/p>\n<p>Sp\u00e9cialement con\u00e7u pour lutter contre les odeurs d&#8217;animaux domestiques, de d\u00e9chets et de salle de bain les plus tenaces. \u00c9galement id\u00e9al pour \u00e9liminer la fum\u00e9e, la moisissure et la moisissure, ou partout o\u00f9 une odeur naus\u00e9abonde est pr\u00e9sente. Sans danger pour une utilisation autour des chiens et des chats.<\/p>\n<p>Contient des huiles essentielles naturelles<br \/>\n\u00b7 N&#8217;obstrue pas l&#8217;embout buccal<br \/>\n\u00b7 Non toxique<br \/>\n\u00b7 \u00c9cologique<\/p>\n<p>&nbsp;<\/p>\n","protected":false},"excerpt":{"rendered":"<p>Spray parfum\u00e9 pour camping-car et caravane. \u00c0 utiliser sur les canap\u00e9s, les chaises, les tapis et autres surfaces en tissu. Sans danger pour une utilisation autour des chiens et des chats.<\/p>\n","protected":false},"featured_media":612,"comment_status":"open","ping_status":"closed","template":"","meta":[],"product_brand":[],"product_cat":[78],"product_tag":[],"class_list":{"0":"post-619","1":"product","2":"type-product","3":"status-publish","4":"has-post-thumbnail","6":"product_cat-desodorisants","8":"first","9":"instock","10":"taxable","11":"shipping-taxable","12":"purchasable","13":"product-type-simple"},"yoast_head":"<!-- This site is optimized with the Yoast SEO plugin v24.7 - https:\/\/yoast.com\/wordpress\/plugins\/seo\/ -->\n<title>Spray parfum\u00e9 Assure<\/title>\n<meta name=\"description\" content=\"Spray parfum\u00e9 pour camping-car. \u00c0 utiliser sur les canap\u00e9s, les chaises, les tapis et autres surfaces en tissu. Sans danger pour des chiens et des chats.\" \/>\n<meta name=\"robots\" content=\"index, follow, max-snippet:-1, max-image-preview:large, max-video-preview:-1\" \/>\n<link rel=\"canonical\" href=\"https:\/\/walexcamper.com\/fr\/produit\/spray-parfume-assure\/\" \/>\n<meta property=\"og:locale\" content=\"fr_FR\" \/>\n<meta property=\"og:type\" content=\"article\" \/>\n<meta property=\"og:title\" content=\"Spray parfum\u00e9 Assure\" \/>\n<meta property=\"og:description\" content=\"Spray parfum\u00e9 pour camping-car. \u00c0 utiliser sur les canap\u00e9s, les chaises, les tapis et autres surfaces en tissu. Sans danger pour des chiens et des chats.\" \/>\n<meta property=\"og:url\" content=\"https:\/\/walexcamper.com\/fr\/produit\/spray-parfume-assure\/\" \/>\n<meta property=\"og:site_name\" content=\"walexcamper.com\" \/>\n<meta property=\"article:modified_time\" content=\"2022-08-09T11:53:42+00:00\" \/>\n<meta property=\"og:image\" content=\"https:\/\/walexcamper.com\/wp-content\/uploads\/2022\/07\/odour-eliminator.jpg\" \/>\n\t<meta property=\"og:image:width\" content=\"600\" \/>\n\t<meta property=\"og:image:height\" content=\"544\" \/>\n\t<meta property=\"og:image:type\" content=\"image\/jpeg\" \/>\n<meta name=\"twitter:card\" content=\"summary_large_image\" \/>\n<meta name=\"twitter:label1\" content=\"Dur\u00e9e de lecture estim\u00e9e\" \/>\n\t<meta name=\"twitter:data1\" content=\"1 minute\" \/>\n<script type=\"application\/ld+json\" class=\"yoast-schema-graph\">{\"@context\":\"https:\/\/schema.org\",\"@graph\":[{\"@type\":\"WebPage\",\"@id\":\"https:\/\/walexcamper.com\/fr\/produit\/spray-parfume-assure\/\",\"url\":\"https:\/\/walexcamper.com\/fr\/produit\/spray-parfume-assure\/\",\"name\":\"Spray parfum\u00e9 Assure\",\"isPartOf\":{\"@id\":\"https:\/\/walexcamper.com\/#website\"},\"primaryImageOfPage\":{\"@id\":\"https:\/\/walexcamper.com\/fr\/produit\/spray-parfume-assure\/#primaryimage\"},\"image\":{\"@id\":\"https:\/\/walexcamper.com\/fr\/produit\/spray-parfume-assure\/#primaryimage\"},\"thumbnailUrl\":\"https:\/\/walexcamper.com\/wp-content\/uploads\/2022\/07\/odour-eliminator.jpg\",\"datePublished\":\"2022-07-19T11:15:05+00:00\",\"dateModified\":\"2022-08-09T11:53:42+00:00\",\"description\":\"Spray parfum\u00e9 pour camping-car. \u00c0 utiliser sur les canap\u00e9s, les chaises, les tapis et autres surfaces en tissu. Sans danger pour des chiens et des chats.\",\"breadcrumb\":{\"@id\":\"https:\/\/walexcamper.com\/fr\/produit\/spray-parfume-assure\/#breadcrumb\"},\"inLanguage\":\"fr-FR\",\"potentialAction\":[{\"@type\":\"ReadAction\",\"target\":[\"https:\/\/walexcamper.com\/fr\/produit\/spray-parfume-assure\/\"]}]},{\"@type\":\"ImageObject\",\"inLanguage\":\"fr-FR\",\"@id\":\"https:\/\/walexcamper.com\/fr\/produit\/spray-parfume-assure\/#primaryimage\",\"url\":\"https:\/\/walexcamper.com\/wp-content\/uploads\/2022\/07\/odour-eliminator.jpg\",\"contentUrl\":\"https:\/\/walexcamper.com\/wp-content\/uploads\/2022\/07\/odour-eliminator.jpg\",\"width\":600,\"height\":544,\"caption\":\"Spray parfum\u00e9\"},{\"@type\":\"BreadcrumbList\",\"@id\":\"https:\/\/walexcamper.com\/fr\/produit\/spray-parfume-assure\/#breadcrumb\",\"itemListElement\":[{\"@type\":\"ListItem\",\"position\":1,\"name\":\"Home\",\"item\":\"https:\/\/walexcamper.com\/fr\/\"},{\"@type\":\"ListItem\",\"position\":2,\"name\":\"Winkel\",\"item\":\"https:\/\/walexcamper.com\/nl\/winkel\/\"},{\"@type\":\"ListItem\",\"position\":3,\"name\":\"Spray parfum\u00e9 Assure\"}]},{\"@type\":\"WebSite\",\"@id\":\"https:\/\/walexcamper.com\/#website\",\"url\":\"https:\/\/walexcamper.com\/\",\"name\":\"walexcamper.com\",\"description\":\"Waste treatment and deodorants for campers\",\"publisher\":{\"@id\":\"https:\/\/walexcamper.com\/#organization\"},\"potentialAction\":[{\"@type\":\"SearchAction\",\"target\":{\"@type\":\"EntryPoint\",\"urlTemplate\":\"https:\/\/walexcamper.com\/?s={search_term_string}\"},\"query-input\":{\"@type\":\"PropertyValueSpecification\",\"valueRequired\":true,\"valueName\":\"search_term_string\"}}],\"inLanguage\":\"fr-FR\"},{\"@type\":\"Organization\",\"@id\":\"https:\/\/walexcamper.com\/#organization\",\"name\":\"WALEX Products Company Europe B.V.\",\"url\":\"https:\/\/walexcamper.com\/\",\"logo\":{\"@type\":\"ImageObject\",\"inLanguage\":\"fr-FR\",\"@id\":\"https:\/\/walexcamper.com\/#\/schema\/logo\/image\/\",\"url\":\"https:\/\/walexcamper.com\/wp-content\/uploads\/2022\/07\/flavicon.png\",\"contentUrl\":\"https:\/\/walexcamper.com\/wp-content\/uploads\/2022\/07\/flavicon.png\",\"width\":512,\"height\":512,\"caption\":\"WALEX Products Company Europe B.V.\"},\"image\":{\"@id\":\"https:\/\/walexcamper.com\/#\/schema\/logo\/image\/\"}}]}<\/script>\n<!-- \/ Yoast SEO plugin. -->","yoast_head_json":{"title":"Spray parfum\u00e9 Assure","description":"Spray parfum\u00e9 pour camping-car. \u00c0 utiliser sur les canap\u00e9s, les chaises, les tapis et autres surfaces en tissu. Sans danger pour des chiens et des chats.","robots":{"index":"index","follow":"follow","max-snippet":"max-snippet:-1","max-image-preview":"max-image-preview:large","max-video-preview":"max-video-preview:-1"},"canonical":"https:\/\/walexcamper.com\/fr\/produit\/spray-parfume-assure\/","og_locale":"fr_FR","og_type":"article","og_title":"Spray parfum\u00e9 Assure","og_description":"Spray parfum\u00e9 pour camping-car. \u00c0 utiliser sur les canap\u00e9s, les chaises, les tapis et autres surfaces en tissu. Sans danger pour des chiens et des chats.","og_url":"https:\/\/walexcamper.com\/fr\/produit\/spray-parfume-assure\/","og_site_name":"walexcamper.com","article_modified_time":"2022-08-09T11:53:42+00:00","og_image":[{"width":600,"height":544,"url":"https:\/\/walexcamper.com\/wp-content\/uploads\/2022\/07\/odour-eliminator.jpg","type":"image\/jpeg"}],"twitter_card":"summary_large_image","twitter_misc":{"Dur\u00e9e de lecture estim\u00e9e":"1 minute"},"schema":{"@context":"https:\/\/schema.org","@graph":[{"@type":"WebPage","@id":"https:\/\/walexcamper.com\/fr\/produit\/spray-parfume-assure\/","url":"https:\/\/walexcamper.com\/fr\/produit\/spray-parfume-assure\/","name":"Spray parfum\u00e9 Assure","isPartOf":{"@id":"https:\/\/walexcamper.com\/#website"},"primaryImageOfPage":{"@id":"https:\/\/walexcamper.com\/fr\/produit\/spray-parfume-assure\/#primaryimage"},"image":{"@id":"https:\/\/walexcamper.com\/fr\/produit\/spray-parfume-assure\/#primaryimage"},"thumbnailUrl":"https:\/\/walexcamper.com\/wp-content\/uploads\/2022\/07\/odour-eliminator.jpg","datePublished":"2022-07-19T11:15:05+00:00","dateModified":"2022-08-09T11:53:42+00:00","description":"Spray parfum\u00e9 pour camping-car. \u00c0 utiliser sur les canap\u00e9s, les chaises, les tapis et autres surfaces en tissu. Sans danger pour des chiens et des chats.","breadcrumb":{"@id":"https:\/\/walexcamper.com\/fr\/produit\/spray-parfume-assure\/#breadcrumb"},"inLanguage":"fr-FR","potentialAction":[{"@type":"ReadAction","target":["https:\/\/walexcamper.com\/fr\/produit\/spray-parfume-assure\/"]}]},{"@type":"ImageObject","inLanguage":"fr-FR","@id":"https:\/\/walexcamper.com\/fr\/produit\/spray-parfume-assure\/#primaryimage","url":"https:\/\/walexcamper.com\/wp-content\/uploads\/2022\/07\/odour-eliminator.jpg","contentUrl":"https:\/\/walexcamper.com\/wp-content\/uploads\/2022\/07\/odour-eliminator.jpg","width":600,"height":544,"caption":"Spray parfum\u00e9"},{"@type":"BreadcrumbList","@id":"https:\/\/walexcamper.com\/fr\/produit\/spray-parfume-assure\/#breadcrumb","itemListElement":[{"@type":"ListItem","position":1,"name":"Home","item":"https:\/\/walexcamper.com\/fr\/"},{"@type":"ListItem","position":2,"name":"Winkel","item":"https:\/\/walexcamper.com\/nl\/winkel\/"},{"@type":"ListItem","position":3,"name":"Spray parfum\u00e9 Assure"}]},{"@type":"WebSite","@id":"https:\/\/walexcamper.com\/#website","url":"https:\/\/walexcamper.com\/","name":"walexcamper.com","description":"Waste treatment and deodorants for campers","publisher":{"@id":"https:\/\/walexcamper.com\/#organization"},"potentialAction":[{"@type":"SearchAction","target":{"@type":"EntryPoint","urlTemplate":"https:\/\/walexcamper.com\/?s={search_term_string}"},"query-input":{"@type":"PropertyValueSpecification","valueRequired":true,"valueName":"search_term_string"}}],"inLanguage":"fr-FR"},{"@type":"Organization","@id":"https:\/\/walexcamper.com\/#organization","name":"WALEX Products Company Europe B.V.","url":"https:\/\/walexcamper.com\/","logo":{"@type":"ImageObject","inLanguage":"fr-FR","@id":"https:\/\/walexcamper.com\/#\/schema\/logo\/image\/","url":"https:\/\/walexcamper.com\/wp-content\/uploads\/2022\/07\/flavicon.png","contentUrl":"https:\/\/walexcamper.com\/wp-content\/uploads\/2022\/07\/flavicon.png","width":512,"height":512,"caption":"WALEX Products Company Europe B.V."},"image":{"@id":"https:\/\/walexcamper.com\/#\/schema\/logo\/image\/"}}]}},"_links":{"self":[{"href":"https:\/\/walexcamper.com\/fr\/wp-json\/wp\/v2\/product\/619","targetHints":{"allow":["GET"]}}],"collection":[{"href":"https:\/\/walexcamper.com\/fr\/wp-json\/wp\/v2\/product"}],"about":[{"href":"https:\/\/walexcamper.com\/fr\/wp-json\/wp\/v2\/types\/product"}],"replies":[{"embeddable":true,"href":"https:\/\/walexcamper.com\/fr\/wp-json\/wp\/v2\/comments?post=619"}],"wp:featuredmedia":[{"embeddable":true,"href":"https:\/\/walexcamper.com\/fr\/wp-json\/wp\/v2\/media\/612"}],"wp:attachment":[{"href":"https:\/\/walexcamper.com\/fr\/wp-json\/wp\/v2\/media?parent=619"}],"wp:term":[{"taxonomy":"product_brand","embeddable":true,"href":"https:\/\/walexcamper.com\/fr\/wp-json\/wp\/v2\/product_brand?post=619"},{"taxonomy":"product_cat","embeddable":true,"href":"https:\/\/walexcamper.com\/fr\/wp-json\/wp\/v2\/product_cat?post=619"},{"taxonomy":"product_tag","embeddable":true,"href":"https:\/\/walexcamper.com\/fr\/wp-json\/wp\/v2\/product_tag?post=619"}],"curies":[{"name":"wp","href":"https:\/\/api.w.org\/{rel}","templated":true}]}}